{"id":12438,"date":"2026-01-22T21:53:15","date_gmt":"2026-01-22T20:53:15","guid":{"rendered":"https:\/\/www.ngdcare.nl\/product\/unkategorisiert\/sanfter-parasitenschutz\/"},"modified":"2026-04-09T14:11:13","modified_gmt":"2026-04-09T12:11:13","slug":"sanfter-parasitenschutz","status":"publish","type":"product","link":"https:\/\/www.ngdcare.nl\/de\/product\/veterinary-health\/aromatherapie-de\/sanfter-parasitenschutz\/","title":{"rendered":"Parasitenschutz \u2013 Sanft"},"content":{"rendered":"<p data-start=\"5100\" data-end=\"5375\"><strong data-start=\"5100\" data-end=\"5126\">Gentle Parasite Guard<\/strong> wurde speziell f\u00fcr Katzen entwickelt, die empfindlicher auf viele Kr\u00e4uter und \u00e4therische \u00d6le reagieren. Diese Formel kombiniert <strong data-start=\"5246\" data-end=\"5301\">Pumpkern\u00f6l, Quassia-Extrakt und Olivenblattextrakt<\/strong> mit extrem niedrigen, sicheren Mikrodosen von <strong data-start=\"5344\" data-end=\"5374\">Lavendel- und r\u00f6mischen Kamillen\u00f6len<\/strong>. <\/p>\n<p data-start=\"5377\" data-end=\"5628\">Die Inhaltsstoffe unterst\u00fctzen sanft das Darmumfeld und sind f\u00fcr eine langfristige oder wiederholte Anwendung geeignet. Gentle Parasite Guard ist ideal f\u00fcr empfindliche Katzen, K\u00e4tzchen (&gt;10 Wochen) und Katzen, die chemische Entwurmungsmittel nicht gut vertragen. Welpen und empfindliche Hunde, bei denen der Intense Parasite Guard zu schwer ist, reagieren ebenfalls gut darauf.  <\/p>\n<ul>\n<li data-start=\"1408\" data-end=\"1515\"><strong data-start=\"1408\" data-end=\"1426\">K\u00fcrbiskern\u00f6l<\/strong> unterst\u00fctzt die Darmfunktion und tr\u00e4gt zu einer weniger g\u00fcnstigen Umgebung f\u00fcr W\u00fcrmer bei.<\/li>\n<li data-start=\"1518\" data-end=\"1626\"><strong data-start=\"1518\" data-end=\"1537\">Quassia-Extrakt<\/strong> liefert bittere Substanzen, die die Verdauung unterst\u00fctzen und das Darmumfeld beeinflussen.<\/li>\n<li data-start=\"1629\" data-end=\"1706\"><strong data-start=\"1629\" data-end=\"1649\">Olivenblattextrakt<\/strong> hilft, das mikrobielle Gleichgewicht im Darm zu unterst\u00fctzen.<\/li>\n<li data-start=\"1709\" data-end=\"1812\"><strong data-start=\"1709\" data-end=\"1755\">Lavendel und r\u00f6mische Kamille (Mikrodosen)<\/strong> tragen zu einer ruhigen, gut vertr\u00e4glichen Formel bei.<\/li>\n<\/ul>\n<p data-start=\"5630\" data-end=\"5750\">Das \u00d6l kann sicher mit <strong data-start=\"5673\" data-end=\"5705\"><a href=\"https:\/\/www.ngdcare.nl\/de\/product\/orthomolekulare-nahrungserganzungsmittel\/para-clean\/\">Para Clean<\/a><\/strong> kombiniert werden, um eine breitere integrative Unterst\u00fctzung zu gew\u00e4hrleisten.<\/p>\n","protected":false},"excerpt":{"rendered":"<p class=\"p1\">Gentle Parasite Guard ist ein mildes, vollst\u00e4ndig katzensicheres \u00d6l zur Unterst\u00fctzung des Darmgleichgewichts bei Katzen mit parasit\u00e4rem Druck, wie W\u00fcrmern und Giardia. Die Formel enth\u00e4lt keine aggressiven \u00e4therischen \u00d6le und ist auf den einzigartigen Stoffwechsel der Katzen zugeschnitten. <\/p>\n","protected":false},"featured_media":12440,"comment_status":"open","ping_status":"closed","template":"","meta":{"wds_primary_product_brand":0,"wds_primary_product_cat":0,"wds_primary_merken":0},"product_brand":[],"product_cat":[668],"product_tag":[6463,6458,6462,6460,6465,1016,6455,6456],"merken":[],"class_list":{"0":"post-12438","1":"product","2":"type-product","3":"status-publish","4":"has-post-thumbnail","6":"product_cat-aromatherapie-de","7":"product_tag-darmgleichgewichts-katze","8":"product_tag-giardia-katze","9":"product_tag-katzensicheres-nahrungserganzungsmittel","10":"product_tag-naturliche-entwurmungskatze","11":"product_tag-para-clean-cat","12":"product_tag-parasiten","13":"product_tag-parasiten-wachkatze","14":"product_tag-wurmkatze","15":"infinite-scroll-item","16":"sales-flash-overlay","17":"woocommerce-text-align-center","18":"woocommerce-image-align-center","19":"do-quantity-buttons","21":"first","22":"instock","23":"taxable","24":"shipping-taxable","25":"purchasable","26":"product-type-simple"},"_links":{"self":[{"href":"https:\/\/www.ngdcare.nl\/de\/wp-json\/wp\/v2\/product\/12438","targetHints":{"allow":["GET"]}}],"collection":[{"href":"https:\/\/www.ngdcare.nl\/de\/wp-json\/wp\/v2\/product"}],"about":[{"href":"https:\/\/www.ngdcare.nl\/de\/wp-json\/wp\/v2\/types\/product"}],"replies":[{"embeddable":true,"href":"https:\/\/www.ngdcare.nl\/de\/wp-json\/wp\/v2\/comments?post=12438"}],"wp:featuredmedia":[{"embeddable":true,"href":"https:\/\/www.ngdcare.nl\/de\/wp-json\/wp\/v2\/media\/12440"}],"wp:attachment":[{"href":"https:\/\/www.ngdcare.nl\/de\/wp-json\/wp\/v2\/media?parent=12438"}],"wp:term":[{"taxonomy":"product_brand","embeddable":true,"href":"https:\/\/www.ngdcare.nl\/de\/wp-json\/wp\/v2\/product_brand?post=12438"},{"taxonomy":"product_cat","embeddable":true,"href":"https:\/\/www.ngdcare.nl\/de\/wp-json\/wp\/v2\/product_cat?post=12438"},{"taxonomy":"product_tag","embeddable":true,"href":"https:\/\/www.ngdcare.nl\/de\/wp-json\/wp\/v2\/product_tag?post=12438"},{"taxonomy":"merken","embeddable":true,"href":"https:\/\/www.ngdcare.nl\/de\/wp-json\/wp\/v2\/merken?post=12438"}],"curies":[{"name":"wp","href":"https:\/\/api.w.org\/{rel}","templated":true}]}}