{"id":12464,"date":"2026-01-22T22:01:40","date_gmt":"2026-01-22T21:01:40","guid":{"rendered":"https:\/\/www.ngdcare.nl\/product\/unkategorisiert\/intensiver-parasitenschutz\/"},"modified":"2026-04-09T14:13:04","modified_gmt":"2026-04-09T12:13:04","slug":"intensiver-parasitenschutz","status":"publish","type":"product","link":"https:\/\/www.ngdcare.nl\/de\/product\/aromatherapie-de\/intensiver-parasitenschutz\/","title":{"rendered":"Parasite Guard \u2013 Intensiv"},"content":{"rendered":"<p data-start=\"1169\" data-end=\"1488\"><strong data-start=\"1169\" data-end=\"1196\">Intense Parasite Guard<\/strong> wurde f\u00fcr Hunde entwickelt, die zus\u00e4tzliche Unterst\u00fctzung bei parasit\u00e4rem Stress im Magen-Darm-Trakt ben\u00f6tigen. Die Formel enth\u00e4lt eine ausgewogene Kombination aus K\u00fcrbiskern\u00f6l, Quassia-Extrakt, Olivenblattextrakt und \u00e4therischen \u00d6len <strong data-start=\"1364\" data-end=\"1444\">wie Oregano, Thymian, Zimtblatt, Rosmarin, Pfefferminze, Lavendel und r\u00f6mischer Kamille<\/strong>, gel\u00f6st in MCT-\u00d6l f\u00fcr optimale Aufnahme. <\/p>\n<p data-start=\"1490\" data-end=\"1797\">Diese \u00d6le sind bekannt f\u00fcr ihre breiten antimikrobiellen und antiparasit\u00e4ren Eigenschaften und werden traditionell zur Unterst\u00fctzung des Darmmilieus bei Wurmdruck und Belastung von Protozoen verwendet. Dank der sorgf\u00e4ltigen Dosierung bleibt die Formel wirksam und sicher f\u00fcr Hunde, wenn sie richtig angewendet wird. <\/p>\n<ul>\n<li data-start=\"461\" data-end=\"583\"><strong data-start=\"461\" data-end=\"479\">Oregano und Thymian<\/strong> tragen zu einer Darmumgebung bei, die weniger g\u00fcnstig f\u00fcr unerw\u00fcnschte Mikroorganismen und Parasiten ist.<\/li>\n<li data-start=\"586\" data-end=\"673\"><strong data-start=\"586\" data-end=\"600\">Zimtbl\u00e4tter<\/strong> unterst\u00fctzen das mikrobielle Gleichgewicht und helfen, die Bildung von Biofilmen zu st\u00f6ren.<\/li>\n<li data-start=\"676\" data-end=\"778\"><strong data-start=\"676\" data-end=\"690\">Rosmarin<\/strong> unterst\u00fctzt die Verdauung und Gallefunktion, was f\u00fcr eine gesunde Darmfunktion unerl\u00e4sslich ist.<\/li>\n<li data-start=\"781\" data-end=\"859\"><strong data-start=\"781\" data-end=\"794\">Pfefferminze<\/strong> tr\u00e4gt zur normalen Stuhlbewegung bei und reduziert Unbehagen.<\/li>\n<li data-start=\"862\" data-end=\"961\"><strong data-start=\"862\" data-end=\"892\">Lavendel und r\u00f6mische Kamille<\/strong> sorgen f\u00fcr eine weichere und bessere Vertr\u00e4glichkeit der Formel.<\/li>\n<\/ul>\n<p data-start=\"1799\" data-end=\"2053\">Intense Parasite Guard ist als <strong data-start=\"1838\" data-end=\"1862\">unterst\u00fctzendes Mittel<\/strong> gedacht, nicht als Ersatz f\u00fcr die regul\u00e4re tier\u00e4rztliche Behandlung und passt perfekt in ein <a href=\"https:\/\/www.ngdcare.nl\/de\/product\/protokolle\/darmprotokoll\/\"><strong data-start=\"1959\" data-end=\"1987\">integratives Darmprotokoll<\/strong><\/a>, das <a href=\"https:\/\/www.ngdcare.nl\/de\/product\/protokolle\/giardia-protokoll\/\">Giardia-Protokoll<\/a> oder beispielsweise in Kombination mit <strong data-start=\"2020\" data-end=\"2052\"><a href=\"https:\/\/www.ngdcare.nl\/de\/product\/orthomolekulare-nahrungserganzungsmittel\/para-clean\/\">Para Clean<\/a>.<\/strong><\/p>\n<p class=\"p3\"><b>Nicht geeignet f\u00fcr Katzen.<\/b><\/p>\n","protected":false},"excerpt":{"rendered":"<p><strong>Der NGD Care Intense Parasite Guard<\/strong> ist eine kraftvolle, nat\u00fcrliche \u00d6lformel zur Unterst\u00fctzung des Darmgleichgewichts bei Hunden mit parasit\u00e4rem Druck, wie W\u00fcrmern und Protozoen (einschlie\u00dflich Giardia). Die sorgf\u00e4ltig zusammengestellte Mischung aus \u00e4therischen \u00d6len in hundesicherer Dosierung wirkt synergetisch mit dem NGD <a href=\"https:\/\/www.ngdcare.nl\/de\/product\/orthomolekulare-nahrungserganzungsmittel\/para-clean\/\">Care Para Clean<\/a> oder <a href=\"https:\/\/www.ngdcare.nl\/de\/product\/protokolle\/giardia-protokoll\/\">dem Giardia-Protokoll<\/a>. <\/p>\n","protected":false},"featured_media":12466,"comment_status":"open","ping_status":"closed","template":"","meta":{"wds_primary_product_brand":0,"wds_primary_product_cat":0,"wds_primary_merken":0},"product_brand":[],"product_cat":[668],"product_tag":[6548,6542,6546,6544,5651,1016,6538,6540],"merken":[],"class_list":{"0":"post-12464","1":"product","2":"type-product","3":"status-publish","4":"has-post-thumbnail","6":"product_cat-aromatherapie-de","7":"product_tag-atherisches-ol-fur-hunde","8":"product_tag-giardia-hund","9":"product_tag-intestintest-protokollhund","10":"product_tag-naturlicher-entwurmungshund","11":"product_tag-para-clean","12":"product_tag-parasiten","13":"product_tag-parasiten-wachhund","14":"product_tag-worms-hund","15":"infinite-scroll-item","16":"sales-flash-overlay","17":"woocommerce-text-align-center","18":"woocommerce-image-align-center","19":"do-quantity-buttons","21":"first","22":"instock","23":"taxable","24":"shipping-taxable","25":"purchasable","26":"product-type-simple"},"_links":{"self":[{"href":"https:\/\/www.ngdcare.nl\/de\/wp-json\/wp\/v2\/product\/12464","targetHints":{"allow":["GET"]}}],"collection":[{"href":"https:\/\/www.ngdcare.nl\/de\/wp-json\/wp\/v2\/product"}],"about":[{"href":"https:\/\/www.ngdcare.nl\/de\/wp-json\/wp\/v2\/types\/product"}],"replies":[{"embeddable":true,"href":"https:\/\/www.ngdcare.nl\/de\/wp-json\/wp\/v2\/comments?post=12464"}],"wp:featuredmedia":[{"embeddable":true,"href":"https:\/\/www.ngdcare.nl\/de\/wp-json\/wp\/v2\/media\/12466"}],"wp:attachment":[{"href":"https:\/\/www.ngdcare.nl\/de\/wp-json\/wp\/v2\/media?parent=12464"}],"wp:term":[{"taxonomy":"product_brand","embeddable":true,"href":"https:\/\/www.ngdcare.nl\/de\/wp-json\/wp\/v2\/product_brand?post=12464"},{"taxonomy":"product_cat","embeddable":true,"href":"https:\/\/www.ngdcare.nl\/de\/wp-json\/wp\/v2\/product_cat?post=12464"},{"taxonomy":"product_tag","embeddable":true,"href":"https:\/\/www.ngdcare.nl\/de\/wp-json\/wp\/v2\/product_tag?post=12464"},{"taxonomy":"merken","embeddable":true,"href":"https:\/\/www.ngdcare.nl\/de\/wp-json\/wp\/v2\/merken?post=12464"}],"curies":[{"name":"wp","href":"https:\/\/api.w.org\/{rel}","templated":true}]}}