{"id":12486,"date":"2026-01-22T22:36:51","date_gmt":"2026-01-22T21:36:51","guid":{"rendered":"https:\/\/www.ngdcare.nl\/product\/unkategorisiert\/nerven-reset\/"},"modified":"2026-04-09T14:14:39","modified_gmt":"2026-04-09T12:14:39","slug":"nerven-reset","status":"publish","type":"product","link":"https:\/\/www.ngdcare.nl\/de\/product\/veterinary-health\/aromatherapie-de\/nerven-reset\/","title":{"rendered":"Nerven-Reset"},"content":{"rendered":"<p>Nicht jede Unruhe ist Angst. Und nicht jede Spannung ist Stress. Manchmal ist das Nervensystem einfach <span class=\"s2\"><b>zu lange oder zu stark eingeschaltet<\/b><\/span>. Bei Tieren sieht man das als pl\u00f6tzlich ver\u00e4rgert, nicht mehr zug\u00e4nglich, hyperreaktives Verhalten oder R\u00fcckzug. Bei Menschen wie mit vollem Kopf, sensorischer \u00dcberlastung oder dem Gef\u00fchl, nicht <i>mehr schalten zu k\u00f6nnen<\/i>. Kinder sind \u00fcberreizt und nicht mehr zug\u00e4nglich.     <\/p>\n<p><span class=\"s2\"><b>Der Nervenreset <\/b><\/span>wurde f\u00fcr jene Momente entwickelt, in denen der K\u00f6rper zuerst <span class=\"s2\"><b>entladen<\/b><\/span> muss, damit der K\u00f6rper im Falle einer \u00dcberlastung von Reizen destimulieren kann. Nach der Verwendung dieser \u00e4therischen \u00d6lmischung ist eine Ruhe oder Verarbeitung m\u00f6glich. <\/p>\n<p class=\"p4\">Diese Diffusormischung unterst\u00fctzt das <span class=\"s2\"><b>autonome Nervensystem<\/b><\/span> und hilft dem K\u00f6rper, wieder in einen Zustand der Ruhe und Sicherheit zur\u00fcckzuschalten.<\/p>\n<ul>\n<li>Reduziert die Stimulusverarbeitung<\/li>\n<li>Unterst\u00fctzt parasympathische Aktivierung<\/li>\n<li>Hilft bei Hyperreaktivit\u00e4t und Meltdown-\u00e4hnlichen Situationen.<\/li>\n<li>Geeignet f\u00fcr HSP, Stimulussensitivit\u00e4t und Erholung nach Stress.<\/li>\n<\/ul>\n<p class=\"p4\">Jedes \u00d6l in dieser Mischung wurde wegen <span class=\"s2\"><b>seiner neuroregulatorischen Wirkung<\/b><\/span> ausgew\u00e4hlt:<\/p>\n<ul>\n<li class=\"p1\"><span class=\"s1\"><b>Cedarwood<\/b><\/span> \u2013 Sicherheit, Eind\u00e4mmung und Eind\u00e4mmung<\/li>\n<li class=\"p1\"><span class=\"s1\"><b>R\u00f6mische Kamille<\/b><\/span> \u2013 sensorische Abschw\u00e4chung, Beruhigung<\/li>\n<li class=\"p1\"><span class=\"s1\"><b>Copaiba<\/b><\/span> \u2013 Unterst\u00fctzung bei Neuroinflammation und Stressreaktionen<\/li>\n<li class=\"p1\"><span class=\"s1\"><b>Weihrauch<\/b><\/span> \u2013 Integration und Regulation des Nervensystems<\/li>\n<li class=\"p1\"><span class=\"s1\"><b>Vetiver<\/b><\/span> \u2013 tiefe parasympathische Aktivierung, &#8218;im K\u00f6rper landen&#8216;<\/li>\n<li class=\"p1\"><span class=\"s1\"><b>Blue Tansy<\/b><\/span> \u2013 Unterst\u00fctzung bei \u00dcberstimulation und innerer Unruhe<\/li>\n<\/ul>\n<h4 data-start=\"53\" data-end=\"78\">Verf\u00fcgbare Formen<\/h4>\n<ul>\n<li data-start=\"81\" data-end=\"136\"><strong data-start=\"81\" data-end=\"97\">Rolle 10 ml<\/strong> \u2013 f\u00fcr <strong data-start=\"105\" data-end=\"134\">den direkten, externen Gebrauch<\/strong><\/li>\n<li data-start=\"139\" data-end=\"214\"><strong data-start=\"139\" data-end=\"152\">Diffusor\u00f6l 5 ml<\/strong> \u2013 Reine Mischung, geeignet f\u00fcr den <strong data-start=\"169\" data-end=\"181\">Diffusor<\/strong><\/li>\n<\/ul>\n","protected":false},"excerpt":{"rendered":"<p class=\"p1\">Der <strong data-start=\"263\" data-end=\"285\">Nervenreset<\/strong> ist eine \u00e4therische \u00d6lmischung, die das Nervensystem bei Stress, Verspannungen und \u00dcberstimulation unterst\u00fctzt. Geeignet als unterst\u00fctzende Anwendung innerhalb eines integrativen Wohlbefindensansatzes.<\/p>\n","protected":false},"featured_media":12487,"comment_status":"open","ping_status":"closed","template":"","meta":{"wds_primary_product_brand":0,"wds_primary_product_cat":0,"wds_primary_merken":0},"product_brand":[],"product_cat":[668,6365],"product_tag":[1120,6594,966,1689,961,1209,1715,7843,6593],"merken":[],"class_list":{"0":"post-12486","1":"product","2":"type-product","3":"status-publish","4":"has-post-thumbnail","6":"product_cat-aromatherapie-de","7":"product_cat-atherische-ole","8":"product_tag-aromatherapie-de","9":"product_tag-atherische-ole","10":"product_tag-emotionales-gleichgewicht","11":"product_tag-erdung","12":"product_tag-erholung","13":"product_tag-nervensystem","14":"product_tag-reizuberflutung","15":"product_tag-stress-verhalten","16":"product_tag-stressunterstutzung","17":"infinite-scroll-item","18":"sales-flash-overlay","19":"woocommerce-text-align-center","20":"woocommerce-image-align-center","21":"do-quantity-buttons","23":"first","24":"instock","25":"taxable","26":"shipping-taxable","27":"purchasable","28":"product-type-variable"},"_links":{"self":[{"href":"https:\/\/www.ngdcare.nl\/de\/wp-json\/wp\/v2\/product\/12486","targetHints":{"allow":["GET"]}}],"collection":[{"href":"https:\/\/www.ngdcare.nl\/de\/wp-json\/wp\/v2\/product"}],"about":[{"href":"https:\/\/www.ngdcare.nl\/de\/wp-json\/wp\/v2\/types\/product"}],"replies":[{"embeddable":true,"href":"https:\/\/www.ngdcare.nl\/de\/wp-json\/wp\/v2\/comments?post=12486"}],"wp:featuredmedia":[{"embeddable":true,"href":"https:\/\/www.ngdcare.nl\/de\/wp-json\/wp\/v2\/media\/12487"}],"wp:attachment":[{"href":"https:\/\/www.ngdcare.nl\/de\/wp-json\/wp\/v2\/media?parent=12486"}],"wp:term":[{"taxonomy":"product_brand","embeddable":true,"href":"https:\/\/www.ngdcare.nl\/de\/wp-json\/wp\/v2\/product_brand?post=12486"},{"taxonomy":"product_cat","embeddable":true,"href":"https:\/\/www.ngdcare.nl\/de\/wp-json\/wp\/v2\/product_cat?post=12486"},{"taxonomy":"product_tag","embeddable":true,"href":"https:\/\/www.ngdcare.nl\/de\/wp-json\/wp\/v2\/product_tag?post=12486"},{"taxonomy":"merken","embeddable":true,"href":"https:\/\/www.ngdcare.nl\/de\/wp-json\/wp\/v2\/merken?post=12486"}],"curies":[{"name":"wp","href":"https:\/\/api.w.org\/{rel}","templated":true}]}}