{"id":12506,"date":"2026-01-22T23:00:21","date_gmt":"2026-01-22T22:00:21","guid":{"rendered":"https:\/\/www.ngdcare.nl\/product\/unkategorisiert\/schlaf-traum\/"},"modified":"2026-01-26T21:39:06","modified_gmt":"2026-01-26T20:39:06","slug":"schlaf-traum","status":"publish","type":"product","link":"https:\/\/www.ngdcare.nl\/de\/product\/veterinary-health\/aromatherapie-de\/schlaf-traum\/","title":{"rendered":"Schlaf &amp; Traum"},"content":{"rendered":"<p class=\"p1\">Eine gute Nacht Schlaf geht \u00fcber das blo\u00dfe Schlafen hinaus. Nachts verarbeitet der K\u00f6rper Reize, Emotionen und Spannungen vom Tag. Bei Stress, Sensibilit\u00e4t oder \u00dcberstimulation kann dies zu unruhigem Schlaf, n\u00e4chtlichem Aufwachen oder intensiven Tr\u00e4umen f\u00fchren.  <\/p>\n<p class=\"p1\"><span class=\"s1\"><b>Sleep &amp; Dream<\/b><\/span> ist darauf ausgelegt, K\u00f6rper und Nervensystem durch diese n\u00e4chtliche Phase zu f\u00fchren. Die Kombination aus Lavendel, r\u00f6mischer Kamille, Weihrauch, Zedernholz, Mandarin und Vetiver unterst\u00fctzt Entspannung ohne Bet\u00e4ubung. Der Duft hat eine sanft erdende Wirkung, vermittelt ein Gef\u00fchl von Sicherheit und hilft dem K\u00f6rper, zur Erholung und Ruhe umzuschalten.  <\/p>\n<p class=\"p1\">Diese Rolle eignet sich besonders f\u00fcr:<\/p>\n<ul>\n<li class=\"p1\">Sensible Kinder (HSP)<\/li>\n<li class=\"p1\">Erwachsene mit Stress oder voller Kopf<\/li>\n<li class=\"p1\">Tiere, die nachts unruhig sind<\/li>\n<li class=\"p1\">Phasen der Spannung, des Wandels oder des Feuerwerks<\/li>\n<\/ul>\n<h4><b>Hinweise<\/b><\/h4>\n<ul>\n<li class=\"p1\">Schwierigkeiten beim Einschlafen<\/li>\n<li class=\"p1\">Unruhiger oder leichter Schlaf<\/li>\n<li class=\"p1\">Nachts Aufwachen<\/li>\n<li class=\"p1\">Intensive Tr\u00e4ume oder Albtr\u00e4ume<\/li>\n<li class=\"p1\">Stress, Anspannung oder \u00dcberstimulation<\/li>\n<\/ul>\n<p>&nbsp;<\/p>\n","protected":false},"excerpt":{"rendered":"<p class=\"p1\"><b>Sleep and Dream <\/b>ist eine sorgf\u00e4ltig formulierte \u00e4therische \u00d6lrolle, die das Nervensystem nachts unterst\u00fctzt. Diese Mischung hilft beim entspannten Einschlafen, beim ruhigeren Schlafen und beim Beruhigen von unruhigen oder intensiven Tr\u00e4umen. Geeignet f\u00fcr Erwachsene, Kinder und Hunde.  <\/p>\n","protected":false},"featured_media":12509,"comment_status":"open","ping_status":"closed","template":"","meta":{"wds_primary_product_brand":0,"wds_primary_product_cat":0,"wds_primary_merken":0},"product_brand":[],"product_cat":[668,6365],"product_tag":[6618,6367,961,6625,933,6626,1209,6622,5732,6022,888,6620],"merken":[],"class_list":{"0":"post-12506","1":"product","2":"type-product","3":"status-publish","4":"has-post-thumbnail","6":"product_cat-aromatherapie-de","7":"product_cat-atherische-ole","8":"product_tag-albtraume","9":"product_tag-atherisches-ol","10":"product_tag-erholung","11":"product_tag-hsp","12":"product_tag-hund","13":"product_tag-kind","14":"product_tag-nervensystem","15":"product_tag-roller","16":"product_tag-schlafen","17":"product_tag-schlafen-2","18":"product_tag-stress-de","19":"product_tag-traume","20":"infinite-scroll-item","21":"sales-flash-overlay","22":"woocommerce-text-align-center","23":"woocommerce-image-align-center","24":"do-quantity-buttons","26":"first","27":"instock","28":"taxable","29":"shipping-taxable","30":"purchasable","31":"product-type-simple"},"_links":{"self":[{"href":"https:\/\/www.ngdcare.nl\/de\/wp-json\/wp\/v2\/product\/12506","targetHints":{"allow":["GET"]}}],"collection":[{"href":"https:\/\/www.ngdcare.nl\/de\/wp-json\/wp\/v2\/product"}],"about":[{"href":"https:\/\/www.ngdcare.nl\/de\/wp-json\/wp\/v2\/types\/product"}],"replies":[{"embeddable":true,"href":"https:\/\/www.ngdcare.nl\/de\/wp-json\/wp\/v2\/comments?post=12506"}],"wp:featuredmedia":[{"embeddable":true,"href":"https:\/\/www.ngdcare.nl\/de\/wp-json\/wp\/v2\/media\/12509"}],"wp:attachment":[{"href":"https:\/\/www.ngdcare.nl\/de\/wp-json\/wp\/v2\/media?parent=12506"}],"wp:term":[{"taxonomy":"product_brand","embeddable":true,"href":"https:\/\/www.ngdcare.nl\/de\/wp-json\/wp\/v2\/product_brand?post=12506"},{"taxonomy":"product_cat","embeddable":true,"href":"https:\/\/www.ngdcare.nl\/de\/wp-json\/wp\/v2\/product_cat?post=12506"},{"taxonomy":"product_tag","embeddable":true,"href":"https:\/\/www.ngdcare.nl\/de\/wp-json\/wp\/v2\/product_tag?post=12506"},{"taxonomy":"merken","embeddable":true,"href":"https:\/\/www.ngdcare.nl\/de\/wp-json\/wp\/v2\/merken?post=12506"}],"curies":[{"name":"wp","href":"https:\/\/api.w.org\/{rel}","templated":true}]}}