{"id":12534,"date":"2026-01-22T23:14:23","date_gmt":"2026-01-22T22:14:23","guid":{"rendered":"https:\/\/www.ngdcare.nl\/product\/unkategorisiert\/hormonales-gleichgewicht-maennlich\/"},"modified":"2026-04-12T21:35:49","modified_gmt":"2026-04-12T19:35:49","slug":"hormonales-gleichgewicht-maennlich","status":"publish","type":"product","link":"https:\/\/www.ngdcare.nl\/de\/product\/veterinary-health\/aromatherapie-de\/hormonales-gleichgewicht-maennlich\/","title":{"rendered":"Hormonales Gleichgewicht \u2013 M\u00e4nnlich"},"content":{"rendered":"<p class=\"p1\">Hormonelle Schwankungen k\u00f6nnen bei R\u00fcden zu Unruhe, Fixierung, dominantem Verhalten, \u00fcberm\u00e4\u00dfigem Markieren oder Schwierigkeiten beim Wechseln f\u00fchren. Dieses Verhalten ist selten &#8222;aufl\u00e4rend&#8220;, aber oft das Ergebnis eines <span class=\"s1\"><b>\u00fcberaktiven hormonellen und Stresssystems<\/b><\/span>. <\/p>\n<p class=\"p1\"><span class=\"s1\"><b>Hormonales Gleichgewicht \u2013 Male<\/b><\/span> ist eine sorgf\u00e4ltig formulierte Aromatherapie-Walze, die den K\u00f6rper durch diese hormonellen Phasen unterst\u00fctzt. Die Mischung hat eine vertiefende Wirkung auf das <span class=\"s1\"><b>Nervensystem und die hormonelle Stressreaktion<\/b><\/span> und hilft R\u00fcden, wieder Ruhe, Konzentration und Begrenzung zu erfahren. <\/p>\n<p class=\"p1\">Die Zusammensetzung ist absichtlich <span class=\"s1\"><b>nicht aktivierend<\/b><\/span> und frei von stimulierenden Zitrus\u00f6len. Dadurch ist die Rolle f\u00fcr den t\u00e4glichen Gebrauch im Falle hormoneller Unruhe geeignet, ohne das Tier zu d\u00e4mpfen oder zu ver\u00e4ndern. <\/p>\n<ul>\n<li class=\"p1\"><b>Cedarwood <\/b><span class=\"s1\"> \u2013 Grenze, Stabilit\u00e4t<\/span><\/li>\n<li class=\"p1\"><span class=\"s1\"><b>Vetiver <\/b><\/span> \u2013 tiefe parasympathische Aktivierung<\/li>\n<li class=\"p1\"><span class=\"s1\"><b>Majoram \u2013 Entspannung <\/b><\/span> , Hemmungs\u00fcberaktivierung<\/li>\n<li class=\"p1\"><b>Lavendel <\/b><span class=\"s1\"> \u2013 Ruhe, Entspannung<\/span><\/li>\n<li class=\"p1\"><b>Weihrauch <\/b><span class=\"s1\">\u2013 neurohormonelle Regulation<\/span><\/li>\n<\/ul>\n<h4><b>St\u00fctzen in<\/b><\/h4>\n<ul>\n<li class=\"p1\">Hypersexualit\u00e4t<\/li>\n<li class=\"p1\">Dominantes oder impulsives Verhalten<\/li>\n<li class=\"p1\">hormonelle Turbulenzen<\/li>\n<li class=\"p1\">Schlechtes Schalten<\/li>\n<li class=\"p1\">Unruhe \u00fcber die Anwesenheit von l\u00e4ufigen H\u00fcndinnen<\/li>\n<\/ul>\n","protected":false},"excerpt":{"rendered":"<p class=\"p1\">Unterst\u00fctzt R\u00fcden mit hormonellen Turbulenzen, hypersexuellem Verhalten und dominanten oder schlechten Wechselreaktionen. <span class=\"s1\"><b>Hormonales Gleichgewicht \u2013 M\u00e4nnchen<\/b><\/span> helfen, das Nervensystem bei m\u00e4nnlichen Hunden zu beruhigen und eine nat\u00fcrliche Einsperrung zu unterst\u00fctzen, ohne zu bet\u00e4uben oder zu unterdr\u00fccken.<\/p>\n","protected":false},"featured_media":12535,"comment_status":"open","ping_status":"closed","template":"","meta":{"wds_primary_product_brand":0,"wds_primary_product_cat":0,"wds_primary_merken":0},"product_brand":[],"product_cat":[668],"product_tag":[6690,6688,6687,6689,7843,6691],"merken":[],"class_list":{"0":"post-12534","1":"product","2":"type-product","3":"status-publish","4":"has-post-thumbnail","6":"product_cat-aromatherapie-de","7":"product_tag-aromatherapiehund","8":"product_tag-dominanter-hund","9":"product_tag-hormonausgleich-mannlich","10":"product_tag-hypersexualitatshund","11":"product_tag-stress-verhalten","12":"product_tag-verhaltensunterstutzung","13":"infinite-scroll-item","14":"sales-flash-overlay","15":"woocommerce-text-align-center","16":"woocommerce-image-align-center","17":"do-quantity-buttons","19":"first","20":"instock","21":"taxable","22":"shipping-taxable","23":"purchasable","24":"product-type-simple"},"_links":{"self":[{"href":"https:\/\/www.ngdcare.nl\/de\/wp-json\/wp\/v2\/product\/12534","targetHints":{"allow":["GET"]}}],"collection":[{"href":"https:\/\/www.ngdcare.nl\/de\/wp-json\/wp\/v2\/product"}],"about":[{"href":"https:\/\/www.ngdcare.nl\/de\/wp-json\/wp\/v2\/types\/product"}],"replies":[{"embeddable":true,"href":"https:\/\/www.ngdcare.nl\/de\/wp-json\/wp\/v2\/comments?post=12534"}],"wp:featuredmedia":[{"embeddable":true,"href":"https:\/\/www.ngdcare.nl\/de\/wp-json\/wp\/v2\/media\/12535"}],"wp:attachment":[{"href":"https:\/\/www.ngdcare.nl\/de\/wp-json\/wp\/v2\/media?parent=12534"}],"wp:term":[{"taxonomy":"product_brand","embeddable":true,"href":"https:\/\/www.ngdcare.nl\/de\/wp-json\/wp\/v2\/product_brand?post=12534"},{"taxonomy":"product_cat","embeddable":true,"href":"https:\/\/www.ngdcare.nl\/de\/wp-json\/wp\/v2\/product_cat?post=12534"},{"taxonomy":"product_tag","embeddable":true,"href":"https:\/\/www.ngdcare.nl\/de\/wp-json\/wp\/v2\/product_tag?post=12534"},{"taxonomy":"merken","embeddable":true,"href":"https:\/\/www.ngdcare.nl\/de\/wp-json\/wp\/v2\/merken?post=12534"}],"curies":[{"name":"wp","href":"https:\/\/api.w.org\/{rel}","templated":true}]}}