{"id":12548,"date":"2026-01-22T23:26:52","date_gmt":"2026-01-22T22:26:52","guid":{"rendered":"https:\/\/www.ngdcare.nl\/product\/unkategorisiert\/hormonales-gleichgewicht-weiblich\/"},"modified":"2026-04-12T21:34:42","modified_gmt":"2026-04-12T19:34:42","slug":"hormonales-gleichgewicht-weiblich","status":"publish","type":"product","link":"https:\/\/www.ngdcare.nl\/de\/product\/veterinary-health\/aromatherapie-de\/hormonales-gleichgewicht-weiblich\/","title":{"rendered":"Hormonales Gleichgewicht \u2013 Weiblich"},"content":{"rendered":"<p>Hitze und falsche Schwangerschaft sind nat\u00fcrliche Prozesse, k\u00f6nnen aber bei manchen H\u00fcndinnen von deutlichen Ver\u00e4nderungen im Verhalten und Wohlbefinden begleitet werden. Denk an Unsicherheit, Angst, R\u00fcckzugsverhalten, Lethargie oder emotionale Labilit\u00e4t. <\/p>\n<p class=\"p1\"><span class=\"s1\"><b>Hormonales Gleichgewicht \u2013 Weibliche wurden <\/b><\/span>entwickelt, um den K\u00f6rper w\u00e4hrend dieser hormonellen Phasen sanft <span class=\"s1\"><b>und regulierend zu<\/b><\/span> unterst\u00fctzen. Die Aromatherapie-Mischung richtet sich gegen das <span class=\"s1\"><b>hormonelle Stresssystem und die emotionale Stabilit\u00e4t<\/b><\/span>, ohne nat\u00fcrliche Prozesse zu bet\u00e4uben oder zu st\u00f6ren. <\/p>\n<p class=\"p1\">Diese Rolle eignet sich f\u00fcr den tempor\u00e4ren Einsatz rund um hormonelle Spitzen und kann auch f\u00fcr sensible oder emotional reaktive H\u00fcndinnen eingesetzt werden.<\/p>\n<h4><b>Zusammensetzung<\/b><\/h4>\n<ul>\n<li><strong><span class=\"s1\">Clary Salbei<\/span><\/strong> \u2013 hormonelles Gleichgewicht, Regulation<\/li>\n<li class=\"p1\"><strong><span class=\"s1\">Geranium<\/span><\/strong> \u2013 endokrin und emotionale Stabilit\u00e4t<\/li>\n<li class=\"p1\"><strong>Lavendel<\/strong> <span class=\"s1\">\u2013 Frieden, Sicherheit<\/span><\/li>\n<li class=\"p1\"><strong><span class=\"s1\">R\u00f6mische Kamille <\/span><\/strong>\u2013 beruhigende, emotionale Unterst\u00fctzung<\/li>\n<li class=\"p1\"><strong>Weihrauch<\/strong> <span class=\"s1\"><span class=\"s1\">\u2013 Integration &amp; Regulierung<\/span><\/span><\/li>\n<\/ul>\n<h4><b>St\u00fctzen in<\/b><\/h4>\n<ul>\n<li class=\"p1\">Hitze<\/li>\n<li class=\"p1\">Falsche Schwangerschaft<\/li>\n<li class=\"p1\">Hormonelle Schwankungen<\/li>\n<li class=\"p1\">Emotionale Unsicherheit<\/li>\n<li class=\"p1\">Lethargie oder Entzugsverhalten<\/li>\n<\/ul>\n<p>&nbsp;<\/p>\n","protected":false},"excerpt":{"rendered":"<p class=\"p1\">Sanfte Aromatherapie zur Unterst\u00fctzung von H\u00fcndinnen bei hormonellen Schwankungen rund um Hitze und Scheinschwangerschaft. <span class=\"s1\"><b>Hormonales Gleichgewicht \u2013 Frau <\/b><\/span>hilft, emotionale Instabilit\u00e4t, Angst und Lethargie auszugleichen.<\/p>\n","protected":false},"featured_media":12549,"comment_status":"open","ping_status":"closed","template":"","meta":{"wds_primary_product_brand":0,"wds_primary_product_cat":0,"wds_primary_merken":0},"product_brand":[],"product_cat":[668],"product_tag":[6724,6725,6722,6718,6720,7843],"merken":[],"class_list":{"0":"post-12548","1":"product","2":"type-product","3":"status-publish","4":"has-post-thumbnail","6":"product_cat-aromatherapie-de","7":"product_tag-aromatherapie-schlampe","8":"product_tag-emotionaler-unterstutzungshund","9":"product_tag-falscher-schwangerhund","10":"product_tag-hormonausgleich-schlampe-schlampe","11":"product_tag-hund-in-hitze","12":"product_tag-stress-verhalten","13":"infinite-scroll-item","14":"sales-flash-overlay","15":"woocommerce-text-align-center","16":"woocommerce-image-align-center","17":"do-quantity-buttons","19":"first","20":"instock","21":"taxable","22":"shipping-taxable","23":"purchasable","24":"product-type-simple"},"_links":{"self":[{"href":"https:\/\/www.ngdcare.nl\/de\/wp-json\/wp\/v2\/product\/12548","targetHints":{"allow":["GET"]}}],"collection":[{"href":"https:\/\/www.ngdcare.nl\/de\/wp-json\/wp\/v2\/product"}],"about":[{"href":"https:\/\/www.ngdcare.nl\/de\/wp-json\/wp\/v2\/types\/product"}],"replies":[{"embeddable":true,"href":"https:\/\/www.ngdcare.nl\/de\/wp-json\/wp\/v2\/comments?post=12548"}],"wp:featuredmedia":[{"embeddable":true,"href":"https:\/\/www.ngdcare.nl\/de\/wp-json\/wp\/v2\/media\/12549"}],"wp:attachment":[{"href":"https:\/\/www.ngdcare.nl\/de\/wp-json\/wp\/v2\/media?parent=12548"}],"wp:term":[{"taxonomy":"product_brand","embeddable":true,"href":"https:\/\/www.ngdcare.nl\/de\/wp-json\/wp\/v2\/product_brand?post=12548"},{"taxonomy":"product_cat","embeddable":true,"href":"https:\/\/www.ngdcare.nl\/de\/wp-json\/wp\/v2\/product_cat?post=12548"},{"taxonomy":"product_tag","embeddable":true,"href":"https:\/\/www.ngdcare.nl\/de\/wp-json\/wp\/v2\/product_tag?post=12548"},{"taxonomy":"merken","embeddable":true,"href":"https:\/\/www.ngdcare.nl\/de\/wp-json\/wp\/v2\/merken?post=12548"}],"curies":[{"name":"wp","href":"https:\/\/api.w.org\/{rel}","templated":true}]}}