{"id":12651,"date":"2026-01-23T09:03:13","date_gmt":"2026-01-23T08:03:13","guid":{"rendered":"https:\/\/www.ngdcare.nl\/product\/unkategorisiert\/floh-und-zeckenschutz-sanft\/"},"modified":"2026-01-26T21:11:23","modified_gmt":"2026-01-26T20:11:23","slug":"floh-und-zeckenschutz-sanft","status":"publish","type":"product","link":"https:\/\/www.ngdcare.nl\/de\/product\/veterinary-health\/aromatherapie-de\/floh-und-zeckenschutz-sanft\/","title":{"rendered":"Floh- und Zeckenschutz \u2013 Sanft"},"content":{"rendered":"<p class=\"p1\"><span class=\"s1\"><b>Gentle Flea and Tick Guard <\/b><\/span>von NGD Care ist ein besonders mildes, <span class=\"s1\"><b>katzensicheres nat\u00fcrliches Insektenschutzspray<\/b><\/span>, das speziell f\u00fcr Katzen, Welpen und andere Tiere entwickelt wurde, die empfindlich auf D\u00fcfte oder intensive Formulierungen reagieren. Die Formel verwendet <span class=\"s1\"><b>Lavendelhydrolat<\/b><\/span>, <span class=\"s1\"><b>sehr niedrige Dosierungen von Zedernholz und Geranium<\/b><\/span>, kombiniert mit <span class=\"s1\"><b>Quassia-Extrakt<\/b><\/span> und einer kleinen Mengmenge <span class=\"s1\"><b>Neem<\/b><\/span>, wodurch das Produkt wirksam gegen Fl\u00f6he und Umweltinsekten ist, ohne die typische Belastung vieler \u00e4therischer Katzen\u00f6le mit sich zu bringen. <\/p>\n<p class=\"p1\">Katzen besitzen eine einzigartige Leberentgiftung (Glucuronidation), wodurch viele \u00e4therische \u00d6le in normalen Konzentrationen ungeeignet sind. Gentle Bug Guard\u2122 ist daher sorgf\u00e4ltig mit <span class=\"s1\"><b>katzensicheren Mikrodosen<\/b><\/span> und Hydrosolen formuliert, die zur nat\u00fcrlichen Insektenabwehr beitragen, aber die Leber oder das Nervensystem nicht \u00fcberlasten. <\/p>\n<p class=\"p1\">Das Spray unterst\u00fctzt Katzen w\u00e4hrend erh\u00f6hter Flohaktivit\u00e4t, in h\u00e4uslichen Situationen mit anderen Tieren oder bei Katzen mit empfindlicher Haut, die Chemikalien nicht gut vertragen. Durch die starken Duftprofile von Zedernholz, Geranien und Quassia <span class=\"s1\"><b>wird das Orientierungsverhalten von Fl\u00f6hen und bei\u00dfenden Insekten gest\u00f6rt<\/b><\/span>, wodurch Katzen f\u00fcr Parasiten weniger attraktiv sind. <\/p>\n<p class=\"p1\"><a href=\"https:\/\/www.ngdcare.nl\/ga\/product\/cumhartheiripe\/flea-dian-agus-garda-tic\/\"><span class=\"s1\"><b>Intense Flea and Tick Guard <\/b><\/span><\/a>enth\u00e4lt potentere botanische Extrakte (darunter Nelke, PMD, Palmarosa, Zedernholz), die speziell f\u00fcr den Einsatz bei <strong>Hunden<\/strong> und in der <span class=\"s1\"><b>Umwelt<\/b><\/span> entwickelt wurden, jedoch <span class=\"s1\"><b>nicht direkt bei Katzen<\/b><\/span>. Verwenden Sie das Intense Spray nur <span class=\"s1\"><b>in der Umgebung<\/b><\/span> und tragen Sie weiterhin Gentle Spray auf die Katze auf.<\/p>\n","protected":false},"excerpt":{"rendered":"<p class=\"p1\"><strong>Gentle Flea and Tick Guard<\/strong> ist ein mildes, sicheres und nat\u00fcrliches Insektenschutzspray f\u00fcr Katzen und junge, empfindliche Tiere. Diese Formel enth\u00e4lt Lavendel-Hydrosol, Zedernholz, Geranien in Mikrodosierung, Neem und Quassia, um Katzen sanft gegen Fl\u00f6he und Umweltinsekten zu unterst\u00fctzen. Konzipiert f\u00fcr empfindliche Katzen und den t\u00e4glichen Gebrauch.  <\/p>\n","protected":false},"featured_media":12655,"comment_status":"open","ping_status":"closed","template":"","meta":{"wds_primary_product_brand":0,"wds_primary_product_cat":0,"wds_primary_merken":0},"product_brand":[],"product_cat":[668],"product_tag":[6768,6777,6796,6766,6774,6771,6780,6792,1016,6790,6785],"merken":[],"class_list":{"0":"post-12651","1":"product","2":"type-product","3":"status-publish","4":"has-post-thumbnail","6":"product_cat-aromatherapie-de","7":"product_tag-bug-guard","8":"product_tag-fleas-cat","9":"product_tag-flohe-und-zeckenspray-katze","10":"product_tag-insektenschutzmittel","11":"product_tag-insektenspray-katze","12":"product_tag-katzenspray","13":"product_tag-naturliche-katzenpflege","14":"product_tag-naturliche-verteidigungsanlagen","15":"product_tag-parasiten","16":"product_tag-quassia-katze","17":"product_tag-zedernspraykatze","18":"infinite-scroll-item","19":"sales-flash-overlay","20":"woocommerce-text-align-center","21":"woocommerce-image-align-center","22":"do-quantity-buttons","24":"first","25":"instock","26":"taxable","27":"shipping-taxable","28":"purchasable","29":"product-type-simple"},"_links":{"self":[{"href":"https:\/\/www.ngdcare.nl\/de\/wp-json\/wp\/v2\/product\/12651","targetHints":{"allow":["GET"]}}],"collection":[{"href":"https:\/\/www.ngdcare.nl\/de\/wp-json\/wp\/v2\/product"}],"about":[{"href":"https:\/\/www.ngdcare.nl\/de\/wp-json\/wp\/v2\/types\/product"}],"replies":[{"embeddable":true,"href":"https:\/\/www.ngdcare.nl\/de\/wp-json\/wp\/v2\/comments?post=12651"}],"wp:featuredmedia":[{"embeddable":true,"href":"https:\/\/www.ngdcare.nl\/de\/wp-json\/wp\/v2\/media\/12655"}],"wp:attachment":[{"href":"https:\/\/www.ngdcare.nl\/de\/wp-json\/wp\/v2\/media?parent=12651"}],"wp:term":[{"taxonomy":"product_brand","embeddable":true,"href":"https:\/\/www.ngdcare.nl\/de\/wp-json\/wp\/v2\/product_brand?post=12651"},{"taxonomy":"product_cat","embeddable":true,"href":"https:\/\/www.ngdcare.nl\/de\/wp-json\/wp\/v2\/product_cat?post=12651"},{"taxonomy":"product_tag","embeddable":true,"href":"https:\/\/www.ngdcare.nl\/de\/wp-json\/wp\/v2\/product_tag?post=12651"},{"taxonomy":"merken","embeddable":true,"href":"https:\/\/www.ngdcare.nl\/de\/wp-json\/wp\/v2\/merken?post=12651"}],"curies":[{"name":"wp","href":"https:\/\/api.w.org\/{rel}","templated":true}]}}