{"id":12685,"date":"2026-01-23T09:13:52","date_gmt":"2026-01-23T08:13:52","guid":{"rendered":"https:\/\/www.ngdcare.nl\/product\/unkategorisiert\/juck-unterstuetzung\/"},"modified":"2026-04-09T14:07:29","modified_gmt":"2026-04-09T12:07:29","slug":"juck-unterstuetzung","status":"publish","type":"product","link":"https:\/\/www.ngdcare.nl\/de\/product\/veterinary-health\/aromatherapie-de\/juck-unterstuetzung\/","title":{"rendered":"Juck-Unterst\u00fctzung"},"content":{"rendered":"<p data-start=\"966\" data-end=\"1279\">NGD Care <strong>Itch Support<\/strong> ist ein sorgf\u00e4ltig formuliertes, wasserbasiertes Spray, das die Haut von Hunden und Katzen auf nat\u00fcrliche Weise bei Juckreiz und Reizungen unterst\u00fctzt. Die Formel kombiniert <strong data-start=\"1153\" data-end=\"1201\">vier kraftvolle, aber sanfte \u00e4therische \u00d6le<\/strong> mit <strong data-start=\"1206\" data-end=\"1245\">kolloidalem Hafermehl (Avena sativa)<\/strong> und <strong data-start=\"1249\" data-end=\"1278\">konzentriertem Aloe Vera<\/strong>. Alle Zutaten mit nachgewiesener unterst\u00fctzender Wirkung, ohne unn\u00f6tige Zusatzstoffe.  <\/p>\n<ul>\n<li data-start=\"2307\" data-end=\"2415\"><strong data-start=\"2307\" data-end=\"2344\">Lavendel <\/strong> \u2013 unterst\u00fctzt die Entspannung der Haut und unterst\u00fctzt die \u00dcbertragung von Reizen<\/li>\n<li data-start=\"2418\" data-end=\"2519\"><strong data-start=\"2418\" data-end=\"2453\">Copaiba <\/strong> \u2013 unterst\u00fctzt die nat\u00fcrliche Regulation von Entz\u00fcndungsprozessen<\/li>\n<li data-start=\"2522\" data-end=\"2620\"><strong data-start=\"2522\" data-end=\"2555\">Blue Tansy <\/strong> \u2013 enth\u00e4lt Chamazulen, bekannt f\u00fcr seine beruhigenden Eigenschaften<\/li>\n<li data-start=\"2623\" data-end=\"2685\"><strong data-start=\"2623\" data-end=\"2647\">Helichrysum <\/strong> \u2013 unterst\u00fctzt Hautreparatur und Gleichgewicht<\/li>\n<li data-start=\"2716\" data-end=\"2828\"><strong data-start=\"2716\" data-end=\"2755\">Hafermehl <\/strong> \u2013 reich an Avenanthramiden, bekannt f\u00fcr seine hautberuhigenden Eigenschaften<\/li>\n<li data-start=\"2831\" data-end=\"2923\"><strong data-start=\"2831\" data-end=\"2858\">Aloe Vera<\/strong> \u2013 konzentrierte Unterst\u00fctzung f\u00fcr Feuchtigkeit und Hautkomfort<\/li>\n<\/ul>\n<p data-start=\"1498\" data-end=\"1550\">Dieses Spray kann verwendet werden, um Folgendes zu unterst\u00fctzen:<\/p>\n<ul>\n<li data-start=\"1553\" data-end=\"1595\">Juckreiz aufgrund von Allergien oder \u00dcberempfindlichkeiten<\/li>\n<li data-start=\"1598\" data-end=\"1629\">R\u00f6tung und gereizte Haut<\/li>\n<li data-start=\"1632\" data-end=\"1666\">Insektenbisse oder Kontaktreaktionen<\/li>\n<li data-start=\"1669\" data-end=\"1700\">Saisonale Hautbeschwerden<\/li>\n<li data-start=\"1703\" data-end=\"1740\">Trockene, straffe oder empfindliche Haut<\/li>\n<\/ul>\n<p data-start=\"1742\" data-end=\"1777\">Geeignet f\u00fcr <strong>Menschen, Hunde und Katzen<\/strong>. Die Juckhilfe passt gut in unser <a href=\"https:\/\/www.ngdcare.nl\/de\/product\/protokolle\/haut-protokoll\/\">Hautprotokoll<\/a> als symptomatische Linderung. <\/p>\n","protected":false},"excerpt":{"rendered":"<p>Ein mildes, aber wirksames Juckreizspray f\u00fcr Hunde und Katzen, entwickelt aus \u00e4therischen \u00d6len und Pflanzenextrakten. Das Intense Itch Support Spray unterst\u00fctzt die nat\u00fcrliche Erholung der Haut und hilft, Juckreiz, R\u00f6tungen und Hautreizungen zu lindern, die durch Allergien, Insektenstiche oder empfindliche Haut verursacht werden. <\/p>\n","protected":false},"featured_media":12686,"comment_status":"open","ping_status":"closed","template":"","meta":{"wds_primary_product_brand":0,"wds_primary_product_cat":0,"wds_primary_merken":0},"product_brand":[],"product_cat":[668,6365],"product_tag":[6934,6937,6936,7861,6935,6931,6930,6932,1706,6933,6938],"merken":[],"class_list":{"0":"post-12685","1":"product","2":"type-product","3":"status-publish","4":"has-post-thumbnail","6":"product_cat-aromatherapie-de","7":"product_cat-atherische-ole","8":"product_tag-allergiehund","9":"product_tag-aloe-vera","10":"product_tag-avena-sativa","11":"product_tag-haut-allergie","12":"product_tag-hautreizkatze","13":"product_tag-juckende-katze","14":"product_tag-juckender-hund","15":"product_tag-naturlicher-juckspray","16":"product_tag-ngd-pflege","17":"product_tag-sensitive-skin-dog","18":"product_tag-tierische-atherische-ole","19":"infinite-scroll-item","20":"sales-flash-overlay","21":"woocommerce-text-align-center","22":"woocommerce-image-align-center","23":"do-quantity-buttons","25":"first","26":"instock","27":"taxable","28":"shipping-taxable","29":"purchasable","30":"product-type-simple"},"_links":{"self":[{"href":"https:\/\/www.ngdcare.nl\/de\/wp-json\/wp\/v2\/product\/12685","targetHints":{"allow":["GET"]}}],"collection":[{"href":"https:\/\/www.ngdcare.nl\/de\/wp-json\/wp\/v2\/product"}],"about":[{"href":"https:\/\/www.ngdcare.nl\/de\/wp-json\/wp\/v2\/types\/product"}],"replies":[{"embeddable":true,"href":"https:\/\/www.ngdcare.nl\/de\/wp-json\/wp\/v2\/comments?post=12685"}],"wp:featuredmedia":[{"embeddable":true,"href":"https:\/\/www.ngdcare.nl\/de\/wp-json\/wp\/v2\/media\/12686"}],"wp:attachment":[{"href":"https:\/\/www.ngdcare.nl\/de\/wp-json\/wp\/v2\/media?parent=12685"}],"wp:term":[{"taxonomy":"product_brand","embeddable":true,"href":"https:\/\/www.ngdcare.nl\/de\/wp-json\/wp\/v2\/product_brand?post=12685"},{"taxonomy":"product_cat","embeddable":true,"href":"https:\/\/www.ngdcare.nl\/de\/wp-json\/wp\/v2\/product_cat?post=12685"},{"taxonomy":"product_tag","embeddable":true,"href":"https:\/\/www.ngdcare.nl\/de\/wp-json\/wp\/v2\/product_tag?post=12685"},{"taxonomy":"merken","embeddable":true,"href":"https:\/\/www.ngdcare.nl\/de\/wp-json\/wp\/v2\/merken?post=12685"}],"curies":[{"name":"wp","href":"https:\/\/api.w.org\/{rel}","templated":true}]}}