{"id":12717,"date":"2026-01-23T09:26:46","date_gmt":"2026-01-23T08:26:46","guid":{"rendered":"https:\/\/www.ngdcare.nl\/product\/unkategorisiert\/intensiver-floh-und-zeckenschutz\/"},"modified":"2026-04-09T14:06:59","modified_gmt":"2026-04-09T12:06:59","slug":"intensiver-floh-und-zeckenschutz","status":"publish","type":"product","link":"https:\/\/www.ngdcare.nl\/de\/product\/aromatherapie-de\/intensiver-floh-und-zeckenschutz\/","title":{"rendered":"Floh- und Zeckenschutz \u2013 Intensiv"},"content":{"rendered":"<p class=\"p1\"><span class=\"s1\"><b>Intense Flea and Tick Guard<\/b><\/span> von NGD Care ist ein starkes, vollkommen nat\u00fcrliches Insektenschutzspray f\u00fcr Hunde und die Umwelt. Dieses Spray kombiniert <span class=\"s1\"><b>\u00e4therische \u00d6le<\/b><\/span> wie Nelken, Palmarosa, Zitroneneukalyptus und Zedernholz mit <span class=\"s1\"><b>Neem\u00f6l<\/b><\/span> und <span class=\"s1\"><b>Quassia-Extrakt<\/b><\/span>, zwei der besterforschten botanischen Heilmittel gegen Fl\u00f6he, Zecken und Umweltparasiten. <\/p>\n<p class=\"p1\">Die Formel wurde f\u00fcr Hunde entwickelt, die w\u00e4hrend der Floh- und Zeckensaison, Spazierg\u00e4ngen im Wald oder in Naturschutzgebieten oder in Gegenwart von M\u00fccken, Stallfliegen und Sandfliegen zus\u00e4tzlichen Schutz ben\u00f6tigen. Dank seiner kraftvollen Duftprofile und botanischen Komponenten tr\u00e4gt Intense Bug Guard zu langanhaltenden nat\u00fcrlichen Abwehrmechanismen bei, ohne synthetische Insektizide. <\/p>\n<p class=\"p1\">Intense Bug Guard ist sicher f\u00fcr Hunde und auch geeignet f\u00fcr den Einsatz in der Umgebung, zum Beispiel auf Kissen, K\u00f6rben, Autos und B\u00f6den. Auch in einem Haushalt mit Katzen ist dieses Spray f\u00fcr das Gesicht, eigentlich ist es <strong>contraindiziert, es direkt auf Katzen zu verwenden<\/strong> . Der <a href=\"https:\/\/www.ngdcare.nl\/de\/product\/aromatherapie-de\/floh-und-zeckenschutz-sanft\/\">Gentle Flea and Tick Guard<\/a> wurde zu diesem Zweck entwickelt.  <\/p>\n<p>Die Inhaltsstoffe sind <span class=\"s1\"><b>biologisch abbaubar<\/b><\/span> und werden schnell durch Sonnenlicht, Sauerstoff und Mikroorganismen in der Umwelt <span class=\"s1\"><b>abgebaut<\/b><\/span>. Das h\u00e4lt sie  <span class=\"s1\"><b>verbleibt nicht lange im Boden, Wasser oder in Organismen, und dieses Spray hat keine so katastrophalen Wirkung wie herk\u00f6mmliche Insektizide.  <\/b>Das Spray kann sch\u00e4dlich f\u00fcr Insekten in der Umwelt und im Wasser sein. Das bedeutet, dass Sie in den ersten 2 Stunden nach dem Spr\u00fchen nicht ins Wasser gehen und Ihr Tier nicht in unmittelbarer N\u00e4he von Insekten nach drau\u00dfen bespr\u00fchen sollten. <\/span><\/p>\n","protected":false},"excerpt":{"rendered":"<p class=\"p1\"><strong>Intense Flea and Tick Guard<\/strong> ist ein starkes, nat\u00fcrliches Insektenschutzspray f\u00fcr Hunde. Mit einer einzigartigen Kombination botanischer \u00d6le und Extrakte wie Nelken, Palmarosa, Zitroneneukalyptus, Neem und Quassia bietet dieses Spray ein breites Schutzspektrum gegen Fl\u00f6he, Zecken, M\u00fccken und andere bissige Insekten. Geeignet f\u00fcr Hunde und Umgebung, nicht f\u00fcr Katzen.  <\/p>\n","protected":false},"featured_media":12721,"comment_status":"open","ping_status":"closed","template":"","meta":[],"product_brand":[],"product_cat":[668],"product_tag":[7003,6768,6999,6766,6998,6996,6997,7001,1016,7002,7000],"merken":[],"class_list":{"0":"post-12717","1":"product","2":"type-product","3":"status-publish","4":"has-post-thumbnail","6":"product_cat-aromatherapie-de","7":"product_tag-atherische-ole-2","8":"product_tag-bug-guard","9":"product_tag-flohhund","10":"product_tag-insektenschutzmittel","11":"product_tag-insektenspray-hund","12":"product_tag-naturliches-flohspray","13":"product_tag-naturliches-zeckenspray","14":"product_tag-neemol","15":"product_tag-parasiten","16":"product_tag-quassia-extrakt","17":"product_tag-zeichenhund","18":"infinite-scroll-item","19":"sales-flash-overlay","20":"woocommerce-text-align-center","21":"woocommerce-image-align-center","22":"do-quantity-buttons","24":"first","25":"instock","26":"taxable","27":"shipping-taxable","28":"purchasable","29":"product-type-variable"},"_links":{"self":[{"href":"https:\/\/www.ngdcare.nl\/de\/wp-json\/wp\/v2\/product\/12717","targetHints":{"allow":["GET"]}}],"collection":[{"href":"https:\/\/www.ngdcare.nl\/de\/wp-json\/wp\/v2\/product"}],"about":[{"href":"https:\/\/www.ngdcare.nl\/de\/wp-json\/wp\/v2\/types\/product"}],"replies":[{"embeddable":true,"href":"https:\/\/www.ngdcare.nl\/de\/wp-json\/wp\/v2\/comments?post=12717"}],"wp:featuredmedia":[{"embeddable":true,"href":"https:\/\/www.ngdcare.nl\/de\/wp-json\/wp\/v2\/media\/12721"}],"wp:attachment":[{"href":"https:\/\/www.ngdcare.nl\/de\/wp-json\/wp\/v2\/media?parent=12717"}],"wp:term":[{"taxonomy":"product_brand","embeddable":true,"href":"https:\/\/www.ngdcare.nl\/de\/wp-json\/wp\/v2\/product_brand?post=12717"},{"taxonomy":"product_cat","embeddable":true,"href":"https:\/\/www.ngdcare.nl\/de\/wp-json\/wp\/v2\/product_cat?post=12717"},{"taxonomy":"product_tag","embeddable":true,"href":"https:\/\/www.ngdcare.nl\/de\/wp-json\/wp\/v2\/product_tag?post=12717"},{"taxonomy":"merken","embeddable":true,"href":"https:\/\/www.ngdcare.nl\/de\/wp-json\/wp\/v2\/merken?post=12717"}],"curies":[{"name":"wp","href":"https:\/\/api.w.org\/{rel}","templated":true}]}}