{"id":12791,"date":"2026-01-25T22:17:39","date_gmt":"2026-01-25T21:17:39","guid":{"rendered":"https:\/\/www.ngdcare.nl\/product\/unkategorisiert\/trauerunterstuetzung\/"},"modified":"2026-01-26T20:57:18","modified_gmt":"2026-01-26T19:57:18","slug":"trauerunterstuetzung","status":"publish","type":"product","link":"https:\/\/www.ngdcare.nl\/de\/product\/aromatherapie-de\/trauerunterstuetzung\/","title":{"rendered":"Trauerunterst\u00fctzung"},"content":{"rendered":"<p data-start=\"375\" data-end=\"745\">Verlust, Ver\u00e4nderung oder Abschied k\u00f6nnen tiefgreifende Auswirkungen auf Tiere haben. Denken Sie an den Verlust eines Freundes, einen Umzug, eine Ver\u00e4nderung der Familienzusammensetzung oder das langfristige Fehlen einer vertrauten Person. <br data-start=\"585\" data-end=\"588\"><strong data-start=\"588\" data-end=\"605\">Trauerunterst\u00fctzung<\/strong> ist eine sorgf\u00e4ltig zusammengestellte Aromatherapie-Mischung, die Tiere sanft in Trauer, Trauer <strong data-start=\"700\" data-end=\"744\">und emotionaler Dysregulation<\/strong> unterst\u00fctzt.<\/p>\n<p data-start=\"747\" data-end=\"889\">Diese Mischung hat keine bet\u00e4ubende Wirkung, sondern <strong data-start=\"785\" data-end=\"828\">tr\u00f6stet, beruhigt und stabilisiert<\/strong> und hilft Tieren, Emotionen in ihrem eigenen Tempo zu verarbeiten.<\/p>\n<h4 data-start=\"896\" data-end=\"927\"><strong data-start=\"900\" data-end=\"927\">Zusammensetzung<\/strong><\/h4>\n<ul>\n<li data-start=\"931\" data-end=\"1044\"><strong data-start=\"931\" data-end=\"960\">Wild Orange<\/strong> \u2013 Bringt Leichtigkeit und Weichheit, unterst\u00fctzt Tr\u00fcbsal und emotionale Schwere<\/li>\n<li data-start=\"1047\" data-end=\"1149\"><strong data-start=\"1047\" data-end=\"1073\">Weihrauch<\/strong> \u2013 Hilft beim inneren Frieden, beim Verarbeiten und beim Loslassen tiefer Traurigkeit<\/li>\n<li data-start=\"1152\" data-end=\"1236\"><strong data-start=\"1152\" data-end=\"1165\">Patchouli<\/strong> \u2013 Verankerung und Stabilisierung bei emotionaler Dysregulation und Unsicherheit<\/li>\n<li data-start=\"1239\" data-end=\"1327\"><strong data-start=\"1239\" data-end=\"1251\">Lavendel<\/strong> \u2013 Beruhigt das Nervensystem, lindert Anspannungen und innere Unruhen<\/li>\n<li data-start=\"1330\" data-end=\"1408\"><strong data-start=\"1330\" data-end=\"1347\">Myrrh<\/strong> \u2013 Unterst\u00fctzt tiefe Trauerprozesse und emotionale Heilung<\/li>\n<li data-start=\"1411\" data-end=\"1509\"><strong data-start=\"1411\" data-end=\"1446\">R\u00f6mische Kamille<\/strong> \u2013 Sanft tr\u00f6stlich, entspannend und sicher mit intensiven Emotionen<\/li>\n<\/ul>\n<p>Zusammen bilden diese \u00d6le ein <strong data-start=\"1539\" data-end=\"1587\">warmes, umh\u00fcllendes und emotional unterst\u00fctzendes Ganzes<\/strong>.<\/p>\n<p data-start=\"1622\" data-end=\"1659\">Trauerunterst\u00fctzung kann verwendet werden f\u00fcr:<\/p>\n<ul>\n<li data-start=\"1663\" data-end=\"1701\">Trauer nach dem Verlust eines Tieres oder Menschen<\/li>\n<li data-start=\"1704\" data-end=\"1773\">Ver\u00e4nderungen in der Familie (Scheidung, Tod, neues Familienmitglied)<\/li>\n<li data-start=\"1776\" data-end=\"1824\">Zur\u00fcckgezogenes Verhalten oder emotionale Abflachung<\/li>\n<li data-start=\"1827\" data-end=\"1881\">Angst oder Traurigkeit ohne erkennbare k\u00f6rperliche Ursache<\/li>\n<li data-start=\"1884\" data-end=\"1928\">\u00dcbergangsphasen mit emotionaler Belastung<\/li>\n<\/ul>\n","protected":false},"excerpt":{"rendered":"<p data-start=\"3010\" data-end=\"3145\">Eine sanfte Aromatherapie-Mischung, die Hunde und Katzen bei Trauer, Verlust und emotionaler Verarbeitung unterst\u00fctzt. Tr\u00f6stlich, erdend und beruhigend. <\/p>\n","protected":false},"featured_media":12796,"comment_status":"open","ping_status":"closed","template":"","meta":{"wds_primary_product_brand":0,"wds_primary_product_cat":0,"wds_primary_merken":0},"product_brand":[],"product_cat":[668],"product_tag":[],"merken":[],"class_list":{"0":"post-12791","1":"product","2":"type-product","3":"status-publish","4":"has-post-thumbnail","6":"product_cat-aromatherapie-de","7":"infinite-scroll-item","8":"sales-flash-overlay","9":"woocommerce-text-align-center","10":"woocommerce-image-align-center","11":"do-quantity-buttons","13":"first","14":"instock","15":"taxable","16":"shipping-taxable","17":"purchasable","18":"product-type-variable"},"_links":{"self":[{"href":"https:\/\/www.ngdcare.nl\/de\/wp-json\/wp\/v2\/product\/12791","targetHints":{"allow":["GET"]}}],"collection":[{"href":"https:\/\/www.ngdcare.nl\/de\/wp-json\/wp\/v2\/product"}],"about":[{"href":"https:\/\/www.ngdcare.nl\/de\/wp-json\/wp\/v2\/types\/product"}],"replies":[{"embeddable":true,"href":"https:\/\/www.ngdcare.nl\/de\/wp-json\/wp\/v2\/comments?post=12791"}],"wp:featuredmedia":[{"embeddable":true,"href":"https:\/\/www.ngdcare.nl\/de\/wp-json\/wp\/v2\/media\/12796"}],"wp:attachment":[{"href":"https:\/\/www.ngdcare.nl\/de\/wp-json\/wp\/v2\/media?parent=12791"}],"wp:term":[{"taxonomy":"product_brand","embeddable":true,"href":"https:\/\/www.ngdcare.nl\/de\/wp-json\/wp\/v2\/product_brand?post=12791"},{"taxonomy":"product_cat","embeddable":true,"href":"https:\/\/www.ngdcare.nl\/de\/wp-json\/wp\/v2\/product_cat?post=12791"},{"taxonomy":"product_tag","embeddable":true,"href":"https:\/\/www.ngdcare.nl\/de\/wp-json\/wp\/v2\/product_tag?post=12791"},{"taxonomy":"merken","embeddable":true,"href":"https:\/\/www.ngdcare.nl\/de\/wp-json\/wp\/v2\/merken?post=12791"}],"curies":[{"name":"wp","href":"https:\/\/api.w.org\/{rel}","templated":true}]}}