{"id":15019,"date":"2026-02-10T14:18:57","date_gmt":"2026-02-10T13:18:57","guid":{"rendered":"https:\/\/www.ngdcare.nl\/product\/unkategorisiert\/intrazellulaeres-mikrobenprotokoll\/"},"modified":"2026-05-02T15:49:26","modified_gmt":"2026-05-02T13:49:26","slug":"intrazellulaeres-mikrobenprotokoll","status":"publish","type":"product","link":"https:\/\/www.ngdcare.nl\/de\/product\/veterinary-health\/protokolle\/intrazellulaeres-mikrobenprotokoll\/","title":{"rendered":"Intrazellul\u00e4res Mikrobenprotokoll"},"content":{"rendered":"<p data-start=\"379\" data-end=\"631\">Das <strong data-start=\"637\" data-end=\"672\">intrazellul\u00e4re Mikrobenprotokoll<\/strong> wurde f\u00fcr Hunde und Katzen entwickelt, die sich nach Infektionen nicht ausreichend erholen oder weiterhin unter chronischen, wechselnden oder unerkl\u00e4rlichen Beschwerden leiden. Einige Mikroorganismen k\u00f6nnen sich in K\u00f6rperzellen verstecken, was es dem Immunsystem schwer macht, sie zu erreichen. Dies kann zu langfristigen oder wiederkehrenden Symptomen f\u00fchren, selbst nachdem eine Infektion offenbar behandelt wurde. Das Protokoll konzentriert sich nicht nur auf den Mikroben, sondern besonders auf den K\u00f6rper, der schon lange unter Druck steht.   <\/p>\n<p data-start=\"985\" data-end=\"1264\">Intrazellul\u00e4re Mikroben sind Mikroorganismen, die sich (vor\u00fcbergehend oder langfristig) in den Zellen des K\u00f6rpers anlagern. Beispiele hierf\u00fcr sind Borrelia, Ehrlichia, Anaplasma, Bartonella, Leishmania, Babesia, Toxoplasma und postinfekti\u00f6se Restlast nach Virusinfektionen. <\/p>\n<p data-start=\"1266\" data-end=\"1391\">Diese Belastung kann zu chronischer Immunaktivierung, niedriggradigen Entz\u00fcndungen und St\u00f6rungen des Energiemanagements f\u00fchren.<\/p>\n<h4 data-start=\"1398\" data-end=\"1431\">Warum ein phasenweiser Ansatz?<\/h4>\n<p data-start=\"1432\" data-end=\"1617\">Bei l\u00e4ngerer intrazellul\u00e4rer Belastung ist der K\u00f6rper oft kontinuierlich &#8222;an&#8220;. Ohne vorher Frieden und Stabilit\u00e4t zu schaffen, kann weitere Unterst\u00fctzung zu Dysregulation oder R\u00fcckf\u00e4llen f\u00fchren. <\/p>\n<p data-start=\"1619\" data-end=\"1789\">Deshalb arbeitet das NGD Care Intracellular Microbe Protocol mit einem <strong data-start=\"1689\" data-end=\"1733\">sorgf\u00e4ltig konstruierten, phasenweisen Ansatz <\/strong>, der den K\u00f6rper Schritt f\u00fcr Schritt bei der Genesung unterst\u00fctzt. Insgesamt dauert dieses Protokoll 20 Wochen. <\/p>\n<h4 data-start=\"1796\" data-end=\"1845\">Struktur des intrazellul\u00e4ren Mikrobenprotokolls<\/h4>\n<p><strong>Phase 1 \u2013 Immun- und Entz\u00fcndungsstabilisierung<\/strong> (4 Wochen)<\/p>\n<ul>\n<li>In dieser Phase wird der K\u00f6rper beruhigt und auf die n\u00e4chsten Schritte vorbereitet.<\/li>\n<li>Unterst\u00fctzung mit:\n<ul>\n<li><strong data-start=\"2017\" data-end=\"2033\">Lactoferrin<\/strong> \u2013 Unterst\u00fctzt das Immungleichgewicht und die Makrophagenfunktion und hilft, \u00fcberm\u00e4\u00dfige Entz\u00fcndungsreaktionen zu regulieren.<\/li>\n<li><strong data-start=\"2085\" data-end=\"2129\">Myco Immune Complex (Mushroom Mix 1)<\/strong> \u2013 Wirkt immunmodulatorisch und hilft, das Immunsystem auszugleichen, ohne zu \u00fcberstimulieren.<\/li>\n<li><strong data-start=\"2153\" data-end=\"2172\">PEA-Komplex (PEA &amp; Boswellia)<\/strong> \u2013 Unterst\u00fctzt das Nervensystem und hat eine entz\u00fcndungshemmende Wirkung auf chronische Immun- und Stressbelastung.<\/li>\n<\/ul>\n<\/li>\n<\/ul>\n<p><span style=\"font-size: inherit;\"><strong>Phase 2 \u2013 Kontrollierte Unterst\u00fctzung der mikrobiellen Belastung<\/strong> (8 Wochen)<\/span><\/p>\n<ul>\n<li data-start=\"2323\" data-end=\"2441\">Wenn der K\u00f6rper stabil ist, wird er kontrolliert unterst\u00fctzt, um intrazellul\u00e4ren Stress zu reduzieren.<\/li>\n<li>Unterst\u00fctzung mit:\n<ul>\n<li data-start=\"2468\" data-end=\"2545\"><strong data-start=\"2468\" data-end=\"2487\">Para Reset (NAC &amp; Berberin)<\/strong> \u2013 Unterst\u00fctzt die Produktion von Glutathion und hilft, Schutzstrukturen um Mikroben zu st\u00f6ren.<\/li>\n<li data-start=\"2468\" data-end=\"2545\"><strong style=\"font-size: inherit;\" data-start=\"2548\" data-end=\"2584\">\u00c4therischer \u00d6l-Mikrobenschutz<\/strong>\n<ul>\n<li data-start=\"2468\" data-end=\"2545\">Unterst\u00fctzen Sie das mikrobielle Gleichgewicht des K\u00f6rpers durch zwei verschiedene Wirkmechanismen:\n<ul>\n<li data-start=\"2591\" data-end=\"2627\">Oral: <span class=\"s1\">systemische Unterst\u00fctzung f\u00fcr mikrobielle Ungleichgewichte.<\/span><\/li>\n<li data-start=\"2591\" data-end=\"2627\">Diffusor: zur Unterst\u00fctzung der Haut und der Atemwege, ohne Leber und Verdauungssystem zu belasten.<\/li>\n<\/ul>\n<\/li>\n<\/ul>\n<\/li>\n<li><strong data-start=\"2768\" data-end=\"2821\">Lactoferrin <\/strong>\u2013 Unterst\u00fctzt weiterhin die Immunregulation und hilft, entz\u00fcndliche Reaktionen zu kontrollieren.<\/li>\n<li><strong data-start=\"2768\" data-end=\"2821\">Myco-Immununterst\u00fctzung \u2013 <\/strong>Tr\u00e4gt in dieser Phase weiterhin zu einer ausgeglichenen Immunantwort bei.<\/li>\n<li><strong data-start=\"2768\" data-end=\"2821\">PEA-Komplex <\/strong>\u2013 Unterst\u00fctzt weiterhin die Hemmung von Entz\u00fcndungen und die Stressregulation, um R\u00fcckf\u00e4lle zu verhindern.<\/li>\n<li>Optional: <a href=\"https:\/\/www.natuurlijkgezondedieren.nl\/ozontherapie\/\"><strong>Ozontherapie<\/strong><\/a> oder (in Absprache mit dem Tierarzt) konventionelle Medikamente, immer im Protokoll verankert.<\/li>\n<\/ul>\n<\/li>\n<\/ul>\n<p><strong>Phase 3 \u2013 Erholung &amp; Resilienz<\/strong> (8 Wochen)<\/p>\n<ul>\n<li data-start=\"3012\" data-end=\"3092\">Die letzte Phase konzentriert sich auf die Wiederherstellung von Energie, Widerstandskraft und Vitalit\u00e4t.<\/li>\n<li data-start=\"3012\" data-end=\"3092\">Unterst\u00fctzung mit:\n<ul>\n<li data-start=\"3119\" data-end=\"3159\"><strong data-start=\"3119\" data-end=\"3157\">Langlebigkeitsst\u00fctze <\/strong>(NAD\u207a \/ Resveratrol \/ Ergothionein) \u2013 Unterst\u00fctzt mitochondriale Funktion und zellul\u00e4re Energieproduktion unter l\u00e4ngerer Belastung.<\/li>\n<li data-start=\"3162\" data-end=\"3178\"><strong data-start=\"3162\" data-end=\"3176\">Glutathion <\/strong>\u2013 Ein wichtiges Antioxidans des K\u00f6rpers, das hilft, oxidativen Stress zu reduzieren und R\u00fcckst\u00e4nde zu beseitigen.<\/li>\n<li data-start=\"3181\" data-end=\"3197\"><strong data-start=\"3181\" data-end=\"3197\">Coenzym Q10 <\/strong>\u2013 Unterst\u00fctzt die Energieproduktion in Muskeln und Organen und tr\u00e4gt zur Wiederherstellung von Vitalit\u00e4t und Widerstandsf\u00e4higkeit bei.<\/li>\n<\/ul>\n<\/li>\n<\/ul>\n<h4>F\u00fcr wen ist dieses Protokoll geeignet?<\/h4>\n<ul>\n<li>Tiere mit chronischen oder unterschiedlichen Beschwerden<\/li>\n<li>Tiere, die sich nach Infektionen nicht ausreichend erholen<\/li>\n<li>Importhunde mit unerkl\u00e4rlichen Symptomen<\/li>\n<li>Tiere mit der Diagnose intrazellul\u00e4rer Bakterien oder Protozoen<\/li>\n<li>Tiere mit der Diagnose chronische Virusinfektion<\/li>\n<\/ul>\n<p><strong>Das Paket enth\u00e4lt Nahrungserg\u00e4nzungsmittel f\u00fcr 20 Wochen f\u00fcr Hunde von 10-30 kg. Insgesamt bekommst du 3x Lactoferrin, 3x Myco-Immununterst\u00fctzung, 3x PEA-Komplex, 2x Para-Reset, 1x Microbe Guard Internal, 1x Microbe Guard Diffuser, 2x Langlebigkeitsunterst\u00fctzung, 2x Glutathion, 2x Coenzym Q10.   <\/strong><\/p>\n","protected":false},"excerpt":{"rendered":"<p data-start=\"540\" data-end=\"879\">Das <strong data-start=\"544\" data-end=\"588\">NGD Care Intrazellul\u00e4re Mikrobenprotokoll ist ein integratives Genesungsprotokoll<\/strong> f\u00fcr Hunde und Katzen mit chronischen intrazellul\u00e4ren mikrobiellen Infektionen. Das Protokoll unterst\u00fctzt das Immunsystem, reduziert niedriggradige Entz\u00fcndungen und hilft dem K\u00f6rper, sich auf zellul\u00e4rer und mitochondrialer Ebene zu erholen. <\/p>\n","protected":false},"featured_media":19116,"comment_status":"open","ping_status":"closed","template":"","meta":{"wds_primary_product_brand":0,"wds_primary_product_cat":0,"wds_primary_merken":0},"product_brand":[],"product_cat":[546],"product_tag":[7401,7404,7402,7399,7409,7400,7405,7398,7403,7407,7408,1016,7406],"merken":[],"class_list":{"0":"post-15019","1":"product","2":"type-product","3":"status-publish","4":"has-post-thumbnail","6":"product_cat-protokolle","7":"product_tag-anaplasma","8":"product_tag-babesia","9":"product_tag-bartonella","10":"product_tag-borrelia","11":"product_tag-chronische-beschwerden-hund","12":"product_tag-ehrlichia","13":"product_tag-immunprotokoll","14":"product_tag-intrazellulare-infektionen","15":"product_tag-leishmania","16":"product_tag-mitochondriale-erholung","17":"product_tag-ozontherapie","18":"product_tag-parasiten","19":"product_tag-wiederherstellungsprotokoll","20":"infinite-scroll-item","21":"sales-flash-overlay","22":"woocommerce-text-align-center","23":"woocommerce-image-align-center","24":"do-quantity-buttons","26":"first","27":"instock","28":"sale","29":"taxable","30":"shipping-taxable","31":"purchasable","32":"product-type-simple"},"_links":{"self":[{"href":"https:\/\/www.ngdcare.nl\/de\/wp-json\/wp\/v2\/product\/15019","targetHints":{"allow":["GET"]}}],"collection":[{"href":"https:\/\/www.ngdcare.nl\/de\/wp-json\/wp\/v2\/product"}],"about":[{"href":"https:\/\/www.ngdcare.nl\/de\/wp-json\/wp\/v2\/types\/product"}],"replies":[{"embeddable":true,"href":"https:\/\/www.ngdcare.nl\/de\/wp-json\/wp\/v2\/comments?post=15019"}],"wp:featuredmedia":[{"embeddable":true,"href":"https:\/\/www.ngdcare.nl\/de\/wp-json\/wp\/v2\/media\/19116"}],"wp:attachment":[{"href":"https:\/\/www.ngdcare.nl\/de\/wp-json\/wp\/v2\/media?parent=15019"}],"wp:term":[{"taxonomy":"product_brand","embeddable":true,"href":"https:\/\/www.ngdcare.nl\/de\/wp-json\/wp\/v2\/product_brand?post=15019"},{"taxonomy":"product_cat","embeddable":true,"href":"https:\/\/www.ngdcare.nl\/de\/wp-json\/wp\/v2\/product_cat?post=15019"},{"taxonomy":"product_tag","embeddable":true,"href":"https:\/\/www.ngdcare.nl\/de\/wp-json\/wp\/v2\/product_tag?post=15019"},{"taxonomy":"merken","embeddable":true,"href":"https:\/\/www.ngdcare.nl\/de\/wp-json\/wp\/v2\/merken?post=15019"}],"curies":[{"name":"wp","href":"https:\/\/api.w.org\/{rel}","templated":true}]}}