{"id":17382,"date":"2026-03-29T14:07:28","date_gmt":"2026-03-29T12:07:28","guid":{"rendered":"https:\/\/www.ngdcare.nl\/product\/unkategorisiert\/innere-ausrichtung-aetherisches-oel-chakra-1-4-und-7\/"},"modified":"2026-03-29T14:07:28","modified_gmt":"2026-03-29T12:07:28","slug":"innere-ausrichtung-aetherisches-oel-chakra-1-4-und-7","status":"publish","type":"product","link":"https:\/\/www.ngdcare.nl\/de\/product\/veterinary-health\/aromatherapie-de\/innere-ausrichtung-aetherisches-oel-chakra-1-4-und-7\/","title":{"rendered":"Innere Ausrichtung \u00e4therisches \u00d6l \u2013 Chakra 1, 4 und 7"},"content":{"rendered":"<p style=\"font-weight: 400;\">Inner Alignment ist eine Kombination \u00e4therischer <strong>\u00d6le<\/strong> f\u00fcr Chakren 1, 4 und 7 \u2013 die drei Energiezentren, die zusammen Verk\u00f6rperung, liebevolle Verbindung und spirituelle Ausrichtung bieten. Dieses \u00d6l hilft dir, nach Hause zu dir selbst zu kommen, \u00f6ffnet dein Herz und bringt Seelenfrieden. <\/p>\n<p style=\"font-weight: 400;\" data-start=\"1030\" data-end=\"1079\">Speziell mit \u00e4therischen \u00d6len formuliert, die:<\/p>\n<ul>\n<li data-start=\"1082\" data-end=\"1113\">Schutz vor \u00dcberstimulation<\/li>\n<li data-start=\"1116\" data-end=\"1147\">Hilft dir, loszulassen und dich zu entspannen<\/li>\n<li data-start=\"1150\" data-end=\"1199\">Die Verbindung zwischen K\u00f6rper und Seele wiederherstellen<\/li>\n<\/ul>\n<p style=\"font-weight: 400;\" data-start=\"1201\" data-end=\"1295\">Dieses \u00d6l eignet sich besonders f\u00fcr <strong data-start=\"1240\" data-end=\"1274\">hochsensible Menschen und Tiere<\/strong>, zum Beispiel:<\/p>\n<ul>\n<li data-start=\"1298\" data-end=\"1327\">Unruhe, Stress, Dissoziation<\/li>\n<li data-start=\"1330\" data-end=\"1347\">Trauer oder Verlust<\/li>\n<li data-start=\"1350\" data-end=\"1373\">Spirituelle Verwirrung<\/li>\n<li data-start=\"1376\" data-end=\"1402\">Emotionale \u00dcberlastung<\/li>\n<li data-start=\"1405\" data-end=\"1440\">Bed\u00fcrfnis nach Erdung oder Inspiration<\/li>\n<\/ul>\n<p data-start=\"1442\" data-end=\"1587\"><strong>Komposition. Inner Alignment enth\u00e4lt 100 % reine, nat\u00fcrliche \u00e4therische \u00d6le von: <\/strong><\/p>\n<ul>\n<li><strong>Vetiver<\/strong> \u2013 tiefe Erdung, Stabilit\u00e4t, gegen Unruhe und Stress<\/li>\n<li><strong data-start=\"1720\" data-end=\"1733\">Cedarwood<\/strong> \u2013 st\u00e4rkt die Sicherheit und den Schutz<\/li>\n<li><strong data-start=\"1777\" data-end=\"1792\">Ylang Ylang<\/strong> \u2013 \u00f6ffnet das Herz und entspannt die Gef\u00fchle<\/li>\n<li><strong data-start=\"1834\" data-end=\"1846\">Lavendel<\/strong> \u2013 beruhigend, beruhigt Nervensystem und Herzschlag, Br\u00fccke zwischen Herz und Kopf<\/li>\n<li><strong data-start=\"1905\" data-end=\"1919\">Sandelholz<\/strong> \u2013 f\u00f6rdert innere Stille, tiefe Erdung und spirituelle Verbindung<\/li>\n<li><strong data-start=\"1978\" data-end=\"2004\">Weihrauch<\/strong> \u2013 \u00f6ffnet das Kronenchakra und st\u00e4rkt das Seelenbewusstsein<\/li>\n<li data-start=\"1222\" data-end=\"1287\"><strong data-start=\"1222\" data-end=\"1257\">Bergamotte<\/strong> \u2013 Leichtigkeit, Freude<\/li>\n<li class=\"p1\"><strong>Myrrh<\/strong> \u2013 Hilft, alten Schmerz loszulassen, tiefe weibliche Kraft<\/li>\n<\/ul>\n<p><span class=\"s2\">Diese Kombination unterst\u00fctzt <\/span><b>k\u00f6rperorientierte Entspannung<\/b><span class=\"s2\"> (Chakra 1), <\/span><b>emotionale Regulation<\/b><span class=\"s2\"> (Chakra 4) sowie <\/span><b>mentale Entspannung und Vertrauen<\/b><span class=\"s2\"> (Chakra 7).<\/span><\/p>\n<p>Das \u00d6l kann in einen Diffusor gegeben werden, um nach einem anstrengenden emotionalen Tag das Gleichgewicht f\u00fcr Menschen und Tiere wiederherzustellen. Das \u00d6l verbindet sich sehr gut mit der Bl\u00fctenessenz Inner Alignment. <\/p>\n","protected":false},"excerpt":{"rendered":"<div>\n<p>Eine beruhigende \u00d6lmischung, die K\u00f6rper, Herz und Seele verbindet. Mit Zedernholz, Vetiver, Lavendel, Ylang, Ylang, Sandelholz und Weihrauch. Unterst\u00fctzt Chakren 1, 4 und 7 f\u00fcr tiefe Verk\u00f6rperung, Herz\u00f6ffne und spirituelle Verbindung.  <\/p>\n<\/div>\n","protected":false},"featured_media":0,"comment_status":"open","ping_status":"closed","template":"","meta":{"wds_primary_product_brand":0,"wds_primary_product_cat":0,"wds_primary_merken":0},"product_brand":[],"product_cat":[668,6365],"product_tag":[7650,1556,1689,7653,1686,1691,1706,1688],"merken":[],"class_list":{"0":"post-17382","1":"product","2":"type-product","3":"status-publish","5":"product_cat-aromatherapie-de","6":"product_cat-atherische-ole","7":"product_tag-atherische-olrolle","8":"product_tag-chakra-ol","9":"product_tag-erdung","10":"product_tag-herzchakra","11":"product_tag-innere-ausrichtung","12":"product_tag-kronen-chakra","13":"product_tag-ngd-pflege","14":"product_tag-spirituelle-verbindung","15":"infinite-scroll-item","16":"sales-flash-overlay","17":"woocommerce-text-align-center","18":"woocommerce-image-align-center","19":"do-quantity-buttons","21":"first","22":"instock","23":"featured","24":"taxable","25":"shipping-taxable","26":"purchasable","27":"product-type-simple"},"_links":{"self":[{"href":"https:\/\/www.ngdcare.nl\/de\/wp-json\/wp\/v2\/product\/17382","targetHints":{"allow":["GET"]}}],"collection":[{"href":"https:\/\/www.ngdcare.nl\/de\/wp-json\/wp\/v2\/product"}],"about":[{"href":"https:\/\/www.ngdcare.nl\/de\/wp-json\/wp\/v2\/types\/product"}],"replies":[{"embeddable":true,"href":"https:\/\/www.ngdcare.nl\/de\/wp-json\/wp\/v2\/comments?post=17382"}],"wp:attachment":[{"href":"https:\/\/www.ngdcare.nl\/de\/wp-json\/wp\/v2\/media?parent=17382"}],"wp:term":[{"taxonomy":"product_brand","embeddable":true,"href":"https:\/\/www.ngdcare.nl\/de\/wp-json\/wp\/v2\/product_brand?post=17382"},{"taxonomy":"product_cat","embeddable":true,"href":"https:\/\/www.ngdcare.nl\/de\/wp-json\/wp\/v2\/product_cat?post=17382"},{"taxonomy":"product_tag","embeddable":true,"href":"https:\/\/www.ngdcare.nl\/de\/wp-json\/wp\/v2\/product_tag?post=17382"},{"taxonomy":"merken","embeddable":true,"href":"https:\/\/www.ngdcare.nl\/de\/wp-json\/wp\/v2\/merken?post=17382"}],"curies":[{"name":"wp","href":"https:\/\/api.w.org\/{rel}","templated":true}]}}