{"id":19397,"date":"2026-05-07T22:44:34","date_gmt":"2026-05-07T20:44:34","guid":{"rendered":"https:\/\/www.ngdcare.nl\/product\/unkategorisiert\/shilait\/"},"modified":"2026-05-07T22:44:34","modified_gmt":"2026-05-07T20:44:34","slug":"shilait","status":"publish","type":"product","link":"https:\/\/www.ngdcare.nl\/de\/product\/veterinary-health\/orthomolekulare-nahrungserganzungsmittel\/shilait\/","title":{"rendered":"Shilait"},"content":{"rendered":"<p class=\"font-claude-response-body break-words whitespace-normal leading-[1.7]\">Shilajit ist kein gew\u00f6hnliches Erg\u00e4nzungsmittel, sondern ein Phytokomplex: eine biologisch reiche Matrix aus Hunderten von Verbindungen, die durch jahrtausendelange Umwandlung von Pflanzenmaterial durch Mikroorganismen in hohen Gebirgsfelsspalten gebildet wird. Die beiden klinisch relevantesten Fraktionen sind Fulvics\u00e4ure (60 bis 80 % des Extrakts) und Dibenzo-Alpha-Pyrone (DBPs). <\/p>\n<p class=\"font-claude-response-body break-words whitespace-normal leading-[1.7]\">Fulvics\u00e4ure hat ein niedriges Molekulargewicht, das es ihr erm\u00f6glicht, m\u00fchelos durch die Zellw\u00e4nde zu gelangen. Es wirkt als Antioxidans durch Elektronenspende, als Mineraltransporter f\u00fcr Eisen, Zink und Magnesium, als NF-kB-Inhibitor bei chronischen Entz\u00fcndungen und als Stimulator von Akkermansia muciniphila f\u00fcr die Darmbarriere. DBPs sind einzigartige Verbindungen, die sonst nirgendwo in der Natur vorkommen und direkt die mitochondriale Elektronentransportkette unterst\u00fctzen, synergetisch mit CoQ10.  <\/p>\n<p class=\"font-claude-response-body break-words whitespace-normal leading-[1.7]\">Klinisch relevant: Eine randomisierte kontrollierte Studie zeigte, dass acht Wochen Shilajit den Serummarker f\u00fcr die Kollagensynthese Typ I signifikant erh\u00f6hten. Bei Hunden mit Arthritis zeigte eine 120-t\u00e4gige Beobachtungsstudie eine Verringerung von Schmerzen und Entz\u00fcndungen. Eine \u00dcbersichtsarbeit aus dem Jahr 2025 best\u00e4tigte seine Sicherheit und entz\u00fcndungshemmende Wirkung beim Menschen.  <\/p>\n<p class=\"font-claude-response-body break-words whitespace-normal leading-[1.7]\">Shilajit ist die erste Wahl f\u00fcr Menschen in Phase 2 des NGD Care Bowel Protocol. F\u00fcr Tiere bevorzugt die Darmbarriereunterst\u00fctzung (Fulvins\u00e4ure und Humins\u00e4uren). Beide funktionieren \u00fcber dieselben Fulvics\u00e4ure-Mechanismen. Kann auch im Altersprotokoll, Gelenkprotokoll und als separates Supplement bei chronischer Entz\u00fcndung und M\u00fcdigkeit verwendet werden.   <\/p>\n<p>Lesen Sie hier unseren umfangreichen Blog \u00fcber <a href=\"https:\/\/www.ngdcare.nl\/de\/blog-de\/shilait\/\">Shilait<\/a>.<\/p>\n","protected":false},"excerpt":{"rendered":"<p>Shilajit ist ein Hochgebirgsphytokomplex mit einer einzigartigen Kombination aus Fulviks\u00e4ure, Dibenzo-Alpha-Pyronen und Mineralien in ionischer Form. Es unterst\u00fctzt die Energieproduktion der Mitochondrien, hemmt chronische Entz\u00fcndungen, verbessert die Mineralaufnahme und hilft, die Darmbarriere durch die Stimulation von Akkermansia muciniphila wiederherzustellen. Erste Wahl f\u00fcr Personen in Phase 2 des NGD Care Bowel Protocol.  <\/p>\n","protected":false},"featured_media":0,"comment_status":"closed","ping_status":"closed","template":"","meta":{"wds_primary_product_brand":0,"wds_primary_product_cat":0,"wds_primary_merken":0},"product_brand":[],"product_cat":[537,8546],"product_tag":[],"merken":[],"class_list":{"0":"post-19397","1":"product","2":"type-product","3":"status-publish","5":"product_cat-orthomolekulare-nahrungserganzungsmittel","6":"product_cat-veterinary-health","7":"infinite-scroll-item","8":"sales-flash-overlay","9":"woocommerce-text-align-center","10":"woocommerce-image-align-center","11":"do-quantity-buttons","13":"first","14":"instock","15":"taxable","16":"shipping-taxable","17":"purchasable","18":"product-type-simple"},"_links":{"self":[{"href":"https:\/\/www.ngdcare.nl\/de\/wp-json\/wp\/v2\/product\/19397","targetHints":{"allow":["GET"]}}],"collection":[{"href":"https:\/\/www.ngdcare.nl\/de\/wp-json\/wp\/v2\/product"}],"about":[{"href":"https:\/\/www.ngdcare.nl\/de\/wp-json\/wp\/v2\/types\/product"}],"replies":[{"embeddable":true,"href":"https:\/\/www.ngdcare.nl\/de\/wp-json\/wp\/v2\/comments?post=19397"}],"wp:attachment":[{"href":"https:\/\/www.ngdcare.nl\/de\/wp-json\/wp\/v2\/media?parent=19397"}],"wp:term":[{"taxonomy":"product_brand","embeddable":true,"href":"https:\/\/www.ngdcare.nl\/de\/wp-json\/wp\/v2\/product_brand?post=19397"},{"taxonomy":"product_cat","embeddable":true,"href":"https:\/\/www.ngdcare.nl\/de\/wp-json\/wp\/v2\/product_cat?post=19397"},{"taxonomy":"product_tag","embeddable":true,"href":"https:\/\/www.ngdcare.nl\/de\/wp-json\/wp\/v2\/product_tag?post=19397"},{"taxonomy":"merken","embeddable":true,"href":"https:\/\/www.ngdcare.nl\/de\/wp-json\/wp\/v2\/merken?post=19397"}],"curies":[{"name":"wp","href":"https:\/\/api.w.org\/{rel}","templated":true}]}}