{"id":3928,"date":"2025-05-15T09:40:40","date_gmt":"2025-05-15T07:40:40","guid":{"rendered":"https:\/\/www.ngdcare.nl\/product\/unkategorisiert\/liposomales-lactoferrin\/"},"modified":"2026-04-09T21:35:41","modified_gmt":"2026-04-09T19:35:41","slug":"liposomales-lactoferrin","status":"publish","type":"product","link":"https:\/\/www.ngdcare.nl\/de\/product\/naturliche-tierapotheke\/liposomal-de\/liposomales-lactoferrin\/","title":{"rendered":"Liposomales Lactoferrin"},"content":{"rendered":"<p style=\"font-weight: 400;\"><strong>Liposomales Lactoferrin<\/strong> von <strong>NGD Care<\/strong> ist ein leistungsstarkes und breit anwendbares Nahrungserg\u00e4nzungsmittel f\u00fcr Hunde und Katzen, das auf Lactoferrin in liposomaler Form basiert. Diese Formel wurde speziell entwickelt, um die Aufnahme von Lactoferrin auch bei Tieren mit eingeschr\u00e4nkter Darmfunktion, niedrigem Magens\u00e4uregehalt oder Darmschleimhautsch\u00e4den zu maximieren. <\/p>\n<p style=\"font-weight: 400;\">Lactoferrin ist ein multifunktionales, nat\u00fcrliches Protein, das in Muttermilch (insbesondere Kolostrum), Speichel und Tr\u00e4nen vorkommt. Es besitzt eine starke eisenbindende, antimikrobielle, immunmodulative und entz\u00fcndungshemmende Wirkung. <\/p>\n<p style=\"font-weight: 400;\">Dank seiner liposomalen Form bleibt das Protein aktiv und wird effizient im Verdauungstrakt aufgenommen. Damit eignet es sich f\u00fcr ein breites Spektrum an Beschwerden, von <strong>chronischen Darmentz\u00fcndungen<\/strong> und <strong>Infektionen<\/strong> bis hin zu <strong>Giardia<\/strong>, <strong>SIBO,<\/strong> <strong>Candida<\/strong>, <strong>Allergien<\/strong> und <strong>bakterieller \u00dcberwucherung<\/strong>. <\/p>\n","protected":false},"excerpt":{"rendered":"<div>\n<p class=\"p3\">Liposomales Lactoferrin f\u00fcr Hunde und Katzen. Unterst\u00fctzt die Darmgesundheit, das Immunsystem und das mikrobielle Gleichgewicht. Ideal bei Infektionen, SIBO, Candida und Allergien.  <\/p>\n<\/div>\n","protected":false},"featured_media":17696,"comment_status":"open","ping_status":"closed","template":"","meta":[],"product_brand":[],"product_cat":[535,536,537,534,533],"product_tag":[1397,611,1158,933,592,935,1395,724,1396,1398],"merken":[],"class_list":{"0":"post-3928","1":"product","2":"type-product","3":"status-publish","4":"has-post-thumbnail","6":"product_cat-immunsystem","7":"product_cat-liposomal-de","8":"product_cat-orthomolekulare-nahrungserganzungsmittel","9":"product_cat-parasiten","10":"product_cat-verdauung","11":"product_tag-antikorper","12":"product_tag-darmgesundheit","13":"product_tag-entzundung","14":"product_tag-hund","15":"product_tag-immunsystem","16":"product_tag-katze","17":"product_tag-lactoferrin","18":"product_tag-liposomal-de","19":"product_tag-ngd-care-erganzung","20":"product_tag-reparatur-der-schleimhaut","21":"infinite-scroll-item","22":"sales-flash-overlay","23":"woocommerce-text-align-center","24":"woocommerce-image-align-center","25":"do-quantity-buttons","27":"first","28":"instock","29":"taxable","30":"shipping-taxable","31":"purchasable","32":"product-type-simple"},"_links":{"self":[{"href":"https:\/\/www.ngdcare.nl\/de\/wp-json\/wp\/v2\/product\/3928","targetHints":{"allow":["GET"]}}],"collection":[{"href":"https:\/\/www.ngdcare.nl\/de\/wp-json\/wp\/v2\/product"}],"about":[{"href":"https:\/\/www.ngdcare.nl\/de\/wp-json\/wp\/v2\/types\/product"}],"replies":[{"embeddable":true,"href":"https:\/\/www.ngdcare.nl\/de\/wp-json\/wp\/v2\/comments?post=3928"}],"wp:featuredmedia":[{"embeddable":true,"href":"https:\/\/www.ngdcare.nl\/de\/wp-json\/wp\/v2\/media\/17696"}],"wp:attachment":[{"href":"https:\/\/www.ngdcare.nl\/de\/wp-json\/wp\/v2\/media?parent=3928"}],"wp:term":[{"taxonomy":"product_brand","embeddable":true,"href":"https:\/\/www.ngdcare.nl\/de\/wp-json\/wp\/v2\/product_brand?post=3928"},{"taxonomy":"product_cat","embeddable":true,"href":"https:\/\/www.ngdcare.nl\/de\/wp-json\/wp\/v2\/product_cat?post=3928"},{"taxonomy":"product_tag","embeddable":true,"href":"https:\/\/www.ngdcare.nl\/de\/wp-json\/wp\/v2\/product_tag?post=3928"},{"taxonomy":"merken","embeddable":true,"href":"https:\/\/www.ngdcare.nl\/de\/wp-json\/wp\/v2\/merken?post=3928"}],"curies":[{"name":"wp","href":"https:\/\/api.w.org\/{rel}","templated":true}]}}