{"id":3935,"date":"2025-04-05T11:34:11","date_gmt":"2025-04-05T09:34:11","guid":{"rendered":"https:\/\/www.ngdcare.nl\/product\/unkategorisiert\/flugblaetter\/"},"modified":"2025-05-15T16:07:20","modified_gmt":"2025-05-15T14:07:20","slug":"flugblaetter","status":"publish","type":"product","link":"https:\/\/www.ngdcare.nl\/de\/product\/orthomolekulare-nahrungserganzungsmittel\/flugblaetter\/","title":{"rendered":"Flugbl\u00e4tter"},"content":{"rendered":"<p>Wenn Sie als Reseller oder Affiliate Prospekte bestellen m\u00f6chten, k\u00f6nnen Sie dies hier angeben. Diese k\u00f6nnen Sie dann im Rahmen eines Beratungsgespr\u00e4chs zur Information abgeben. <\/p>\n<p>Alle Merkbl\u00e4tter und Flyer k\u00f6nnen beim Login auch digital heruntergeladen werden.<\/p>\n<p>Bitte geben Sie bei der Bestellung in den Kommentaren an, wie viele und welche Merkbl\u00e4tter Sie erhalten m\u00f6chten.<\/p>\n<p>Wir haben allgemeine Brosch\u00fcren von NGD Care und einen Flyer f\u00fcr alle Protokolle erstellt, die wir Ihnen zusenden k\u00f6nnen.<\/p>\n","protected":false},"excerpt":{"rendered":"<p>Hier k\u00f6nnen Sie alle Merkbl\u00e4tter und Flyer der Protokolle von NGD Care bestellen.<\/p>\n","protected":false},"featured_media":18054,"comment_status":"open","ping_status":"closed","template":"","meta":{"wds_primary_product_brand":0,"wds_primary_product_cat":0,"wds_primary_merken":0},"product_brand":[],"product_cat":[537,546],"product_tag":[],"merken":[],"class_list":{"0":"post-3935","1":"product","2":"type-product","3":"status-publish","4":"has-post-thumbnail","6":"product_cat-orthomolekulare-nahrungserganzungsmittel","7":"product_cat-protokolle","8":"infinite-scroll-item","9":"sales-flash-overlay","10":"woocommerce-text-align-center","11":"woocommerce-image-align-center","12":"do-quantity-buttons","14":"first","15":"instock","16":"taxable","17":"shipping-taxable","18":"purchasable","19":"product-type-simple"},"_links":{"self":[{"href":"https:\/\/www.ngdcare.nl\/de\/wp-json\/wp\/v2\/product\/3935","targetHints":{"allow":["GET"]}}],"collection":[{"href":"https:\/\/www.ngdcare.nl\/de\/wp-json\/wp\/v2\/product"}],"about":[{"href":"https:\/\/www.ngdcare.nl\/de\/wp-json\/wp\/v2\/types\/product"}],"replies":[{"embeddable":true,"href":"https:\/\/www.ngdcare.nl\/de\/wp-json\/wp\/v2\/comments?post=3935"}],"wp:featuredmedia":[{"embeddable":true,"href":"https:\/\/www.ngdcare.nl\/de\/wp-json\/wp\/v2\/media\/18054"}],"wp:attachment":[{"href":"https:\/\/www.ngdcare.nl\/de\/wp-json\/wp\/v2\/media?parent=3935"}],"wp:term":[{"taxonomy":"product_brand","embeddable":true,"href":"https:\/\/www.ngdcare.nl\/de\/wp-json\/wp\/v2\/product_brand?post=3935"},{"taxonomy":"product_cat","embeddable":true,"href":"https:\/\/www.ngdcare.nl\/de\/wp-json\/wp\/v2\/product_cat?post=3935"},{"taxonomy":"product_tag","embeddable":true,"href":"https:\/\/www.ngdcare.nl\/de\/wp-json\/wp\/v2\/product_tag?post=3935"},{"taxonomy":"merken","embeddable":true,"href":"https:\/\/www.ngdcare.nl\/de\/wp-json\/wp\/v2\/merken?post=3935"}],"curies":[{"name":"wp","href":"https:\/\/api.w.org\/{rel}","templated":true}]}}