{"id":3951,"date":"2024-11-11T22:02:42","date_gmt":"2024-11-11T21:02:42","guid":{"rendered":"https:\/\/www.ngdcare.nl\/product\/unkategorisiert\/feuerwerks-paket\/"},"modified":"2026-01-02T12:52:03","modified_gmt":"2026-01-02T11:52:03","slug":"feuerwerks-paket","status":"publish","type":"product","link":"https:\/\/www.ngdcare.nl\/de\/veterinary-health\/protokolle\/feuerwerks-paket\/feuerwerks-paket\/","title":{"rendered":"Feuerwerks-Protokoll"},"content":{"rendered":"<p>Das NGD Care Feuerwerksprotokoll hilft Tieren auf emotionaler und k\u00f6rperlicher Ebene mit Angst vor Feuerwerk. Neben der Angst vor Feuerwerk kann dieses Protokoll auch bei Gewittern sowie l\u00e4rmempfindlichen Stress- und Paniksituationen eingesetzt werden.<\/p>\n<p style=\"font-weight: 400;\">Die <strong>kleine Packung<\/strong> enth\u00e4lt <strong>Bl\u00fctenmittel<\/strong> und ein <strong>Aromatherapie-Spray<\/strong> und ist bei leichten Angstzust\u00e4nden geeignet. Die Bl\u00fcten senken den Stresspegel, sorgen f\u00fcr Erdung und reduzieren \u00c4ngste und Panik auf emotionaler Ebene. Die Kombination aus \u00e4therischen \u00d6len geht eine Ebene tiefer und sorgt zudem f\u00fcr Erdung und Abbau von Stress und Angstzust\u00e4nden. Es wird empfohlen, Anfang Dezember damit zu beginnen.   <\/p>\n<p style=\"font-weight: 400;\">Das <strong>umfassende Paket<\/strong> enth\u00e4lt au\u00dferdem <strong>liposomale Ashwagandha\/Rhodiola<\/strong>, <strong>Pilzmischung 2<\/strong> und <strong>CBD-\u00d6l<\/strong>, die das Nervensystem, die Stressregulation und das Immunsystem unterst\u00fctzen. Diese Kombination macht das Tier widerstandsf\u00e4higer gegen Stressreize wie Feuerwerksl\u00e4rm. Es wird empfohlen, dies 2 Monate im Voraus zu beginnen.  <\/p>\n<p style=\"font-weight: 400;\">Bei starken Angstzust\u00e4nden empfehlen wir, das Darmprotokoll und die Verhaltenstherapie 4 Monate im Voraus zu beginnen.<\/p>\n","protected":false},"excerpt":{"rendered":"<p style=\"font-weight: 400;\">Das NGD Care Fireworks Protocol wurde speziell entwickelt, um Tiere mit Feuerwerksangst und anderen traumatischen Paniksituationen zu unterst\u00fctzen. Das kleine P\u00e4ckchen sorgt mit Bl\u00fctenessenzen und \u00e4therischen \u00d6len f\u00fcr emotionales Gleichgewicht. Das gro\u00dfe Paket unterst\u00fctzt auch das k\u00f6rperliche System mit Adaptogenen und CBD-\u00d6l.  <\/p>\n","protected":false},"featured_media":9637,"comment_status":"open","ping_status":"closed","template":"","meta":{"wds_primary_product_brand":0,"wds_primary_product_cat":22,"wds_primary_merken":0},"product_brand":[],"product_cat":[560,546],"product_tag":[1120,1121,763,961,1118,1113,1114,1116,933,935,1117,1115,1063,1119,888],"merken":[],"class_list":{"0":"post-3951","1":"product","2":"type-product","3":"status-publish","4":"has-post-thumbnail","6":"product_cat-benehmen","7":"product_cat-protokolle","8":"product_tag-aromatherapie-de","9":"product_tag-blutentherapie","10":"product_tag-cbd-ol","11":"product_tag-erholung","12":"product_tag-feuerwerk","13":"product_tag-feuerwerks-protokoll","14":"product_tag-furcht","15":"product_tag-gerausche-des-feuerwerks","16":"product_tag-hund","17":"product_tag-katze","18":"product_tag-knallen-de","19":"product_tag-larmbelastigung","20":"product_tag-ngd-pflegeprotokoll","21":"product_tag-panik","22":"product_tag-stress-de","23":"infinite-scroll-item","24":"sales-flash-overlay","25":"woocommerce-text-align-center","26":"woocommerce-image-align-center","27":"do-quantity-buttons","29":"first","30":"instock","31":"sale","32":"taxable","33":"shipping-taxable","34":"purchasable","35":"product-type-variable"},"_links":{"self":[{"href":"https:\/\/www.ngdcare.nl\/de\/wp-json\/wp\/v2\/product\/3951","targetHints":{"allow":["GET"]}}],"collection":[{"href":"https:\/\/www.ngdcare.nl\/de\/wp-json\/wp\/v2\/product"}],"about":[{"href":"https:\/\/www.ngdcare.nl\/de\/wp-json\/wp\/v2\/types\/product"}],"replies":[{"embeddable":true,"href":"https:\/\/www.ngdcare.nl\/de\/wp-json\/wp\/v2\/comments?post=3951"}],"wp:featuredmedia":[{"embeddable":true,"href":"https:\/\/www.ngdcare.nl\/de\/wp-json\/wp\/v2\/media\/9637"}],"wp:attachment":[{"href":"https:\/\/www.ngdcare.nl\/de\/wp-json\/wp\/v2\/media?parent=3951"}],"wp:term":[{"taxonomy":"product_brand","embeddable":true,"href":"https:\/\/www.ngdcare.nl\/de\/wp-json\/wp\/v2\/product_brand?post=3951"},{"taxonomy":"product_cat","embeddable":true,"href":"https:\/\/www.ngdcare.nl\/de\/wp-json\/wp\/v2\/product_cat?post=3951"},{"taxonomy":"product_tag","embeddable":true,"href":"https:\/\/www.ngdcare.nl\/de\/wp-json\/wp\/v2\/product_tag?post=3951"},{"taxonomy":"merken","embeddable":true,"href":"https:\/\/www.ngdcare.nl\/de\/wp-json\/wp\/v2\/merken?post=3951"}],"curies":[{"name":"wp","href":"https:\/\/api.w.org\/{rel}","templated":true}]}}