{"id":3955,"date":"2024-10-01T22:44:06","date_gmt":"2024-10-01T20:44:06","guid":{"rendered":"https:\/\/www.ngdcare.nl\/product\/unkategorisiert\/schmerzprotokoll\/"},"modified":"2026-01-02T13:59:40","modified_gmt":"2026-01-02T12:59:40","slug":"schmerzprotokoll","status":"publish","type":"product","link":"https:\/\/www.ngdcare.nl\/de\/product\/veterinary-health\/protokolle\/schmerzprotokoll\/","title":{"rendered":"Gemeinsames Protokoll"},"content":{"rendered":"<p style=\"font-weight: 400;\">Das <strong>NGD Care Joint Protocol<\/strong> wurde entwickelt, um sowohl pr\u00e4ventive Unterst\u00fctzung als auch therapeutische Linderung bei Gelenkproblemen wie Arthrose zu bieten. Chronische Gelenkschmerzen sind eine h\u00e4ufige Beschwerde bei \u00e4lteren Tieren und Sportrassen und erfordern einen integrierten Ansatz. <\/p>\n<p>Das <strong>therapeutische Protokoll<\/strong> besteht aus:<br \/>\n\u2022 <strong>Calanus\u00f6l<\/strong>: reich an Omega-3-Fetts\u00e4uren und Astaxanthin f\u00fcr entz\u00fcndungshemmenden und Knorpelschutz<br \/>\n\u2022 <strong>Mobility Support<\/strong>: Eierschalenmembran mit Kollagen, Glucosamin und Hyalurons\u00e4ure<br \/>\n\u2022 <strong>PEA-Komplex<\/strong>: liposomale Schmerzlinderung bei chronischen Entz\u00fcndungen<br \/>\n\u2022 <strong>CBD-\u00d6l<\/strong>: wirkt synergistisch mit PEA und reduziert Angstzust\u00e4nde, Schmerzen und Stress<br \/>\n\u2022 <strong>Myco Immune Complex<\/strong>: Vitalpilze mit entz\u00fcndungshemmender und immunmodulierender Wirkung<\/p>\n<p style=\"font-weight: 400;\">Wenn es noch keine Beschwerden gibt, Sie aber eine gute Unterst\u00fctzung als <strong>vorbeugende Therapie<\/strong> suchen. Dann reicht die Kombination aus <strong>Calanus\u00f6l<\/strong> und der <strong>Eierschalenmembran<\/strong> aus. <\/p>\n<p style=\"font-weight: 400;\"><span style=\"font-size: inherit;\">Bei einer Kombination mit anderen Beschwerden (wie Haut-, Darm- oder Verhaltensauff\u00e4lligkeiten) oder wenn Schmerzbeschwerden l\u00e4nger als 6 Monate bestehen, wird zus\u00e4tzlich das <strong>Darmprotokoll<\/strong> empfohlen. C <\/span>Hronischer Schmerz hat auch gro\u00dfe Auswirkungen auf andere Organe.<\/p>\n","protected":false},"excerpt":{"rendered":"<p style=\"font-weight: 400;\">Das NGD Care Joint Protocol wurde entwickelt, um flexible Gelenke, Mobilit\u00e4t und Komfort zu unterst\u00fctzen. Er konzentriert sich darauf, Entz\u00fcndungsreaktionen zu reduzieren, Knorpel zu unterst\u00fctzen und die Bewegungsfreiheit zu verbessern. <\/p>\n","protected":false},"featured_media":12186,"comment_status":"open","ping_status":"closed","template":"","meta":{"wds_primary_product_brand":0,"wds_primary_product_cat":185,"wds_primary_merken":0},"product_brand":[],"product_cat":[546],"product_tag":[1090,1039,1093,616,1040,1091,997,602,1038,1089,933,935,1042,1092,1041,1043,1063,881],"merken":[],"class_list":{"0":"post-3955","1":"product","2":"type-product","3":"status-publish","4":"has-post-thumbnail","6":"product_cat-protokolle","7":"product_tag-arthritis","8":"product_tag-arthrose","9":"product_tag-boswellia-de","10":"product_tag-calanusol","11":"product_tag-cbd-de","12":"product_tag-entzundungshemmend-de","13":"product_tag-erbse","14":"product_tag-fugen","15":"product_tag-gelenkschmerz","16":"product_tag-gemeinsames-protokoll","17":"product_tag-hund","18":"product_tag-katze","19":"product_tag-kollagen","20":"product_tag-membran-aus-eierschalen","21":"product_tag-mobilitat","22":"product_tag-myco-de","23":"product_tag-ngd-pflegeprotokoll","24":"product_tag-vitalpilze","25":"infinite-scroll-item","26":"sales-flash-overlay","27":"woocommerce-text-align-center","28":"woocommerce-image-align-center","29":"do-quantity-buttons","31":"first","32":"instock","33":"sale","34":"taxable","35":"shipping-taxable","36":"purchasable","37":"product-type-variable"},"_links":{"self":[{"href":"https:\/\/www.ngdcare.nl\/de\/wp-json\/wp\/v2\/product\/3955","targetHints":{"allow":["GET"]}}],"collection":[{"href":"https:\/\/www.ngdcare.nl\/de\/wp-json\/wp\/v2\/product"}],"about":[{"href":"https:\/\/www.ngdcare.nl\/de\/wp-json\/wp\/v2\/types\/product"}],"replies":[{"embeddable":true,"href":"https:\/\/www.ngdcare.nl\/de\/wp-json\/wp\/v2\/comments?post=3955"}],"wp:featuredmedia":[{"embeddable":true,"href":"https:\/\/www.ngdcare.nl\/de\/wp-json\/wp\/v2\/media\/12186"}],"wp:attachment":[{"href":"https:\/\/www.ngdcare.nl\/de\/wp-json\/wp\/v2\/media?parent=3955"}],"wp:term":[{"taxonomy":"product_brand","embeddable":true,"href":"https:\/\/www.ngdcare.nl\/de\/wp-json\/wp\/v2\/product_brand?post=3955"},{"taxonomy":"product_cat","embeddable":true,"href":"https:\/\/www.ngdcare.nl\/de\/wp-json\/wp\/v2\/product_cat?post=3955"},{"taxonomy":"product_tag","embeddable":true,"href":"https:\/\/www.ngdcare.nl\/de\/wp-json\/wp\/v2\/product_tag?post=3955"},{"taxonomy":"merken","embeddable":true,"href":"https:\/\/www.ngdcare.nl\/de\/wp-json\/wp\/v2\/merken?post=3955"}],"curies":[{"name":"wp","href":"https:\/\/api.w.org\/{rel}","templated":true}]}}