{"id":3956,"date":"2024-10-01T23:53:00","date_gmt":"2024-10-01T21:53:00","guid":{"rendered":"https:\/\/www.ngdcare.nl\/product\/unkategorisiert\/altersprotokoll\/"},"modified":"2026-01-30T00:07:41","modified_gmt":"2026-01-29T23:07:41","slug":"altersprotokoll","status":"publish","type":"product","link":"https:\/\/www.ngdcare.nl\/de\/product\/veterinary-health\/protokolle\/altersprotokoll\/","title":{"rendered":"Altersprotokoll"},"content":{"rendered":"<p data-start=\"484\" data-end=\"832\">Das NGD Care Aging Protocol wurde speziell entwickelt, um Alterungsprozesse bei Hunden und Katzen <strong data-start=\"584\" data-end=\"601\">von innen heraus zu <\/strong> unterst\u00fctzen.<br data-start=\"618\" data-end=\"621\">Das Altern geht mit Ver\u00e4nderungen auf Zell- und Gewebeebene einher.<\/p>\n<ul>\n<li data-start=\"1150\" data-end=\"1194\">Abnahme der mitochondrialen Energieproduktion<\/li>\n<li data-start=\"1197\" data-end=\"1241\">Zunahme von oxidativem Stress und Zellsch\u00e4den<\/li>\n<li data-start=\"1244\" data-end=\"1297\">Chronische, leichtgradige Entz\u00fcndung (&#8222;Inflammaging&#8220;)<\/li>\n<li data-start=\"1300\" data-end=\"1341\">Reduzierte Kollagen- und Gewebeansammlung<\/li>\n<li data-start=\"1344\" data-end=\"1391\">Abnahme der Mikrobiomvielfalt und Verdauung<\/li>\n<\/ul>\n<p data-start=\"834\" data-end=\"1046\">Wir sehen das Altern als ein Zusammenspiel biologischer Systeme, die sich st\u00e4ndig gegenseitig beeinflussen. Dieses Protokoll konzentriert sich nicht auf Symptomkontrolle, sondern darauf, <strong data-start=\"899\" data-end=\"970\">den Verfall zu verlangsamen und die Genesungsf\u00e4higkeit zu unterst\u00fctzen<\/strong>, damit Tiere so lange wie m\u00f6glich vital, komfortabel und lebensfreudig bleiben. <\/p>\n<p data-start=\"834\" data-end=\"1046\">Das NGD Care Old Age Protocol unterst\u00fctzt diese Systeme gleichzeitig und in Verbindung, sodass sich der K\u00f6rper weiterhin anpassen, erholen und so gut wie m\u00f6glich im Gleichgewicht altern kann.<\/p>\n<h2 data-start=\"1434\" data-end=\"1469\">Inhalt des Altersprotokolls<\/h2>\n<ul>\n<li data-start=\"1471\" data-end=\"1508\"><strong>Liposomaler Langlebigkeitskomplex<\/strong>\n<ul>\n<li data-start=\"1509\" data-end=\"1645\">Unterst\u00fctzt den zellul\u00e4ren Energiestoffwechsel, DNA-Reparatur und den Schutz von Antioxidantien. Tr\u00e4gt zu einem gesunden Altern auf zellul\u00e4rer Ebene bei. <\/li>\n<\/ul>\n<\/li>\n<li data-start=\"1647\" data-end=\"1679\"><strong>Liposomales Koenzym Q10<\/strong>\n<ul>\n<li data-start=\"1680\" data-end=\"1830\">Unverzichtbar f\u00fcr die mitochondriale Energieproduktion. Unterst\u00fctzt Herz, Muskeln und Ausdauer und hilft, M\u00fcdigkeit bei \u00e4lteren Tieren zu reduzieren. <\/li>\n<\/ul>\n<\/li>\n<li data-start=\"1832\" data-end=\"1862\"><strong>Liposomales Glutathion<\/strong>\n<ul>\n<li data-start=\"1863\" data-end=\"1986\">Ein kraftvolles eigenes Antioxidans des K\u00f6rpers, das die Zellen vor oxidativen Sch\u00e4den sch\u00fctzt und das Entgiftungssystem unterst\u00fctzt.<\/li>\n<\/ul>\n<\/li>\n<li data-start=\"1988\" data-end=\"2024\"><strong>Liposomales Histamingleichgewicht<\/strong>\n<ul>\n<li data-start=\"2025\" data-end=\"2201\">MSM liefert bioverf\u00fcgbaren Schwefel f\u00fcr den Aufbau von Kollagen und Bindegewebe.<\/li>\n<li data-start=\"2025\" data-end=\"2201\">Quercetin sch\u00fctzt die Zellen vor freien Radikalen und unterst\u00fctzt das Altern von Gewebe und Organen.<\/li>\n<\/ul>\n<\/li>\n<li><strong>Liposomaler Curcumin-Extrakt  <\/strong>\n<ul>\n<li data-start=\"2025\" data-end=\"2201\">Starkes nat\u00fcrliches Antirheumatikum und Antioxidans. Curcumin unterst\u00fctzt die Regulation von leichtgradigen Entz\u00fcndungen. <\/li>\n<\/ul>\n<\/li>\n<li data-start=\"2203\" data-end=\"2232\"><strong data-start=\"2210\" data-end=\"2230\">Mobilit\u00e4tsunterst\u00fctzung<\/strong>\n<ul>\n<li data-start=\"2233\" data-end=\"2413\">Ziel ist es, eine sanfte Bewegung, den Gelenkkomfort und die Muskelfunktion zu erhalten. Unterst\u00fctzt das muskuloskelettale System bei altersbedingter Steifheit und verminderter Lastkapazit\u00e4t. <\/li>\n<\/ul>\n<\/li>\n<li data-start=\"2415\" data-end=\"2479\"><strong data-start=\"2422\" data-end=\"2477\">Liposomaler Myco-Immunkomplex<\/strong>\n<ul>\n<li data-start=\"2480\" data-end=\"2643\">Enth\u00e4lt vier medizinische Pilze zur Unterst\u00fctzung des Immunsystems, der Tumorunterdr\u00fcckung und der Darmgesundheit. Die Beta-Glukane wirken ebenfalls als Pr\u00e4biotika. <\/li>\n<\/ul>\n<\/li>\n<li data-start=\"2645\" data-end=\"2712\"><strong data-start=\"2652\" data-end=\"2710\">Liposomaler Myco-Adaptogen-Komplex<\/strong>\n<ul>\n<li data-start=\"2713\" data-end=\"2837\">Adaptogene Pilze zur Unterst\u00fctzung von Stressregulation, Resilienz, Energie und Verhalten alternder Tiere.<\/li>\n<\/ul>\n<\/li>\n<li data-start=\"2878\" data-end=\"3014\"><strong>. Omega-Mischung<\/strong>\n<ul>\n<li data-start=\"3037\" data-end=\"3214\">Sehr reine Omega-3-Quelle mit entz\u00fcndungshemmenden Eigenschaften. Unterst\u00fctzt Gelenke, Gehirn und das Immunsystem. Innerhalb der chinesischen Ern\u00e4hrung wird mit Kidney Yin assoziiert.  <\/li>\n<\/ul>\n<\/li>\n<li data-start=\"3216\" data-end=\"3235\"><strong>Pr\u00e4biotische Ballaststoffe<\/strong>\n<ul>\n<li data-start=\"3236\" data-end=\"3373\">Unterst\u00fctzen Sie das Mikrobiom, helfen Sie bei der Vorbeugung von Dysbiosen und tragen Sie zu einer besseren N\u00e4hrstoffaufnahme bei \u2013 was im Alter unerl\u00e4sslich ist.<\/li>\n<\/ul>\n<\/li>\n<\/ul>\n<h4 data-start=\"3306\" data-end=\"3342\">Wann ist dieses Protokoll geeignet?<\/h4>\n<ul>\n<li data-start=\"3343\" data-end=\"3570\">F\u00fcr \u00e4ltere Hunde und Katzen<\/li>\n<li data-start=\"3343\" data-end=\"3570\">Zur Unterst\u00fctzung des Immunsystems und der zellul\u00e4ren Gesundheit<\/li>\n<li data-start=\"3343\" data-end=\"3570\">Pr\u00e4vention ab dem mittleren Alter<\/li>\n<\/ul>\n","protected":false},"excerpt":{"rendered":"<p class=\"p1\">Unterst\u00fctzung des Alterns mit NAD, Eierschalenmembran, Pilzen und Omega 3. F\u00fcr flexible Gelenke, ein starkes Immunsystem und ein langes, gesundes Leben. <\/p>\n","protected":false},"featured_media":13270,"comment_status":"open","ping_status":"closed","template":"","meta":{"wds_primary_product_brand":0,"wds_primary_product_cat":15,"wds_primary_merken":0},"product_brand":[],"product_cat":[546],"product_tag":[1075,1072,612,933,935,626,1063,1073,1074,614],"merken":[],"class_list":{"0":"post-3956","1":"product","2":"type-product","3":"status-publish","4":"has-post-thumbnail","6":"product_cat-protokolle","7":"product_tag-altern","8":"product_tag-alterungsprotokoll","9":"product_tag-energie-de","10":"product_tag-hund","11":"product_tag-katze","12":"product_tag-langlebigkeit","13":"product_tag-ngd-pflegeprotokoll","14":"product_tag-senior-de","15":"product_tag-verjungung","16":"product_tag-vitalitat","17":"infinite-scroll-item","18":"sales-flash-overlay","19":"woocommerce-text-align-center","20":"woocommerce-image-align-center","21":"do-quantity-buttons","23":"first","24":"instock","25":"sale","26":"taxable","27":"shipping-taxable","28":"purchasable","29":"product-type-simple"},"_links":{"self":[{"href":"https:\/\/www.ngdcare.nl\/de\/wp-json\/wp\/v2\/product\/3956","targetHints":{"allow":["GET"]}}],"collection":[{"href":"https:\/\/www.ngdcare.nl\/de\/wp-json\/wp\/v2\/product"}],"about":[{"href":"https:\/\/www.ngdcare.nl\/de\/wp-json\/wp\/v2\/types\/product"}],"replies":[{"embeddable":true,"href":"https:\/\/www.ngdcare.nl\/de\/wp-json\/wp\/v2\/comments?post=3956"}],"wp:featuredmedia":[{"embeddable":true,"href":"https:\/\/www.ngdcare.nl\/de\/wp-json\/wp\/v2\/media\/13270"}],"wp:attachment":[{"href":"https:\/\/www.ngdcare.nl\/de\/wp-json\/wp\/v2\/media?parent=3956"}],"wp:term":[{"taxonomy":"product_brand","embeddable":true,"href":"https:\/\/www.ngdcare.nl\/de\/wp-json\/wp\/v2\/product_brand?post=3956"},{"taxonomy":"product_cat","embeddable":true,"href":"https:\/\/www.ngdcare.nl\/de\/wp-json\/wp\/v2\/product_cat?post=3956"},{"taxonomy":"product_tag","embeddable":true,"href":"https:\/\/www.ngdcare.nl\/de\/wp-json\/wp\/v2\/product_tag?post=3956"},{"taxonomy":"merken","embeddable":true,"href":"https:\/\/www.ngdcare.nl\/de\/wp-json\/wp\/v2\/merken?post=3956"}],"curies":[{"name":"wp","href":"https:\/\/api.w.org\/{rel}","templated":true}]}}