{"id":3966,"date":"2024-10-01T23:20:24","date_gmt":"2024-10-01T21:20:24","guid":{"rendered":"https:\/\/www.ngdcare.nl\/product\/unkategorisiert\/stress-protokoll\/"},"modified":"2026-01-28T22:02:15","modified_gmt":"2026-01-28T21:02:15","slug":"stress-protokoll","status":"publish","type":"product","link":"https:\/\/www.ngdcare.nl\/de\/product\/protokolle\/stress-protokoll\/","title":{"rendered":"Verhaltensprotokoll"},"content":{"rendered":"<p style=\"font-weight: 400;\">Stress und Unruhe sind Hauptursachen f\u00fcr chronische Probleme bei Tieren. Sie sorgen f\u00fcr eine kontinuierliche Aktivierung des sympathischen Nervensystems, sodass der K\u00f6rper &#8222;eingeschaltet&#8220; bleibt. Dies f\u00fchrt zu einem schlechteren Magen-Darm-Trakt, einem geschw\u00e4chten Immunsystem und einer erh\u00f6hten Entz\u00fcndungsaktivit\u00e4t. Das Verhaltensprotokoll von NGD Care kombiniert vier leistungsstarke nat\u00fcrliche Nahrungserg\u00e4nzungsmittel: Adaptogene, medizinische Pilze, CBD-\u00d6l und Entspannungsunterst\u00fctzung. Diese Kombination stellt das Gleichgewicht zwischen sympathischem und parasympathischem Nervensystem wieder her, unterst\u00fctzt die Darmfunktion und reduziert Reizbarkeit und Verspannungen. In der chinesischen Medizin sind Stress und Emotionen mit der Leber verbunden. Dieses Protokoll wirkt daher breit, sowohl energetisch als auch physiologisch.      <\/p>\n<p style=\"font-weight: 400;\">Im Falle chronischer Verhaltensprobleme empfehlen wir, das Protokoll mit dem <a href=\"https:\/\/www.ngdcare.nl\/de\/product\/verdauung\/darmprotokoll\/\">Darmprotokoll<\/a> zu kombinieren. Der Grund daf\u00fcr ist, dass das parasympathische Nervensystem kontinuierlich unterdr\u00fcckt wird, was zu einer chronischen Unterdr\u00fcckung des Magen-Darm-Systems f\u00fchrt. Die S\u00e4ureproduktion im Magen ist geringer, die Darmbewegungen sind geringer, das Mikrobiom wird abgebaut und f\u00fchrt schlie\u00dflich zu Magenbeschwerden, chronischen Darmbeschwerden und M\u00fcdigkeitsproblemen.  <\/p>\n<p>Wenn der Stress akut und kurzfristig ist, wie ein Urlaub, ein neuer Welpe oder etwas Hektik bei der Arbeit, k\u00f6nnen Sie dieses Verhaltensprotokoll ohne Aufsicht starten.<\/p>\n<p>Das Verhaltensprotokoll besteht aus<\/p>\n<ul>\n<li><strong><a href=\"https:\/\/www.ngdcare.nl\/de\/product\/naturliche-tierapotheke\/liposomal-de\/liposomaler-adaptogen-komplex\/\">Der Adaptogen-Komplex<\/a> <\/strong>enth\u00e4lt liposomales Ashwagandha mit Rhodiola und beide seiner Adaptogene. Sie regulieren die Stressregulation, indem sie Cortisol und Adrenalin senken und den Serotoninspiegel erh\u00f6hen. Es findet ein Gleichgewicht zwischen Stress, M\u00fcdigkeit und der F\u00e4higkeit, sich von einer stressigen Situation zu erholen.  <\/li>\n<li class=\"O1\"><a href=\"https:\/\/www.ngdcare.nl\/de\/product\/naturliche-tierapotheke\/liposomal-de\/liposomales-cbd-oel\/\"><strong>CBD-\u00d6l<\/strong><\/a> reguliert Schlaf, Appetit, Schmerzempfindung und das Immunsystem und ist daher wichtig f\u00fcr Stress und alle damit verbundenen Beschwerden wie Schmerzen und ein vermindertes parasympathisches Nervensystem.<\/li>\n<li class=\"O1\">Der <a href=\"https:\/\/www.ngdcare.nl\/de\/product\/naturliche-tierapotheke\/liposomal-de\/liposomaler-myco-adaptogen-komplex\/\"><strong>Myco-Adaptogen-Komplex<\/strong><\/a> enth\u00e4lt 4 Medizinpilze. Diese haben auch eine adaptogene Wirkung. Was sie zus\u00e4tzlich zur Stressreduktion tun, ist, das Immunsystem zu st\u00e4rken, was mehr Kontrolle \u00fcber Stress erm\u00f6glicht. Die Pilze wirken au\u00dferdem als Pr\u00e4biotika und unterst\u00fctzen somit das Mikrobiom und haben einen positiven Einfluss auf die Funktion des Magen-Darm-Trakts.   <\/li>\n<li>Die<strong> <a href=\"https:\/\/www.ngdcare.nl\/de\/product\/orthomolekulare-nahrungserganzungsmittel\/liposomale-magnesium-entspannungsunterstuetzung\/\">Relax-Unterst\u00fctzung<\/a><\/strong> enth\u00e4lt liposomales Magnesium, L-Theanin, L-Tryptophan und Vitamin B6. Dieser Komplex unterst\u00fctzt die normale Funktion des Nervensystems, eine ausgewogene Stimmung und ein gesundes Schlaf-Wach-Gleichgewicht. <\/li>\n<\/ul>\n<p>Durch die Kombination dieser vier Nahrungserg\u00e4nzungsmittel entsteht eine sehr sch\u00f6ne synergistische Kombination, die bei akutem und chronischem Stress eingesetzt werden kann.<\/p>\n<p>Dieses Verhaltensprotokoll eignet sich sehr gut, um noch mehr mit verschiedenen <a href=\"https:\/\/www.ngdcare.nl\/de\/product-categorie\/bluten-heilmittel\/\">Bl\u00fctenmitteln<\/a> oder <a href=\"https:\/\/www.ngdcare.nl\/de\/product-categorie\/aromatherapie-de\/\">\u00e4therischen \u00d6len <\/a>f\u00fcr ein emotionales und energetisches Gleichgewicht zu unterst\u00fctzen.<\/p>\n","protected":false},"excerpt":{"rendered":"<p style=\"font-weight: 400;\">Das NGD Care Behavioural Protocol unterst\u00fctzt Tiere mit Stress, Unruhe, Angst und \u00dcberreizung. Es hilft, das Nervensystem zu beruhigen, f\u00f6rdert das emotionale Gleichgewicht und unterst\u00fctzt die Erholung von kurz- und langfristigem Stressstress. <\/p>\n","protected":false},"featured_media":12097,"comment_status":"open","ping_status":"closed","template":"","meta":[],"product_brand":[],"product_cat":[546],"product_tag":[1143,1120,956,829,763,961,1114,933,935,1063,957,888,1142,881],"merken":[],"class_list":{"0":"post-3966","1":"product","2":"type-product","3":"status-publish","4":"has-post-thumbnail","6":"product_cat-protokolle","7":"product_tag-adaptogene-de","8":"product_tag-aromatherapie-de","9":"product_tag-ashwagandha-de","10":"product_tag-benehmen","11":"product_tag-cbd-ol","12":"product_tag-erholung","13":"product_tag-furcht","14":"product_tag-hund","15":"product_tag-katze","16":"product_tag-ngd-pflegeprotokoll","17":"product_tag-rhodiola-de","18":"product_tag-stress-de","19":"product_tag-stress-protokoll","20":"product_tag-vitalpilze","21":"infinite-scroll-item","22":"sales-flash-overlay","23":"woocommerce-text-align-center","24":"woocommerce-image-align-center","25":"do-quantity-buttons","27":"first","28":"instock","29":"sale","30":"taxable","31":"shipping-taxable","32":"purchasable","33":"product-type-simple"},"_links":{"self":[{"href":"https:\/\/www.ngdcare.nl\/de\/wp-json\/wp\/v2\/product\/3966","targetHints":{"allow":["GET"]}}],"collection":[{"href":"https:\/\/www.ngdcare.nl\/de\/wp-json\/wp\/v2\/product"}],"about":[{"href":"https:\/\/www.ngdcare.nl\/de\/wp-json\/wp\/v2\/types\/product"}],"replies":[{"embeddable":true,"href":"https:\/\/www.ngdcare.nl\/de\/wp-json\/wp\/v2\/comments?post=3966"}],"wp:featuredmedia":[{"embeddable":true,"href":"https:\/\/www.ngdcare.nl\/de\/wp-json\/wp\/v2\/media\/12097"}],"wp:attachment":[{"href":"https:\/\/www.ngdcare.nl\/de\/wp-json\/wp\/v2\/media?parent=3966"}],"wp:term":[{"taxonomy":"product_brand","embeddable":true,"href":"https:\/\/www.ngdcare.nl\/de\/wp-json\/wp\/v2\/product_brand?post=3966"},{"taxonomy":"product_cat","embeddable":true,"href":"https:\/\/www.ngdcare.nl\/de\/wp-json\/wp\/v2\/product_cat?post=3966"},{"taxonomy":"product_tag","embeddable":true,"href":"https:\/\/www.ngdcare.nl\/de\/wp-json\/wp\/v2\/product_tag?post=3966"},{"taxonomy":"merken","embeddable":true,"href":"https:\/\/www.ngdcare.nl\/de\/wp-json\/wp\/v2\/merken?post=3966"}],"curies":[{"name":"wp","href":"https:\/\/api.w.org\/{rel}","templated":true}]}}