{"id":3969,"date":"2024-06-17T19:07:59","date_gmt":"2024-06-17T17:07:59","guid":{"rendered":"https:\/\/www.ngdcare.nl\/product\/unkategorisiert\/biofilm-reiniger\/"},"modified":"2026-04-29T22:57:14","modified_gmt":"2026-04-29T20:57:14","slug":"biofilm-reiniger","status":"publish","type":"product","link":"https:\/\/www.ngdcare.nl\/de\/product\/veterinary-health\/orthomolekulare-nahrungserganzungsmittel\/biofilm-reiniger\/","title":{"rendered":"Biofilm-Bilanz"},"content":{"rendered":"<div>\n<div class=\"standard-markdown grid-cols-1 grid [&amp;_&gt;_*]:min-w-0 gap-3\">\n<p class=\"font-claude-response-body break-words whitespace-normal leading-[1.7]\">Biofilm-Balance (fr\u00fcher Enzymmischung 2): NAC, Lactoferrin und Enzyme f\u00fcr den Abbau von Biofilmen und die Darmsanierung bei Hunden und Katzen<\/p>\n<\/div>\n<\/div>\n<div>\n<div class=\"standard-markdown grid-cols-1 grid [&amp;_&gt;_*]:min-w-0 gap-3\">\n<p class=\"font-claude-response-body break-words whitespace-normal leading-[1.7]\">Chronische Darmbeschwerden, wiederkehrende Hautprobleme, Ohrenentz\u00fcndungen und leichte Entz\u00fcndungen haben oft einen gemeinsamen Grund bei Hunden und Katzen: den pathogenen Biofilm. Ein Biofilm ist eine Schutzmatrix aus Polysacchariden, Proteinen und extrazellul\u00e4rer DNA, die es Bakterien, Hefen und Parasiten erm\u00f6glicht, sich an die Darmwand zu heften und sich effektiv vor dem Immunsystem zu sch\u00fctzen. Solange dieser Biofilm intakt ist, werden die Beschwerden unabh\u00e4ngig von weiteren Eingriffen weiterhin auftreten.  <\/p>\n<\/div>\n<\/div>\n<div>\n<div class=\"standard-markdown grid-cols-1 grid [&amp;_&gt;_*]:min-w-0 gap-3\">\n<p class=\"font-claude-response-body break-words whitespace-normal leading-[1.7]\">Biofilm-Balance kombiniert drei Komponenten, von denen jede eine andere Schicht der Biofilmstruktur anspricht. NAC (N-Acetylcystein) zerst\u00f6rt die extrazellul\u00e4re Biofilmmatrix durch den Abbau von Disulfidbr\u00fccken in der Proteinkomponente, was zum Verlust der strukturellen Integrit\u00e4t des Biofilms f\u00fchrt. Gleichzeitig ist NAC ein Glutathion-Vorl\u00e4ufer, der die antioxidative und immune Kapazit\u00e4t der Leber und Darmwand wiederherstellt.  <\/p>\n<\/div>\n<\/div>\n<div>\n<div class=\"standard-markdown grid-cols-1 grid [&amp;_&gt;_*]:min-w-0 gap-3\">\n<p class=\"font-claude-response-body break-words whitespace-normal leading-[1.7]\">Lactoferrin f\u00fcgt einen zweiten und mechanistisch erg\u00e4nzenden Biofilmansatz hinzu. Durch Eisenbindung entzieht Lactoferrin pathogene Mikroorganismen einen wesentlichen Wachstumsfaktor, der die Biofilmbildung direkt hemmt. Dar\u00fcber hinaus st\u00f6rt Lactoferricin, das aktive Peptid von Lactoferrin, die Membranintegrit\u00e4t von gramnegativen Bakterien und bestimmten Hefen durch direkte Bindung an Lipopolysaccharid. Neuere Studien zeigen, dass Lactoferrin sowohl die Bildung von Biofilmen hemmt als auch bestehende Biofilme unabh\u00e4ngig von seiner bakteriziden Aktivit\u00e4t destabilisiert. Lactoferrin stimuliert gleichzeitig n\u00fctzliche kommensale Bakterien, wodurch es die einzige Komponente dieses Produkts ist, die aktiv zwischen pathogenen und kommensalen Bakterien unterscheidet.    <\/p>\n<\/div>\n<\/div>\n<div>\n<div class=\"standard-markdown grid-cols-1 grid [&amp;_&gt;_*]:min-w-0 gap-3\">\n<p class=\"font-claude-response-body break-words whitespace-normal leading-[1.7]\">Amylase, Protease und Lipase sind Verdauungsenzyme, die Kohlenhydrate, Proteine bzw. Fette in der Biofilmmatrix abbauen. Die extrazellul\u00e4re Matrix des Biofilms besteht aus diesen drei makromolekularen Klassen; Gezielter enzymatischer Abbau macht die Matrix zunehmend por\u00f6ser und zug\u00e4nglicher f\u00fcr die anderen Komponenten und das Immunsystem. <\/p>\n<\/div>\n<\/div>\n<div>\n<div class=\"standard-markdown grid-cols-1 grid [&amp;_&gt;_*]:min-w-0 gap-3\">\n<p class=\"font-claude-response-body break-words whitespace-normal leading-[1.7]\">Biofilm-Balance ist als Teil eines integralen Darmprotokolls gedacht. Der Biofilmabbau setzt Toxine frei, die Leberlast, eine Entgiftungsreaktion und eine Herxheimer-Reaktion verursachen k\u00f6nnen. Das Produkt wird daher immer mit unterst\u00fctzenden Mitteln f\u00fcr Leber, Darm und Immunsystem kombiniert, wie sie im NGD <a href=\"https:\/\/www.ngdcare.nl\/de\/product\/protokolle\/darmprotokoll\/\">Care Gut Protocol<\/a> angeboten werden.  <\/p>\n<\/div>\n<\/div>\n<div>\n<div class=\"standard-markdown grid-cols-1 grid [&amp;_&gt;_*]:min-w-0 gap-3\">\n<p class=\"font-claude-response-body break-words whitespace-normal leading-[1.7]\">M\u00f6chten Sie mehr \u00fcber den wissenschaftlichen Hintergrund von Biofilm, die Rolle von Laktoferrin und Enzymen sowie deren Anwendung bei Hunden und Katzen erfahren? Lesen Sie den ausf\u00fchrlichen Hintergrundbeitrag: Biofilm-Balance: die Wissenschaft hinter Biofilmabbau im Darm erkl\u00e4rt. <\/p>\n<\/div>\n<\/div>\n","protected":false},"excerpt":{"rendered":"<div>\n<p class=\"p3\">Starke Kombination aus Enzymen, Lactoferrin und NAC zum Abbau des pathogenen Biofilms im Dickdarm bei Hunden und Katzen. Teil des Darm-Protokolls. <\/p>\n<\/div>\n","protected":false},"featured_media":17740,"comment_status":"open","ping_status":"closed","template":"","meta":{"wds_primary_product_brand":0,"wds_primary_product_cat":16,"wds_primary_merken":0},"product_brand":[],"product_cat":[537],"product_tag":[604,593,611,595,607,597,615,590,592,591,601,599,598,605,613,608,594,589,619,606,617,609],"merken":[],"class_list":{"0":"post-3969","1":"product","2":"type-product","3":"status-publish","4":"has-post-thumbnail","6":"product_cat-orthomolekulare-nahrungserganzungsmittel","7":"product_tag-amylase-de","8":"product_tag-antioxidans","9":"product_tag-darmgesundheit","10":"product_tag-detox-de","11":"product_tag-entgiftung","12":"product_tag-enzyme","13":"product_tag-fettverdauung","14":"product_tag-hunde","15":"product_tag-immunsystem","16":"product_tag-katzen","17":"product_tag-lipase-de","18":"product_tag-n-acetylcystein","19":"product_tag-nac-de","20":"product_tag-protease-de","21":"product_tag-proteinverdauung","22":"product_tag-schutz-der-leber","23":"product_tag-schutz-der-zellen","24":"product_tag-tiere","25":"product_tag-verdauung-de","26":"product_tag-verdauung","27":"product_tag-verdauung-von-kohlenhydraten","28":"product_tag-verdauungsenzyme","29":"infinite-scroll-item","30":"sales-flash-overlay","31":"woocommerce-text-align-center","32":"woocommerce-image-align-center","33":"do-quantity-buttons","35":"first","36":"instock","37":"taxable","38":"shipping-taxable","39":"purchasable","40":"product-type-simple"},"_links":{"self":[{"href":"https:\/\/www.ngdcare.nl\/de\/wp-json\/wp\/v2\/product\/3969","targetHints":{"allow":["GET"]}}],"collection":[{"href":"https:\/\/www.ngdcare.nl\/de\/wp-json\/wp\/v2\/product"}],"about":[{"href":"https:\/\/www.ngdcare.nl\/de\/wp-json\/wp\/v2\/types\/product"}],"replies":[{"embeddable":true,"href":"https:\/\/www.ngdcare.nl\/de\/wp-json\/wp\/v2\/comments?post=3969"}],"wp:featuredmedia":[{"embeddable":true,"href":"https:\/\/www.ngdcare.nl\/de\/wp-json\/wp\/v2\/media\/17740"}],"wp:attachment":[{"href":"https:\/\/www.ngdcare.nl\/de\/wp-json\/wp\/v2\/media?parent=3969"}],"wp:term":[{"taxonomy":"product_brand","embeddable":true,"href":"https:\/\/www.ngdcare.nl\/de\/wp-json\/wp\/v2\/product_brand?post=3969"},{"taxonomy":"product_cat","embeddable":true,"href":"https:\/\/www.ngdcare.nl\/de\/wp-json\/wp\/v2\/product_cat?post=3969"},{"taxonomy":"product_tag","embeddable":true,"href":"https:\/\/www.ngdcare.nl\/de\/wp-json\/wp\/v2\/product_tag?post=3969"},{"taxonomy":"merken","embeddable":true,"href":"https:\/\/www.ngdcare.nl\/de\/wp-json\/wp\/v2\/merken?post=3969"}],"curies":[{"name":"wp","href":"https:\/\/api.w.org\/{rel}","templated":true}]}}