{"id":3973,"date":"2024-04-22T22:57:26","date_gmt":"2024-04-22T20:57:26","guid":{"rendered":"https:\/\/www.ngdcare.nl\/product\/unkategorisiert\/testbox-ngd-pflege\/"},"modified":"2026-04-07T17:26:49","modified_gmt":"2026-04-07T15:26:49","slug":"testbox-ngd-pflege","status":"publish","type":"product","link":"https:\/\/www.ngdcare.nl\/de\/product\/orthomolekulare-nahrungserganzungsmittel\/testbox-ngd-pflege\/","title":{"rendered":"Testbox NGD-Pflege"},"content":{"rendered":"<p>Diese Testbox enth\u00e4lt alle NGDCare-Nahrungserg\u00e4nzungsmittel (also keine Blumenmittel, \u00e4therische \u00d6le, Ozon- und kolloidale Produkte). Die Tester k\u00f6nnen verwendet werden, um Bioresonanz, Kinesiologie oder Biotensor zu testen. <\/p>\n","protected":false},"excerpt":{"rendered":"<p>Testbox mit allen NGD Care Nahrungserg\u00e4nzungsmitteln<\/p>\n","protected":false},"featured_media":18065,"comment_status":"open","ping_status":"closed","template":"","meta":{"wds_primary_product_brand":0,"wds_primary_product_cat":15,"wds_primary_merken":0},"product_brand":[],"product_cat":[537],"product_tag":[],"merken":[],"class_list":{"0":"post-3973","1":"product","2":"type-product","3":"status-publish","4":"has-post-thumbnail","6":"product_cat-orthomolekulare-nahrungserganzungsmittel","7":"infinite-scroll-item","8":"sales-flash-overlay","9":"woocommerce-text-align-center","10":"woocommerce-image-align-center","11":"do-quantity-buttons","13":"first","14":"instock","15":"taxable","16":"shipping-taxable","17":"purchasable","18":"product-type-simple"},"_links":{"self":[{"href":"https:\/\/www.ngdcare.nl\/de\/wp-json\/wp\/v2\/product\/3973","targetHints":{"allow":["GET"]}}],"collection":[{"href":"https:\/\/www.ngdcare.nl\/de\/wp-json\/wp\/v2\/product"}],"about":[{"href":"https:\/\/www.ngdcare.nl\/de\/wp-json\/wp\/v2\/types\/product"}],"replies":[{"embeddable":true,"href":"https:\/\/www.ngdcare.nl\/de\/wp-json\/wp\/v2\/comments?post=3973"}],"wp:featuredmedia":[{"embeddable":true,"href":"https:\/\/www.ngdcare.nl\/de\/wp-json\/wp\/v2\/media\/18065"}],"wp:attachment":[{"href":"https:\/\/www.ngdcare.nl\/de\/wp-json\/wp\/v2\/media?parent=3973"}],"wp:term":[{"taxonomy":"product_brand","embeddable":true,"href":"https:\/\/www.ngdcare.nl\/de\/wp-json\/wp\/v2\/product_brand?post=3973"},{"taxonomy":"product_cat","embeddable":true,"href":"https:\/\/www.ngdcare.nl\/de\/wp-json\/wp\/v2\/product_cat?post=3973"},{"taxonomy":"product_tag","embeddable":true,"href":"https:\/\/www.ngdcare.nl\/de\/wp-json\/wp\/v2\/product_tag?post=3973"},{"taxonomy":"merken","embeddable":true,"href":"https:\/\/www.ngdcare.nl\/de\/wp-json\/wp\/v2\/merken?post=3973"}],"curies":[{"name":"wp","href":"https:\/\/api.w.org\/{rel}","templated":true}]}}