{"id":3975,"date":"2024-03-04T08:38:40","date_gmt":"2024-03-04T08:38:40","guid":{"rendered":"https:\/\/www.ngdcare.nl\/product\/unkategorisiert\/ozon-ohrentropfen\/"},"modified":"2025-08-10T22:51:06","modified_gmt":"2025-08-10T20:51:06","slug":"ozon-ohrentropfen","status":"publish","type":"product","link":"https:\/\/www.ngdcare.nl\/de\/product\/ohren\/ozon-ohrentropfen\/","title":{"rendered":"Ozon Ohrentropfen \u2013 OzonEar"},"content":{"rendered":"<p class=\"p1\">Die NGD Care Ozone Ohrentropfen wurden speziell f\u00fcr Hunde und Katzen mit Ohrenproblemen wie Entz\u00fcndungen, \u00fcberm\u00e4\u00dfiger Ohrenschmalzproduktion oder unangenehmen Ger\u00fcchen entwickelt.<\/p>\n<p class=\"p1\">Diese Tropfen werden aus <span class=\"s1\"><b>ozonisiertem Kokos\u00f6l und Oliven\u00f6l<\/b><\/span> hergestellt, einer sanften, aber kraftvollen Formel, die tief im Ohr wirkt. Ozon ist bekannt f\u00fcr seine starken antibakteriellen, antiviralen und antimykotischen Eigenschaften, w\u00e4hrend Kokos\u00f6l die Haut beruhigt und mit Feuchtigkeit versorgt. <\/p>\n<p class=\"p1\">Dank der nat\u00fcrlichen Zusammensetzung eignen sich diese Tropfen f\u00fcr die regelm\u00e4\u00dfige Anwendung, sowohl vorbeugend als auch bei beginnenden Beschwerden. Das Produkt ist frei von chemischen Zus\u00e4tzen und f\u00fcr empfindliche Ohren geeignet. <\/p>\n","protected":false},"excerpt":{"rendered":"<p class=\"p1\">Nat\u00fcrliche Ohrentropfen mit ozonisiertem Kokos\u00f6l und Oliven\u00f6l zur Unterst\u00fctzung von Ohrenentz\u00fcndungen und Ohrenhygiene bei Hunden und Katzen.<\/p>\n","protected":false},"featured_media":0,"comment_status":"open","ping_status":"closed","template":"","meta":[],"product_brand":[],"product_cat":[639,640],"product_tag":[647,645,649,651,590,591,1283,643,644,641,652,589],"merken":[],"class_list":{"0":"post-3975","1":"product","2":"type-product","3":"status-publish","5":"product_cat-ohren","6":"product_cat-ozon-de","7":"product_tag-anti-hefe","8":"product_tag-antibakteriell","9":"product_tag-antifungiell","10":"product_tag-baut-biofilm-ab","11":"product_tag-hunde","12":"product_tag-katzen","13":"product_tag-ngd-care-ozon-de","14":"product_tag-ohrentropfen","15":"product_tag-ozon-de","16":"product_tag-ozon-ohrentropfen","17":"product_tag-reparatur-von-gewebe","18":"product_tag-tiere","19":"infinite-scroll-item","20":"sales-flash-overlay","21":"woocommerce-text-align-center","22":"woocommerce-image-align-center","23":"do-quantity-buttons","25":"first","26":"instock","27":"taxable","28":"shipping-taxable","29":"purchasable","30":"product-type-simple"},"_links":{"self":[{"href":"https:\/\/www.ngdcare.nl\/de\/wp-json\/wp\/v2\/product\/3975","targetHints":{"allow":["GET"]}}],"collection":[{"href":"https:\/\/www.ngdcare.nl\/de\/wp-json\/wp\/v2\/product"}],"about":[{"href":"https:\/\/www.ngdcare.nl\/de\/wp-json\/wp\/v2\/types\/product"}],"replies":[{"embeddable":true,"href":"https:\/\/www.ngdcare.nl\/de\/wp-json\/wp\/v2\/comments?post=3975"}],"wp:attachment":[{"href":"https:\/\/www.ngdcare.nl\/de\/wp-json\/wp\/v2\/media?parent=3975"}],"wp:term":[{"taxonomy":"product_brand","embeddable":true,"href":"https:\/\/www.ngdcare.nl\/de\/wp-json\/wp\/v2\/product_brand?post=3975"},{"taxonomy":"product_cat","embeddable":true,"href":"https:\/\/www.ngdcare.nl\/de\/wp-json\/wp\/v2\/product_cat?post=3975"},{"taxonomy":"product_tag","embeddable":true,"href":"https:\/\/www.ngdcare.nl\/de\/wp-json\/wp\/v2\/product_tag?post=3975"},{"taxonomy":"merken","embeddable":true,"href":"https:\/\/www.ngdcare.nl\/de\/wp-json\/wp\/v2\/merken?post=3975"}],"curies":[{"name":"wp","href":"https:\/\/api.w.org\/{rel}","templated":true}]}}