{"id":3977,"date":"2024-03-02T21:37:21","date_gmt":"2024-03-02T21:37:21","guid":{"rendered":"https:\/\/www.ngdcare.nl\/product\/unkategorisiert\/aroma-spruehflasche\/"},"modified":"2025-05-15T15:50:26","modified_gmt":"2025-05-15T13:50:26","slug":"aroma-spruehflasche","status":"publish","type":"product","link":"https:\/\/www.ngdcare.nl\/de\/product\/aromatherapie-de\/aroma-spruehflasche\/","title":{"rendered":"Aroma-Spr\u00fchflasche"},"content":{"rendered":"<p>Die Spr\u00fchflasche eignet sich, um eine Verd\u00fcnnung einer \u00e4therischen \u00d6lmischung selbst herzustellen. Sie k\u00f6nnen 1 ml \u00e4therisches \u00d6l mit 100-200 ml Wasser mischen. <\/p>\n<p>Die Spr\u00fchflasche kann mit den \u00e4therischen \u00d6lmischungen NGD Care Floh- und Zeckenunterst\u00fctzung, Erdungsunterst\u00fctzung, Stressunterst\u00fctzung und Angstunterst\u00fctzung verwendet werden.<\/p>\n","protected":false},"excerpt":{"rendered":"<p>Die Spr\u00fchflasche eignet sich, um eine Verd\u00fcnnung einer \u00e4therischen \u00d6lmischung selbst herzustellen. Sie k\u00f6nnen 1 ml \u00e4therisches \u00d6l mit 100-200 ml Wasser mischen. Die Spr\u00fchflasche kann mit den \u00e4therischen \u00d6lmischungen NGD Care Floh- und Zeckenunterst\u00fctzung, Erdungsunterst\u00fctzung, Stressunterst\u00fctzung und Angstunterst\u00fctzung verwendet werden.<\/p>\n","protected":false},"featured_media":12584,"comment_status":"open","ping_status":"closed","template":"","meta":[],"product_brand":[],"product_cat":[668],"product_tag":[],"merken":[],"class_list":{"0":"post-3977","1":"product","2":"type-product","3":"status-publish","4":"has-post-thumbnail","6":"product_cat-aromatherapie-de","7":"infinite-scroll-item","8":"sales-flash-overlay","9":"woocommerce-text-align-center","10":"woocommerce-image-align-center","11":"do-quantity-buttons","13":"first","14":"instock","15":"taxable","16":"shipping-taxable","17":"purchasable","18":"product-type-simple"},"_links":{"self":[{"href":"https:\/\/www.ngdcare.nl\/de\/wp-json\/wp\/v2\/product\/3977","targetHints":{"allow":["GET"]}}],"collection":[{"href":"https:\/\/www.ngdcare.nl\/de\/wp-json\/wp\/v2\/product"}],"about":[{"href":"https:\/\/www.ngdcare.nl\/de\/wp-json\/wp\/v2\/types\/product"}],"replies":[{"embeddable":true,"href":"https:\/\/www.ngdcare.nl\/de\/wp-json\/wp\/v2\/comments?post=3977"}],"wp:featuredmedia":[{"embeddable":true,"href":"https:\/\/www.ngdcare.nl\/de\/wp-json\/wp\/v2\/media\/12584"}],"wp:attachment":[{"href":"https:\/\/www.ngdcare.nl\/de\/wp-json\/wp\/v2\/media?parent=3977"}],"wp:term":[{"taxonomy":"product_brand","embeddable":true,"href":"https:\/\/www.ngdcare.nl\/de\/wp-json\/wp\/v2\/product_brand?post=3977"},{"taxonomy":"product_cat","embeddable":true,"href":"https:\/\/www.ngdcare.nl\/de\/wp-json\/wp\/v2\/product_cat?post=3977"},{"taxonomy":"product_tag","embeddable":true,"href":"https:\/\/www.ngdcare.nl\/de\/wp-json\/wp\/v2\/product_tag?post=3977"},{"taxonomy":"merken","embeddable":true,"href":"https:\/\/www.ngdcare.nl\/de\/wp-json\/wp\/v2\/merken?post=3977"}],"curies":[{"name":"wp","href":"https:\/\/api.w.org\/{rel}","templated":true}]}}