{"id":3981,"date":"2024-02-27T22:17:45","date_gmt":"2024-02-27T22:17:45","guid":{"rendered":"https:\/\/www.ngdcare.nl\/product\/unkategorisiert\/unterstuetzung-der-aromaerde\/"},"modified":"2026-01-25T21:55:32","modified_gmt":"2026-01-25T20:55:32","slug":"unterstuetzung-der-aromaerde","status":"publish","type":"product","link":"https:\/\/www.ngdcare.nl\/de\/product\/veterinary-health\/aromatherapie-de\/unterstuetzung-der-aromaerde\/","title":{"rendered":"Erdungsunterst\u00fctzung"},"content":{"rendered":"<p data-start=\"762\" data-end=\"1068\">Manche Tiere sind leicht unruhig, schreckhaft oder scheinen &#8222;in ihrem K\u00f6rper nicht richtig zu sein&#8220;. Dies kann sich in wachem Verhalten, unruhiger Bewegung, schlechter Entspannung oder Schwierigkeiten bei der Erholung nach Reizen \u00e4u\u00dfern. <span class=\"s1\"><b>NGD Care Grounding Support<\/b><\/span> ist eine sorgf\u00e4ltig zusammengestellte Mischung, die dem Tier hilft, sich zu erden und zu entspannen.<br data-start=\"971\" data-end=\"974\">Grounding Support ist darauf ausgelegt, dem Tier sowohl k\u00f6rperlich als auch emotional beim Landen <strong data-start=\"1018\" data-end=\"1038\">zu helfen<\/strong>. <\/p>\n<p data-start=\"1070\" data-end=\"1227\">Die Kombination aus erdenden und beruhigenden \u00e4therischen \u00d6len unterst\u00fctzt das <strong data-start=\"1146\" data-end=\"1193\">Gef\u00fchl von Sicherheit und K\u00f6rperbewusstsein<\/strong>, ohne das Tier zu unterdr\u00fccken.<\/p>\n<h4><strong data-start=\"688\" data-end=\"705\">Zusammensetzung<\/strong><\/h4>\n<ul>\n<li data-start=\"797\" data-end=\"872\"><strong data-start=\"797\" data-end=\"811\">Sandelholz<\/strong> \u2013 vertiefend und stabilisierend, unterst\u00fctzt inneren Frieden<\/li>\n<li data-start=\"875\" data-end=\"951\"><strong data-start=\"875\" data-end=\"888\">Zedernholz<\/strong> \u2013 erdend und sch\u00fctzend, f\u00f6rdert Sicherheit und Stabilit\u00e4t<\/li>\n<li data-start=\"954\" data-end=\"1032\"><strong data-start=\"954\" data-end=\"967\">Patchouli \u2013 starke Erdung<\/strong> , hilft bei Unruhe und emotionaler Zersplitterung<\/li>\n<li data-start=\"1035\" data-end=\"1108\"><strong data-start=\"1035\" data-end=\"1046\">Vetiver<\/strong> \u2013 tiefe Erdung, unterst\u00fctzt die Regulation des Nervensystems<\/li>\n<li data-start=\"1111\" data-end=\"1176\"><strong data-start=\"1111\" data-end=\"1122\">Zypresse<\/strong> \u2013 hilft, Spannungen zu l\u00f6sen und f\u00f6rdert den Durchfluss<\/li>\n<li data-start=\"1179\" data-end=\"1257\"><strong data-start=\"1179\" data-end=\"1188\">Myrrh<\/strong> \u2013 beruhigend und heilend, unterst\u00fctzt emotionale Belastung<\/li>\n<li data-start=\"1260\" data-end=\"1337\"><strong data-start=\"1260\" data-end=\"1276\">Weihrauch<\/strong> \u2013 regulierend und harmonisierend, unterst\u00fctzt Fokus und Gleichgewicht<\/li>\n<\/ul>\n<h4><strong data-start=\"1990\" data-end=\"2015\">Verf\u00fcgbare Varianten<\/strong><\/h4>\n<ul>\n<li><strong>Walze<\/strong>\n<ul>\n<li data-start=\"2032\" data-end=\"2069\">Zur direkten Anwendung am Tier<\/li>\n<li data-start=\"2072\" data-end=\"2114\">Ideal bei akuter Unruhe oder Instabilit\u00e4t<\/li>\n<li data-start=\"2117\" data-end=\"2150\">Geeignet f\u00fcr den t\u00e4glichen Gebrauch<\/li>\n<\/ul>\n<\/li>\n<li data-start=\"2117\" data-end=\"2150\"><strong>Reines \u00d6l<\/strong>\n<ul>\n<li data-start=\"2171\" data-end=\"2201\">F\u00fcr den Einsatz in einem Diffusor<\/li>\n<li data-start=\"2204\" data-end=\"2242\">Kann mit einem Tr\u00e4ger\u00f6l verd\u00fcnnt werden<\/li>\n<li data-start=\"2245\" data-end=\"2282\">Unterst\u00fctzt den Frieden im Wohnumfeld<\/li>\n<\/ul>\n<\/li>\n<\/ul>\n","protected":false},"excerpt":{"rendered":"<p class=\"p1\">NGD Care \u2013 Grounding Support ist eine nat\u00fcrliche Aromatherapie-Mischung f\u00fcr Hunde und Katzen, die Schwierigkeiten beim Erdung haben, sich unsicher f\u00fchlen oder leicht aus dem Gleichgewicht geraten. Diese Mischung unterst\u00fctzt ein Gef\u00fchl von Stabilit\u00e4t, Ruhe und k\u00f6rperlicher Pr\u00e4senz. <\/p>\n","protected":false},"featured_media":12763,"comment_status":"open","ping_status":"closed","template":"","meta":{"wds_primary_product_brand":0,"wds_primary_product_cat":88,"wds_primary_merken":0},"product_brand":[],"product_cat":[668],"product_tag":[7071,7072,7134,7133,1646,7137,7136,7135],"merken":[],"class_list":{"0":"post-3981","1":"product","2":"type-product","3":"status-publish","4":"has-post-thumbnail","6":"product_cat-aromatherapie-de","7":"product_tag-aromatherapie-tiere","8":"product_tag-atherisches-ol-fur-hunde-2","9":"product_tag-erdende-katze","10":"product_tag-erdungshund","11":"product_tag-naturliche-ruhe","12":"product_tag-ngd-care-atherisches-ol","13":"product_tag-reizempfindliches-tier","14":"product_tag-unruhehund","15":"infinite-scroll-item","16":"sales-flash-overlay","17":"woocommerce-text-align-center","18":"woocommerce-image-align-center","19":"do-quantity-buttons","21":"first","22":"instock","23":"taxable","24":"shipping-taxable","25":"purchasable","26":"product-type-variable"},"_links":{"self":[{"href":"https:\/\/www.ngdcare.nl\/de\/wp-json\/wp\/v2\/product\/3981","targetHints":{"allow":["GET"]}}],"collection":[{"href":"https:\/\/www.ngdcare.nl\/de\/wp-json\/wp\/v2\/product"}],"about":[{"href":"https:\/\/www.ngdcare.nl\/de\/wp-json\/wp\/v2\/types\/product"}],"replies":[{"embeddable":true,"href":"https:\/\/www.ngdcare.nl\/de\/wp-json\/wp\/v2\/comments?post=3981"}],"wp:featuredmedia":[{"embeddable":true,"href":"https:\/\/www.ngdcare.nl\/de\/wp-json\/wp\/v2\/media\/12763"}],"wp:attachment":[{"href":"https:\/\/www.ngdcare.nl\/de\/wp-json\/wp\/v2\/media?parent=3981"}],"wp:term":[{"taxonomy":"product_brand","embeddable":true,"href":"https:\/\/www.ngdcare.nl\/de\/wp-json\/wp\/v2\/product_brand?post=3981"},{"taxonomy":"product_cat","embeddable":true,"href":"https:\/\/www.ngdcare.nl\/de\/wp-json\/wp\/v2\/product_cat?post=3981"},{"taxonomy":"product_tag","embeddable":true,"href":"https:\/\/www.ngdcare.nl\/de\/wp-json\/wp\/v2\/product_tag?post=3981"},{"taxonomy":"merken","embeddable":true,"href":"https:\/\/www.ngdcare.nl\/de\/wp-json\/wp\/v2\/merken?post=3981"}],"curies":[{"name":"wp","href":"https:\/\/api.w.org\/{rel}","templated":true}]}}