{"id":3989,"date":"2024-02-27T22:22:58","date_gmt":"2024-02-27T22:22:58","guid":{"rendered":"https:\/\/www.ngdcare.nl\/product\/unkategorisiert\/unterstuetzung-bei-aromaangst\/"},"modified":"2026-01-25T21:27:41","modified_gmt":"2026-01-25T20:27:41","slug":"unterstuetzung-bei-aromaangst","status":"publish","type":"product","link":"https:\/\/www.ngdcare.nl\/de\/product\/aromatherapie-de\/unterstuetzung-bei-aromaangst\/","title":{"rendered":"Angstunterst\u00fctzung"},"content":{"rendered":"<p class=\"p1\"><span class=\"s1\"><b>NGD Care \u2013 Anxiety Support<\/b><\/span> ist eine nat\u00fcrliche Aromatherapie-Mischung, die speziell f\u00fcr Hunde und Katzen mit Angstproblemen entwickelt wurde. Denken Sie an Trennungsangst, Feuerwerksstress, Gewitter, Tierarztbesuche oder andere aufregende Situationen. Angstunterst\u00fctzung ist darauf ausgelegt, das <strong data-start=\"901\" data-end=\"962\">Nervensystem auf sanfte, nat\u00fcrliche Weise<\/strong> zu unterst\u00fctzen, ohne Bet\u00e4ubung oder Unterdr\u00fcckung.  <\/p>\n<p data-start=\"1233\" data-end=\"1386\">Diese Formel eignet sich sowohl f\u00fcr <strong data-start=\"1263\" data-end=\"1308\">Tiere als auch f\u00fcr die Nutzung in der Wohnumgebung<\/strong>, sodass auch der Haushalt von einer beruhigenden Atmosph\u00e4re profitieren kann.<\/p>\n<h4 data-start=\"1393\" data-end=\"1423\"><strong data-start=\"1396\" data-end=\"1423\">Zusammensetzung und Wirkung<\/strong><\/h4>\n<ul>\n<li data-start=\"1426\" data-end=\"1500\"><strong data-start=\"1426\" data-end=\"1443\">R\u00f6mische Kamille<\/strong> \u2013 beruhigend und beruhigend gegen Spannung und Nervosit\u00e4t<\/li>\n<li data-start=\"1503\" data-end=\"1590\"><strong data-start=\"1503\" data-end=\"1516\">Cedarwood<\/strong> \u2013 unterst\u00fctzt inneren Frieden, Stabilit\u00e4t und ein Gef\u00fchl von Sicherheit<\/li>\n<li data-start=\"1593\" data-end=\"1665\"><strong data-start=\"1593\" data-end=\"1604\">Copaiba<\/strong> \u2013 erdend und entspannend, hilft bei emotionaler Dysregulation<\/li>\n<li data-start=\"1668\" data-end=\"1738\"><strong data-start=\"1668\" data-end=\"1680\">Bergamotte<\/strong> \u2013 Aufbau und Ausgleich bei Stress und \u00dcberstimulation<\/li>\n<li data-start=\"1741\" data-end=\"1826\"><strong data-start=\"1741\" data-end=\"1767\">Weihrauch<\/strong> \u2013 vertieft und reguliert, unterst\u00fctzt das Nervensystem<\/li>\n<\/ul>\n<p>Die Kombination hat eine harmoniserende Wirkung sowohl auf das emotionale als auch auf das k\u00f6rperliche Stresssystem. Die \u00d6le verst\u00e4rken sich gegenseitig und bilden zusammen eine ausgewogene, beruhigende Mischung. <\/p>\n<h4 data-start=\"1935\" data-end=\"1963\"><strong data-start=\"1938\" data-end=\"1963\">Verf\u00fcgbare Varianten<\/strong><\/h4>\n<ul>\n<li><strong>Walze<\/strong>\n<ul>\n<li data-start=\"1980\" data-end=\"2017\">Verd\u00fcnnte Mischung f\u00fcr direkte topische Anwendung am Tier<\/li>\n<li data-start=\"2020\" data-end=\"2053\">Ideal f\u00fcr akute Stressmomente<\/li>\n<li data-start=\"2056\" data-end=\"2108\">Praktisch f\u00fcr unterwegs oder in spannenden Situationen<\/li>\n<\/ul>\n<\/li>\n<li data-start=\"2056\" data-end=\"2108\"><strong>Reines \u00d6l  <\/strong>\n<ul>\n<li data-start=\"2129\" data-end=\"2168\">Geeignet f\u00fcr den Einsatz in einem Diffusor<\/li>\n<li data-start=\"2240\" data-end=\"2281\">Unterst\u00fctzt au\u00dferdem den Frieden in der Wohnumgebung<\/li>\n<\/ul>\n<\/li>\n<\/ul>\n","protected":false},"excerpt":{"rendered":"<p class=\"p1\">NGD Care \u2013 Anxiety Support ist eine sorgf\u00e4ltig formulierte Aromatherapiemischung f\u00fcr Hunde und Katzen, die Unterst\u00fctzung bei Angst, Stress und inneren Unruhen gebrauchen k\u00f6nnte.<br data-start=\"572\" data-end=\"575\">Die Mischung wird bei Trennungsangst, Feuerwerk, Gewittern, Tierarztbesuchen und anderen spannenden Situationen eingesetzt.<\/p>\n","protected":false},"featured_media":12743,"comment_status":"open","ping_status":"closed","template":"","meta":[],"product_brand":[],"product_cat":[668],"product_tag":[7069,7071,7072,7068,1118,1114,1646,1706,7070],"merken":[],"class_list":{"0":"post-3989","1":"product","2":"type-product","3":"status-publish","4":"has-post-thumbnail","6":"product_cat-aromatherapie-de","7":"product_tag-angstkatze","8":"product_tag-aromatherapie-tiere","9":"product_tag-atherisches-ol-fur-hunde-2","10":"product_tag-fear-dog","11":"product_tag-feuerwerk","12":"product_tag-furcht","13":"product_tag-naturliche-ruhe","14":"product_tag-ngd-pflege","15":"product_tag-stresshund","16":"infinite-scroll-item","17":"sales-flash-overlay","18":"woocommerce-text-align-center","19":"woocommerce-image-align-center","20":"do-quantity-buttons","22":"first","23":"instock","24":"taxable","25":"shipping-taxable","26":"purchasable","27":"product-type-variable"},"_links":{"self":[{"href":"https:\/\/www.ngdcare.nl\/de\/wp-json\/wp\/v2\/product\/3989","targetHints":{"allow":["GET"]}}],"collection":[{"href":"https:\/\/www.ngdcare.nl\/de\/wp-json\/wp\/v2\/product"}],"about":[{"href":"https:\/\/www.ngdcare.nl\/de\/wp-json\/wp\/v2\/types\/product"}],"replies":[{"embeddable":true,"href":"https:\/\/www.ngdcare.nl\/de\/wp-json\/wp\/v2\/comments?post=3989"}],"wp:featuredmedia":[{"embeddable":true,"href":"https:\/\/www.ngdcare.nl\/de\/wp-json\/wp\/v2\/media\/12743"}],"wp:attachment":[{"href":"https:\/\/www.ngdcare.nl\/de\/wp-json\/wp\/v2\/media?parent=3989"}],"wp:term":[{"taxonomy":"product_brand","embeddable":true,"href":"https:\/\/www.ngdcare.nl\/de\/wp-json\/wp\/v2\/product_brand?post=3989"},{"taxonomy":"product_cat","embeddable":true,"href":"https:\/\/www.ngdcare.nl\/de\/wp-json\/wp\/v2\/product_cat?post=3989"},{"taxonomy":"product_tag","embeddable":true,"href":"https:\/\/www.ngdcare.nl\/de\/wp-json\/wp\/v2\/product_tag?post=3989"},{"taxonomy":"merken","embeddable":true,"href":"https:\/\/www.ngdcare.nl\/de\/wp-json\/wp\/v2\/merken?post=3989"}],"curies":[{"name":"wp","href":"https:\/\/api.w.org\/{rel}","templated":true}]}}