{"id":4015,"date":"2024-01-25T10:04:17","date_gmt":"2024-01-25T10:04:17","guid":{"rendered":"https:\/\/www.ngdcare.nl\/product\/unkategorisiert\/aroma-mundstuetze\/"},"modified":"2025-08-05T22:32:44","modified_gmt":"2025-08-05T20:32:44","slug":"aroma-mundstuetze","status":"publish","type":"product","link":"https:\/\/www.ngdcare.nl\/de\/product\/veterinary-health\/aromatherapie-de\/aroma-mundstuetze\/","title":{"rendered":"Aroma Mundst\u00fctze"},"content":{"rendered":"<p class=\"p1\"><span class=\"s1\"><b>NGD Care \u2013 Mouth Support<\/b><\/span> ist eine nat\u00fcrliche Aromatherapie-Formel f\u00fcr Z\u00e4hne und Zahnfleisch von Hunden und Katzen. Bestehend aus \u00e4therischen \u00d6len mit <span class=\"s1\"><b>antibakteriellen<\/b><\/span>, <span class=\"s1\"><b>entz\u00fcndungshemmenden<\/b><\/span> und <span class=\"s1\"><b>erfrischenden<\/b><\/span>Eigenschaften, wird dieses Mundspray f\u00fcr die sichere Anwendung im Mund in destilliertem Wasser aufgel\u00f6st. <\/p>\n<p class=\"p1\">Das Spray hilft bei:<\/p>\n<ul>\n<li>\n<p class=\"p1\"><b>Mundgeruch (Halitosis)<\/b><b><\/b><\/p>\n<\/li>\n<li>\n<p class=\"p1\"><b>Gingivitis<\/b><b><\/b><\/p>\n<\/li>\n<li>\n<p class=\"p1\"><b>Unterst\u00fctzung des oralen Mikrobioms<\/b><b><\/b><\/p>\n<\/li>\n<li>\n<p class=\"p1\"><b>Vorbeugung von Plaque\/Zahnstein<\/b><\/p>\n<\/li>\n<\/ul>\n<p class=\"p4\"><b>Aktive \u00d6le:<\/b><b><\/b><\/p>\n<ul>\n<li>\n<p class=\"p1\"><span class=\"s1\"><b>Super Minze und Fenchel<\/b><\/span> \u2013 f\u00fcr einen frischen Duft und eine milde antibakterielle Wirkung<\/p>\n<\/li>\n<li>\n<p class=\"p1\"><span class=\"s1\"><b>Koriander &amp; Copaiba<\/b><\/span> \u2013 helfen durch antibakterielle und entz\u00fcndungshemmende Wirkung, das Zahnfleisch gesund zu halten<\/p>\n<\/li>\n<li>\n<p class=\"p1\"><span class=\"s1\"><b>Myrrhe &amp; Rosmarin<\/b><\/span> \u2013 traditionell bei Zahnfleischerkrankungen eingesetzt<\/p>\n<\/li>\n<li>\n<p class=\"p1\"><span class=\"s1\"><b>Lavendel<\/b><\/span> \u2013 beruhigend und lindernd f\u00fcr die Schleimh\u00e4ute<\/p>\n<\/li>\n<\/ul>\n<p class=\"p1\">Das Spray eignet sich sehr gut zur Unterst\u00fctzung neben dem Z\u00e4hneputzen oder dem Auftragen einer Ozoncreme.<\/p>\n","protected":false},"excerpt":{"rendered":"<p class=\"p1\">NGD Care Mouth Support ist ein nat\u00fcrliches Mundspray auf Basis von \u00e4therischen \u00d6len, um die Mundgesundheit von Hunden und Katzen zu unterst\u00fctzen. Erfrischt den Atem und st\u00fctzt Zahnfleisch und Z\u00e4hne. <\/p>\n","protected":false},"featured_media":12611,"comment_status":"open","ping_status":"closed","template":"","meta":{"wds_primary_product_brand":0,"wds_primary_product_cat":19,"wds_primary_merken":0},"product_brand":[],"product_cat":[668,692],"product_tag":[],"merken":[],"class_list":{"0":"post-4015","1":"product","2":"type-product","3":"status-publish","4":"has-post-thumbnail","6":"product_cat-aromatherapie-de","7":"product_cat-zahne","8":"infinite-scroll-item","9":"sales-flash-overlay","10":"woocommerce-text-align-center","11":"woocommerce-image-align-center","12":"do-quantity-buttons","14":"first","15":"instock","16":"taxable","17":"shipping-taxable","18":"purchasable","19":"product-type-simple"},"_links":{"self":[{"href":"https:\/\/www.ngdcare.nl\/de\/wp-json\/wp\/v2\/product\/4015","targetHints":{"allow":["GET"]}}],"collection":[{"href":"https:\/\/www.ngdcare.nl\/de\/wp-json\/wp\/v2\/product"}],"about":[{"href":"https:\/\/www.ngdcare.nl\/de\/wp-json\/wp\/v2\/types\/product"}],"replies":[{"embeddable":true,"href":"https:\/\/www.ngdcare.nl\/de\/wp-json\/wp\/v2\/comments?post=4015"}],"wp:featuredmedia":[{"embeddable":true,"href":"https:\/\/www.ngdcare.nl\/de\/wp-json\/wp\/v2\/media\/12611"}],"wp:attachment":[{"href":"https:\/\/www.ngdcare.nl\/de\/wp-json\/wp\/v2\/media?parent=4015"}],"wp:term":[{"taxonomy":"product_brand","embeddable":true,"href":"https:\/\/www.ngdcare.nl\/de\/wp-json\/wp\/v2\/product_brand?post=4015"},{"taxonomy":"product_cat","embeddable":true,"href":"https:\/\/www.ngdcare.nl\/de\/wp-json\/wp\/v2\/product_cat?post=4015"},{"taxonomy":"product_tag","embeddable":true,"href":"https:\/\/www.ngdcare.nl\/de\/wp-json\/wp\/v2\/product_tag?post=4015"},{"taxonomy":"merken","embeddable":true,"href":"https:\/\/www.ngdcare.nl\/de\/wp-json\/wp\/v2\/merken?post=4015"}],"curies":[{"name":"wp","href":"https:\/\/api.w.org\/{rel}","templated":true}]}}