{"id":4029,"date":"2024-01-24T21:53:54","date_gmt":"2024-01-24T21:53:54","guid":{"rendered":"https:\/\/www.ngdcare.nl\/product\/unkategorisiert\/unterstuetzung-bei-aromastress\/"},"modified":"2026-01-26T20:49:55","modified_gmt":"2026-01-26T19:49:55","slug":"unterstuetzung-bei-aromastress","status":"publish","type":"product","link":"https:\/\/www.ngdcare.nl\/de\/product\/veterinary-health\/aromatherapie-de\/unterstuetzung-bei-aromastress\/","title":{"rendered":"Stressunterst\u00fctzung"},"content":{"rendered":"<p data-start=\"340\" data-end=\"664\"><strong>NGD Care \u2013 Stress Support<\/strong> ist eine sorgf\u00e4ltig formulierte Aromatherapie-Mischung, die das Nervensystem bei <strong>chronischem Stress<\/strong> und <span class=\"s1\"><b>emotionaler Stabilit\u00e4t<\/b><\/span> bei Tieren unterst\u00fctzt. Dieses \u00d6l wurde f\u00fcr Situationen entwickelt, in denen ein Tier Schwierigkeiten hat, sich zu entspannen, Spannungen beh\u00e4lt oder empfindlich auf Reize aus der Umgebung reagiert. <\/p>\n<p data-start=\"666\" data-end=\"834\">Die Kombination aus erdenden, beruhigenden und regulierenden \u00e4therischen \u00d6len unterst\u00fctzt Entspannung, Sicherheit und Wiederherstellung des Gleichgewichts, ohne zu bet\u00e4uben oder zu unterdr\u00fccken.<\/p>\n<h4 data-start=\"841\" data-end=\"871\"><strong>Zusammensetzung<\/strong><\/h4>\n<ul>\n<li data-start=\"874\" data-end=\"998\"><strong data-start=\"874\" data-end=\"897\">Lavendel<\/strong> \u2013 unterst\u00fctzt die Entspannung des Nervensystems und hilft bei Stress, Anspannung und innerer Unruhe.<\/li>\n<li data-start=\"1001\" data-end=\"1106\"><strong data-start=\"1001\" data-end=\"1026\">Zedernholz<\/strong> \u2013 erdend und stabilisierend \u2013 tr\u00e4gt zu einem Gef\u00fchl von Sicherheit und Ruhe bei.<\/li>\n<li data-start=\"1109\" data-end=\"1215\"><strong data-start=\"1109\" data-end=\"1120\">Vetiver<\/strong> \u2013 tief erdend und regulierend, traditionell bei \u00dcberstimulation und anhaltendem Stress eingesetzt.<\/li>\n<li data-start=\"1218\" data-end=\"1326\"><strong data-start=\"1218\" data-end=\"1229\">Copaiba<\/strong> \u2013 beruhigend und unterst\u00fctzend f\u00fcr das Nervensystem, hilft bei Spannungen und emotionalem Aufruhr.<\/li>\n<li data-start=\"1329\" data-end=\"1451\"><strong data-start=\"1329\" data-end=\"1355\">Weihrauch <\/strong> \u2013 unterst\u00fctzt Gleichgewicht, Atmung und Entspannung und wird oft f\u00fcr emotionale Belastung eingesetzt.<\/li>\n<\/ul>\n<p data-start=\"1453\" data-end=\"1592\">Zusammen bilden diese \u00d6le eine harmonische Synergie, die K\u00f6rper und Nervensystem beruhigt und Stressreaktionen lindert.<\/p>\n<h4 data-start=\"1599\" data-end=\"1632\"><strong>Hinweise<\/strong><\/h4>\n<ul>\n<li data-start=\"1635\" data-end=\"1655\">Stress und Spannung<\/li>\n<li data-start=\"1658\" data-end=\"1674\">\u00dcberstimulation<\/li>\n<li data-start=\"1677\" data-end=\"1705\">Unruhiges oder nerv\u00f6ses Verhalten<\/li>\n<li data-start=\"1708\" data-end=\"1746\">Ver\u00e4nderungen der Umgebung oder der Routine<\/li>\n<li data-start=\"1749\" data-end=\"1779\">Erholung nach langfristigem Stress<\/li>\n<\/ul>\n<h4 data-start=\"53\" data-end=\"78\"><strong>Verf\u00fcgbare Formen<\/strong><\/h4>\n<ul>\n<li data-start=\"81\" data-end=\"136\">Rolle \u2013 f\u00fcr den direkten, \u00e4u\u00dferen Gebrauch. Zielgerichtet, niedrig dosiert und ideal f\u00fcr den t\u00e4glichen Gebrauch oder unterwegs.<br data-start=\"371\" data-end=\"374\">Trage es auf Ohren oder Pfotenpolster auf. <\/li>\n<li data-start=\"139\" data-end=\"214\">Diffusor\u00f6l \u2013 geeignet f\u00fcr diffusorische und verd\u00fcnnte Au\u00dfenanwendungen. Zur Parf\u00fcmunterst\u00fctzung durch den Diffusor (die Umgebung beruhigen) oder f\u00fcr Massage\/topische Anwendung verd\u00fcnnt. <\/li>\n<\/ul>\n","protected":false},"excerpt":{"rendered":"<p class=\"p1\"><strong>NGD Care Stress Support<\/strong> ist eine beruhigende Mischung aus \u00e4therischen \u00d6len f\u00fcr Hunde und Katzen. Beruhigt sich bei Stress, \u00dcberstimulation oder Anspannung. Erh\u00e4ltlich als Spr\u00fch-, Roller- oder Diffusor\u00f6l.  <\/p>\n","protected":false},"featured_media":12867,"comment_status":"open","ping_status":"closed","template":"","meta":{"wds_primary_product_brand":0,"wds_primary_product_cat":88,"wds_primary_merken":0},"product_brand":[],"product_cat":[668],"product_tag":[],"merken":[],"class_list":{"0":"post-4029","1":"product","2":"type-product","3":"status-publish","4":"has-post-thumbnail","6":"product_cat-aromatherapie-de","7":"infinite-scroll-item","8":"sales-flash-overlay","9":"woocommerce-text-align-center","10":"woocommerce-image-align-center","11":"do-quantity-buttons","13":"first","14":"instock","15":"taxable","16":"shipping-taxable","17":"purchasable","18":"product-type-variable"},"_links":{"self":[{"href":"https:\/\/www.ngdcare.nl\/de\/wp-json\/wp\/v2\/product\/4029","targetHints":{"allow":["GET"]}}],"collection":[{"href":"https:\/\/www.ngdcare.nl\/de\/wp-json\/wp\/v2\/product"}],"about":[{"href":"https:\/\/www.ngdcare.nl\/de\/wp-json\/wp\/v2\/types\/product"}],"replies":[{"embeddable":true,"href":"https:\/\/www.ngdcare.nl\/de\/wp-json\/wp\/v2\/comments?post=4029"}],"wp:featuredmedia":[{"embeddable":true,"href":"https:\/\/www.ngdcare.nl\/de\/wp-json\/wp\/v2\/media\/12867"}],"wp:attachment":[{"href":"https:\/\/www.ngdcare.nl\/de\/wp-json\/wp\/v2\/media?parent=4029"}],"wp:term":[{"taxonomy":"product_brand","embeddable":true,"href":"https:\/\/www.ngdcare.nl\/de\/wp-json\/wp\/v2\/product_brand?post=4029"},{"taxonomy":"product_cat","embeddable":true,"href":"https:\/\/www.ngdcare.nl\/de\/wp-json\/wp\/v2\/product_cat?post=4029"},{"taxonomy":"product_tag","embeddable":true,"href":"https:\/\/www.ngdcare.nl\/de\/wp-json\/wp\/v2\/product_tag?post=4029"},{"taxonomy":"merken","embeddable":true,"href":"https:\/\/www.ngdcare.nl\/de\/wp-json\/wp\/v2\/merken?post=4029"}],"curies":[{"name":"wp","href":"https:\/\/api.w.org\/{rel}","templated":true}]}}