{"id":4051,"date":"2024-01-24T20:34:29","date_gmt":"2024-01-24T20:34:29","guid":{"rendered":"https:\/\/www.ngdcare.nl\/product\/unkategorisiert\/aroma-pain-unterstuetzung\/"},"modified":"2026-01-26T20:28:43","modified_gmt":"2026-01-26T19:28:43","slug":"aroma-pain-unterstuetzung","status":"publish","type":"product","link":"https:\/\/www.ngdcare.nl\/de\/product\/veterinary-health\/aromatherapie-de\/aroma-pain-unterstuetzung\/","title":{"rendered":"Unbehaglichkeitsunterst\u00fctzung"},"content":{"rendered":"<p data-start=\"350\" data-end=\"690\"><strong>NGD Care \u2013 Discomfort Support<\/strong> ist eine sorgf\u00e4ltig formulierte Aromatherapiemischung zur Unterst\u00fctzung k\u00f6rperlicher Beschwerden, Empfindlichkeit und Muskelverspannungen bei Tieren. Dieses \u00d6l wurde f\u00fcr Situationen entwickelt, in denen der K\u00f6rper zus\u00e4tzliche Unterst\u00fctzung braucht, wie vor\u00fcbergehende Empfindlichkeit, Erholungsmomente oder allgemeine Unruhe durch Schmerzen. <\/p>\n<p data-start=\"692\" data-end=\"891\">Die Mischung kombiniert beruhigende, beruhigende und erw\u00e4rmende \u00e4therische \u00d6le, die traditionell zur F\u00f6rderung von Entspannung und zur Unterst\u00fctzung des Wohlbefindens verwendet werden, ohne den K\u00f6rper zu belasten.<\/p>\n<h4 data-start=\"692\" data-end=\"891\"><strong>Zusammensetzung<\/strong><\/h4>\n<ul>\n<li data-start=\"931\" data-end=\"1086\"><strong data-start=\"931\" data-end=\"942\">Copaiba<\/strong> \u2013 ist bekannt f\u00fcr seine beruhigenden Eigenschaften und wird traditionell zur Unterst\u00fctzung k\u00f6rperlicher Empfindlichkeit und Spannung verwendet.<\/li>\n<li data-start=\"1089\" data-end=\"1203\"><strong data-start=\"1089\" data-end=\"1115\">Weihrauch<\/strong> \u2013 unterst\u00fctzt die Entspannung und wird h\u00e4ufig zur Erholung und zum Gleichgewicht des K\u00f6rpers verwendet.<\/li>\n<li data-start=\"1206\" data-end=\"1322\"><strong data-start=\"1206\" data-end=\"1229\">Lavendel<\/strong> \u2013 tr\u00e4gt zur Entspannung von K\u00f6rper und Nervensystem bei und unterst\u00fctzt Ruhe bei Spannung.<\/li>\n<li data-start=\"1325\" data-end=\"1437\"><strong data-start=\"1325\" data-end=\"1344\">Ingwer<\/strong> \u2013 w\u00e4rmend und stimulierend, traditionell gegen Steifheit und Unwohlsein verwendet.<\/li>\n<li data-start=\"1440\" data-end=\"1530\"><strong data-start=\"1440\" data-end=\"1463\">Majoram<\/strong> \u2013 entspannend und unterst\u00fctzend mit Muskel- und Spannungsgef\u00fchlen.<\/li>\n<li data-start=\"1533\" data-end=\"1657\"><strong data-start=\"1533\" data-end=\"1555\">Kurkuma <\/strong>\u2013 aromatisch und w\u00e4rmend, traditionell aufgetragen, um Komfort und Fingerfertigkeit zu f\u00f6rdern.<\/li>\n<li data-start=\"1660\" data-end=\"1763\"><strong data-start=\"1660\" data-end=\"1695\">R\u00f6mische Kamille<\/strong> \u2013 sanft und beruhigend, unterst\u00fctzt Entspannung bei empfindlichen Tieren.<\/li>\n<\/ul>\n<h4 data-start=\"1896\" data-end=\"1929\"><strong>  Hinweise<\/strong><\/h4>\n<ul>\n<li data-start=\"1932\" data-end=\"1957\">Sensibilit\u00e4t oder Unbehagen<\/li>\n<li data-start=\"1960\" data-end=\"1995\">Verspannungen in Muskeln oder Gelenken<\/li>\n<li data-start=\"1998\" data-end=\"2015\">Erholungsmomente<\/li>\n<li data-start=\"2018\" data-end=\"2060\">\u00c4ltere Tiere mit eingeschr\u00e4nkter Flexibilit\u00e4t<\/li>\n<li data-start=\"2063\" data-end=\"2109\">Stress oder Unruhe aufgrund k\u00f6rperlicher Beschwerden<\/li>\n<\/ul>\n","protected":false},"excerpt":{"rendered":"<p class=\"p1\">NGD Care Discomfort Support ist eine kraftvolle Aromatherapie-Mischung f\u00fcr Hunde und Katzen bei Schmerzen, Entz\u00fcndungen sowie Muskel- oder Gelenkbeschwerden. Verf\u00fcgbar als Roller. <\/p>\n","protected":false},"featured_media":12834,"comment_status":"open","ping_status":"closed","template":"","meta":{"wds_primary_product_brand":0,"wds_primary_product_cat":20,"wds_primary_merken":0},"product_brand":[],"product_cat":[668],"product_tag":[],"merken":[],"class_list":{"0":"post-4051","1":"product","2":"type-product","3":"status-publish","4":"has-post-thumbnail","6":"product_cat-aromatherapie-de","7":"infinite-scroll-item","8":"sales-flash-overlay","9":"woocommerce-text-align-center","10":"woocommerce-image-align-center","11":"do-quantity-buttons","13":"first","14":"instock","15":"taxable","16":"shipping-taxable","17":"purchasable","18":"product-type-simple"},"_links":{"self":[{"href":"https:\/\/www.ngdcare.nl\/de\/wp-json\/wp\/v2\/product\/4051","targetHints":{"allow":["GET"]}}],"collection":[{"href":"https:\/\/www.ngdcare.nl\/de\/wp-json\/wp\/v2\/product"}],"about":[{"href":"https:\/\/www.ngdcare.nl\/de\/wp-json\/wp\/v2\/types\/product"}],"replies":[{"embeddable":true,"href":"https:\/\/www.ngdcare.nl\/de\/wp-json\/wp\/v2\/comments?post=4051"}],"wp:featuredmedia":[{"embeddable":true,"href":"https:\/\/www.ngdcare.nl\/de\/wp-json\/wp\/v2\/media\/12834"}],"wp:attachment":[{"href":"https:\/\/www.ngdcare.nl\/de\/wp-json\/wp\/v2\/media?parent=4051"}],"wp:term":[{"taxonomy":"product_brand","embeddable":true,"href":"https:\/\/www.ngdcare.nl\/de\/wp-json\/wp\/v2\/product_brand?post=4051"},{"taxonomy":"product_cat","embeddable":true,"href":"https:\/\/www.ngdcare.nl\/de\/wp-json\/wp\/v2\/product_cat?post=4051"},{"taxonomy":"product_tag","embeddable":true,"href":"https:\/\/www.ngdcare.nl\/de\/wp-json\/wp\/v2\/product_tag?post=4051"},{"taxonomy":"merken","embeddable":true,"href":"https:\/\/www.ngdcare.nl\/de\/wp-json\/wp\/v2\/merken?post=4051"}],"curies":[{"name":"wp","href":"https:\/\/api.w.org\/{rel}","templated":true}]}}