{"id":4058,"date":"2024-01-22T22:52:12","date_gmt":"2024-01-22T22:52:12","guid":{"rendered":"https:\/\/www.ngdcare.nl\/product\/unkategorisiert\/para-clean\/"},"modified":"2026-04-27T22:29:02","modified_gmt":"2026-04-27T20:29:02","slug":"para-clean","status":"publish","type":"product","link":"https:\/\/www.ngdcare.nl\/de\/product\/veterinary-health\/orthomolekulare-nahrungserganzungsmittel\/para-clean\/","title":{"rendered":"NAC Berberine \u2013 Para-Reset"},"content":{"rendered":"<p class=\"font-claude-response-body break-words whitespace-normal leading-[1.7]\">Para Reset: NAC und Berberin f\u00fcr Biofilmabbau und Darmsanierung bei Hunden, Katzen und Menschen<\/p>\n<p class=\"font-claude-response-body break-words whitespace-normal leading-[1.7]\">Para Reset vereint zwei gut erforschte Molek\u00fcle in einer Formel: N-Acetylcystein (NAC) und Berberin. Gemeinsam gehen sie das Problem an, das fast immer den Kern wiederkehrender Darminfektionen und chronischer Dysbiose bildet: pathogener Biofilm. Ein Biofilm ist die Schutzmatrix, an der sich unerw\u00fcnschte Mikroorganismen im Darm anheften und sich effektiv vor dem Immunsystem und therapeutischen Wirkstoffen sch\u00fctzen. Solange der Biofilm intakt ist, kehren die Symptome zur\u00fcck, unabh\u00e4ngig von der Behandlung.   <\/p>\n<p class=\"font-claude-response-body break-words whitespace-normal leading-[1.7]\">NAC durchbricht die extrazellul\u00e4re Biofilmmatrix durch den Abbau von Disulfidbr\u00fccken in der Proteinstruktur, wodurch die eingeschlossenen Krankheitserreger zug\u00e4nglich werden. Gleichzeitig ist NAC ein direkter Vorl\u00e4ufer von Glutathion, dem am h\u00e4ufigsten vorkommenden intrazellul\u00e4ren Antioxidans. Es stellt den Glutathionpool in Leber- und Immunzellen wieder her, stellt die Funktionalit\u00e4t von Makrophagen und Neutrophilen wieder her und unterst\u00fctzt die Expression von Tight Junction-Proteinen in der Darmwand. Der Biofilmabbau setzt Toxine frei, die von der Leber ausgeschieden werden m\u00fcssen; NAC unterst\u00fctzt auch diesen Entgiftungsprozess.   <\/p>\n<p class=\"font-claude-response-body break-words whitespace-normal leading-[1.7]\">Berberin hat direkte antimikrobielle Aktivit\u00e4t durch Hemmung der bakteriellen DNA-Replikation und Membranst\u00f6rung gezeigt. Es ist wirksam gegen Giardia, Candida, dysbiotische Bakterien und andere Darmparasiten. Berberin hemmt au\u00dferdem das Quorum-Sensing, das Kommunikationssystem, mit dem Bakterien einen neuen Biofilm organisieren, was die Rekolonisierung nach der Behandlung erschwert. Ein klinisch relevanter Vorteil gegen\u00fcber Antibiotika ist seine relative Selektivit\u00e4t: Berberin hemmt pathogene Arten, ohne die gew\u00fcnschten Populationen von Lactobacillus und Bifidobacterium wesentlich zu sch\u00e4digen.   <\/p>\n<p class=\"font-claude-response-body break-words whitespace-normal leading-[1.7]\">Die Kombination hat eine sch\u00f6ne Synergie: NAC macht die Krankheitserreger zug\u00e4nglich, Berberin eliminiert sie. Gleichzeitig stellt NAC die Immunfunktion wieder her, sodass der K\u00f6rper aktiv das freigesetzte Berberin reinigen kann. <\/p>\n<p class=\"font-claude-response-body break-words whitespace-normal leading-[1.7]\">Para Reset ist eine Kernkomponente des NGD <a href=\"https:\/\/www.ngdcare.nl\/de\/product\/protokolle\/giardia-protokoll\/\">Care Giardia Protocol<\/a> und wird im <a href=\"https:\/\/www.ngdcare.nl\/de\/product\/protokolle\/intrazellulaeres-mikrobenprotokoll\/\">Intrazellul\u00e4ren Mikrobenprotokoll<\/a> verwendet. Sie ist weit verbreitet auf wiederkehrende Giardia, chronischen Durchfall, SIBO, Darmdysbiose, Candida-\u00dcberwucherung, Hautbeschwerden aus dem Darm und chronische Entz\u00fcndungen mit Darmkomponenten anwendbar. <\/p>\n<p class=\"font-claude-response-body break-words whitespace-normal leading-[1.7]\">M\u00f6chten Sie mehr \u00fcber den wissenschaftlichen Hintergrund von Biofilm, NAC und Berberin erfahren? Lesen Sie den ausf\u00fchrlichen Hintergrundartikel: <a href=\"https:\/\/www.ngdcare.nl\/de\/blog-de\/die-kraft-von-nac-und-berberin\/\">Para Reset: NAC und Berberin.<\/a> <\/p>\n","protected":false},"excerpt":{"rendered":"<p style=\"font-weight: 400;\">Para Reset kombiniert NAC und Berberin, um die Bildung von Parasiten, Hefen und Biofilmen zu unterst\u00fctzen. Wirkt auf Darm, Haut, Atemwege und hilft bei der Erholung des Mikrobioms. <\/p>\n","protected":false},"featured_media":17762,"comment_status":"open","ping_status":"closed","template":"","meta":{"wds_primary_product_brand":0,"wds_primary_product_cat":17,"wds_primary_merken":0},"product_brand":[],"product_cat":[537,534,533],"product_tag":[1019,1014,1366,935,1364,1363,598,1350,1016,1365],"merken":[],"class_list":{"0":"post-4058","1":"product","2":"type-product","3":"status-publish","4":"has-post-thumbnail","6":"product_cat-orthomolekulare-nahrungserganzungsmittel","7":"product_cat-parasiten","8":"product_cat-verdauung","9":"product_tag-biofilm-de","10":"product_tag-giardia-de","11":"product_tag-hatte","12":"product_tag-katze","13":"product_tag-krankheitserreger","14":"product_tag-n-acetylcystein-de","15":"product_tag-nac-de","16":"product_tag-ngd-care-erganzungen","17":"product_tag-parasiten","18":"product_tag-unterstutzung-des-darms","19":"infinite-scroll-item","20":"sales-flash-overlay","21":"woocommerce-text-align-center","22":"woocommerce-image-align-center","23":"do-quantity-buttons","25":"first","26":"instock","27":"downloadable","28":"taxable","29":"shipping-taxable","30":"purchasable","31":"product-type-simple"},"_links":{"self":[{"href":"https:\/\/www.ngdcare.nl\/de\/wp-json\/wp\/v2\/product\/4058","targetHints":{"allow":["GET"]}}],"collection":[{"href":"https:\/\/www.ngdcare.nl\/de\/wp-json\/wp\/v2\/product"}],"about":[{"href":"https:\/\/www.ngdcare.nl\/de\/wp-json\/wp\/v2\/types\/product"}],"replies":[{"embeddable":true,"href":"https:\/\/www.ngdcare.nl\/de\/wp-json\/wp\/v2\/comments?post=4058"}],"wp:featuredmedia":[{"embeddable":true,"href":"https:\/\/www.ngdcare.nl\/de\/wp-json\/wp\/v2\/media\/17762"}],"wp:attachment":[{"href":"https:\/\/www.ngdcare.nl\/de\/wp-json\/wp\/v2\/media?parent=4058"}],"wp:term":[{"taxonomy":"product_brand","embeddable":true,"href":"https:\/\/www.ngdcare.nl\/de\/wp-json\/wp\/v2\/product_brand?post=4058"},{"taxonomy":"product_cat","embeddable":true,"href":"https:\/\/www.ngdcare.nl\/de\/wp-json\/wp\/v2\/product_cat?post=4058"},{"taxonomy":"product_tag","embeddable":true,"href":"https:\/\/www.ngdcare.nl\/de\/wp-json\/wp\/v2\/product_tag?post=4058"},{"taxonomy":"merken","embeddable":true,"href":"https:\/\/www.ngdcare.nl\/de\/wp-json\/wp\/v2\/merken?post=4058"}],"curies":[{"name":"wp","href":"https:\/\/api.w.org\/{rel}","templated":true}]}}