{"id":4066,"date":"2024-01-23T13:57:04","date_gmt":"2024-01-23T13:57:04","guid":{"rendered":"https:\/\/www.ngdcare.nl\/product\/unkategorisiert\/ozonpflege\/"},"modified":"2026-03-29T14:20:37","modified_gmt":"2026-03-29T12:20:37","slug":"ozonpflege","status":"publish","type":"product","link":"https:\/\/www.ngdcare.nl\/de\/product\/veterinary-health\/ozon-de\/ozonpflege\/","title":{"rendered":"Ozon Salbe \u2013 OzonCare"},"content":{"rendered":"<p style=\"font-weight: 400;\"><strong>NGD Care Ozon Salbe \u2013 OzonCare<\/strong> ist eine kraftvolle, nat\u00fcrliche Salbe auf Basis von <strong>ozonisiertem Bio-Oliven\u00f6l extra vergine<\/strong>. Dieses \u00d6l wird 36 Stunden lang kontrolliert mit <strong>Ozongas (O\u2083)<\/strong> angereichert und mit Ozonverbindungen ges\u00e4ttigt. So entstehen <strong>stabile Ozonide<\/strong> , die bei Kontakt mit der Haut langsam Ozon abgeben und ihre Wirkung lokal entfalten.  <\/p>\n<p style=\"font-weight: 400;\">Ozonsalbe ist weit verbreitet bei <strong>Hautproblemen, Wundversorgung, Ekzemen, Hautpilzen, entz\u00fcndetem Zahnfleisch<\/strong> und sogar kleinen Tumoren oder Verbrennungen. Dank seiner antibakteriellen, antimykotischen und antiviralen Wirkung ist es eine starke nat\u00fcrliche Alternative zu synthetischen Cremes. Die Salbe ist f\u00fcr <strong>Tiere und Menschen<\/strong> geeignet und f\u00fcr die kosmetische Anwendung im Humanbereich zugelassen.  <\/p>\n<p style=\"font-weight: 400;\">Das Bio-Oliven\u00f6l dient als Tr\u00e4gersubstanz und ist von Natur aus reich an Antioxidantien und Fetts\u00e4uren, die die Haut n\u00e4hren und sch\u00fctzen. Die Zugabe von Ozon regt <strong>die Durchblutung, die Zellregeneration und die tiefere Reinigung <\/strong>des Gewebes an. <\/p>\n","protected":false},"excerpt":{"rendered":"<p style=\"font-weight: 400;\">Ozonsalbe auf Basis von ozonisiertem Bio-Oliven\u00f6l. Unterst\u00fctzt die Hautreparatur bei Infektionen, Ekzemen, Pilzen und Zahnfleischproblemen bei Mensch und Tier. <\/p>\n","protected":false},"featured_media":10755,"comment_status":"open","ping_status":"closed","template":"","meta":{"wds_primary_product_brand":0,"wds_primary_product_cat":15,"wds_primary_merken":0},"product_brand":[],"product_cat":[600,545,640,692],"product_tag":[647,645,649,721,723,603,722,720,717,1283,714,715,716,719,718],"merken":[],"class_list":{"0":"post-4066","1":"product","2":"type-product","3":"status-publish","4":"has-post-thumbnail","6":"product_cat-entzundungshemmend","7":"product_cat-haut-und-fell","8":"product_cat-ozon-de","9":"product_cat-zahne","10":"product_tag-anti-hefe","11":"product_tag-antibakteriell","12":"product_tag-antifungiell","13":"product_tag-ekzem","14":"product_tag-entzundung-zwischen-den-zehen","15":"product_tag-entzundungshemmend","16":"product_tag-hautreizungen","17":"product_tag-hotspot-de","18":"product_tag-ip-400-de","19":"product_tag-ngd-care-ozon-de","20":"product_tag-ozon-salbe","21":"product_tag-ozonisiertes-olivenol","22":"product_tag-ozonisiertes-sonnenblumenol","23":"product_tag-reparatur-der-haut","24":"product_tag-schutzart-ip1200","25":"infinite-scroll-item","26":"sales-flash-overlay","27":"woocommerce-text-align-center","28":"woocommerce-image-align-center","29":"do-quantity-buttons","31":"first","32":"instock","33":"taxable","34":"shipping-taxable","35":"purchasable","36":"product-type-variable"},"_links":{"self":[{"href":"https:\/\/www.ngdcare.nl\/de\/wp-json\/wp\/v2\/product\/4066","targetHints":{"allow":["GET"]}}],"collection":[{"href":"https:\/\/www.ngdcare.nl\/de\/wp-json\/wp\/v2\/product"}],"about":[{"href":"https:\/\/www.ngdcare.nl\/de\/wp-json\/wp\/v2\/types\/product"}],"replies":[{"embeddable":true,"href":"https:\/\/www.ngdcare.nl\/de\/wp-json\/wp\/v2\/comments?post=4066"}],"wp:featuredmedia":[{"embeddable":true,"href":"https:\/\/www.ngdcare.nl\/de\/wp-json\/wp\/v2\/media\/10755"}],"wp:attachment":[{"href":"https:\/\/www.ngdcare.nl\/de\/wp-json\/wp\/v2\/media?parent=4066"}],"wp:term":[{"taxonomy":"product_brand","embeddable":true,"href":"https:\/\/www.ngdcare.nl\/de\/wp-json\/wp\/v2\/product_brand?post=4066"},{"taxonomy":"product_cat","embeddable":true,"href":"https:\/\/www.ngdcare.nl\/de\/wp-json\/wp\/v2\/product_cat?post=4066"},{"taxonomy":"product_tag","embeddable":true,"href":"https:\/\/www.ngdcare.nl\/de\/wp-json\/wp\/v2\/product_tag?post=4066"},{"taxonomy":"merken","embeddable":true,"href":"https:\/\/www.ngdcare.nl\/de\/wp-json\/wp\/v2\/merken?post=4066"}],"curies":[{"name":"wp","href":"https:\/\/api.w.org\/{rel}","templated":true}]}}