{"id":4084,"date":"2024-01-22T22:13:28","date_gmt":"2024-01-22T22:13:28","guid":{"rendered":"https:\/\/www.ngdcare.nl\/product\/unkategorisiert\/gruene-entgiftung\/"},"modified":"2026-04-07T16:07:06","modified_gmt":"2026-04-07T14:07:06","slug":"gruene-entgiftung","status":"publish","type":"product","link":"https:\/\/www.ngdcare.nl\/de\/product\/veterinary-health\/orthomolekulare-nahrungserganzungsmittel\/gruene-entgiftung\/","title":{"rendered":"Chlorella, Spirulina und Luzerne \u2013 Green Detox"},"content":{"rendered":"<p style=\"font-weight: 400;\"><strong>NGD Care \u2013 Green Detox<\/strong> ist eine starke Superfood-Formel mit Chlorella, Spirulina und Luzerne. Diese Kombination ist speziell entwickelt, um dem K\u00f6rper bei der Entgiftung zu helfen, die Energie zu steigern und die Immunfunktion bei Hunden und Katzen zu unterst\u00fctzen. Aufgrund der hohen Konzentrationen an Vitaminen, Mineralstoffen, Antioxidantien und essentiellen Aminos\u00e4uren ist dieses Pr\u00e4parat nach Krankheit, M\u00fcdigkeit oder einer erh\u00f6hten Toxizit\u00e4tsbelastung sehr geeignet.  <\/p>\n<ul>\n<li><strong>Chlorella<\/strong> ist reich an Chlorophyll und hat eine starke Bindung zu Schwermetallen wie Quecksilber, Blei und Cadmium. Dar\u00fcber hinaus enth\u00e4lt es verschiedene B-Vitamine, Vitamine C, E und K, Mineralstoffe wie Kalzium, Zink und Magnesium, Enzyme und Beta-Carotin. <\/li>\n<li><strong>Spirulina<\/strong> ist eine Salzwasseralge mit einem sehr hohen Proteingehalt (einschlie\u00dflich aller essentiellen Aminos\u00e4uren) und starken Antioxidantien wie <strong>Phycocyanin<\/strong>. Es unterst\u00fctzt unter anderem das Immunsystem, die Leber und das Herz-Kreislauf-System. <\/li>\n<li><strong>Luzerne<\/strong> oder Luzerne ist reich an Spurenelementen, Vitaminen und Phyton\u00e4hrstoffen und tr\u00e4gt zu einer besseren Verdauung, einem besseren Stoffwechsel und einer besseren Widerstandsf\u00e4higkeit bei.<\/li>\n<\/ul>\n","protected":false},"excerpt":{"rendered":"<div>\n<p class=\"p3\">Synergistische Detox-Formel auf Basis von Chlorella, Spirulina und Luzerne. Unterst\u00fctzt Entgiftung, Energie und Widerstandskraft bei Tieren. <\/p>\n<\/div>\n","protected":false},"featured_media":17806,"comment_status":"open","ping_status":"closed","template":"","meta":{"wds_primary_product_brand":0,"wds_primary_product_cat":187,"wds_primary_merken":0},"product_brand":[],"product_cat":[537,533,549],"product_tag":[593,784,611,595,607,783,590,591,786,1350,788,785,787,589],"merken":[],"class_list":{"0":"post-4084","1":"product","2":"type-product","3":"status-publish","4":"has-post-thumbnail","6":"product_cat-orthomolekulare-nahrungserganzungsmittel","7":"product_cat-verdauung","8":"product_cat-vitamine-und-mineralstoffe","9":"product_tag-antioxidans","10":"product_tag-chlorella-de","11":"product_tag-darmgesundheit","12":"product_tag-detox-de","13":"product_tag-entgiftung","14":"product_tag-erganzung","15":"product_tag-hunde","16":"product_tag-katzen","17":"product_tag-luzerne-de","18":"product_tag-ngd-care-erganzungen","19":"product_tag-schwermetall","20":"product_tag-spirulina-de","21":"product_tag-superfood-de","22":"product_tag-tiere","23":"infinite-scroll-item","24":"sales-flash-overlay","25":"woocommerce-text-align-center","26":"woocommerce-image-align-center","27":"do-quantity-buttons","29":"first","30":"instock","31":"taxable","32":"shipping-taxable","33":"purchasable","34":"product-type-simple"},"_links":{"self":[{"href":"https:\/\/www.ngdcare.nl\/de\/wp-json\/wp\/v2\/product\/4084","targetHints":{"allow":["GET"]}}],"collection":[{"href":"https:\/\/www.ngdcare.nl\/de\/wp-json\/wp\/v2\/product"}],"about":[{"href":"https:\/\/www.ngdcare.nl\/de\/wp-json\/wp\/v2\/types\/product"}],"replies":[{"embeddable":true,"href":"https:\/\/www.ngdcare.nl\/de\/wp-json\/wp\/v2\/comments?post=4084"}],"wp:featuredmedia":[{"embeddable":true,"href":"https:\/\/www.ngdcare.nl\/de\/wp-json\/wp\/v2\/media\/17806"}],"wp:attachment":[{"href":"https:\/\/www.ngdcare.nl\/de\/wp-json\/wp\/v2\/media?parent=4084"}],"wp:term":[{"taxonomy":"product_brand","embeddable":true,"href":"https:\/\/www.ngdcare.nl\/de\/wp-json\/wp\/v2\/product_brand?post=4084"},{"taxonomy":"product_cat","embeddable":true,"href":"https:\/\/www.ngdcare.nl\/de\/wp-json\/wp\/v2\/product_cat?post=4084"},{"taxonomy":"product_tag","embeddable":true,"href":"https:\/\/www.ngdcare.nl\/de\/wp-json\/wp\/v2\/product_tag?post=4084"},{"taxonomy":"merken","embeddable":true,"href":"https:\/\/www.ngdcare.nl\/de\/wp-json\/wp\/v2\/merken?post=4084"}],"curies":[{"name":"wp","href":"https:\/\/api.w.org\/{rel}","templated":true}]}}