{"id":4088,"date":"2024-01-22T22:07:19","date_gmt":"2024-01-22T22:07:19","guid":{"rendered":"https:\/\/www.ngdcare.nl\/product\/unkategorisiert\/fermentierte-probiotika\/"},"modified":"2026-04-09T21:28:53","modified_gmt":"2026-04-09T19:28:53","slug":"fermentierte-probiotika","status":"publish","type":"product","link":"https:\/\/www.ngdcare.nl\/de\/product\/veterinary-health\/orthomolekulare-nahrungserganzungsmittel\/fermentierte-probiotika\/","title":{"rendered":"Fermentierte Probiotika"},"content":{"rendered":"<p style=\"font-weight: 400;\"><strong>NGD Care \u2013 Fermented Probiotics<\/strong> ist ein gefriergetrocknetes fermentiertes Wasserkefir. Diese Formel enth\u00e4lt <strong>mehr als 50 verschiedene St\u00e4mme nat\u00fcrlicher Bakterien und Hefen<\/strong>, darunter verschiedene <em>Arten von Lactobacillus<\/em>, <em>Saccharomyces<\/em>, <em>Candida<\/em>, <em>Kluyveromyces<\/em> und <em>Acetobacter<\/em>. Dadurch ist es ein breit wirkender probiotischer Komplex, der das Mikrobiom auf mehreren Ebenen unterst\u00fctzt.  <\/p>\n<p style=\"font-weight: 400;\">Wasserkefir eignet sich ideal f\u00fcr Tiere mit Darmproblemen, St\u00f6rungen der Darmflora oder nach der Verabreichung von Medikamenten wie Antibiotika, Flohmitteln oder Entwurmung. Es tr\u00e4gt zur Wiederherstellung des mikrobiellen Gleichgewichts bei und st\u00e4rkt die Barrierfunktion der Darmwand. Dar\u00fcber hinaus hat es einen positiven Einfluss auf das Immunsystem, das Energiegleichgewicht und das allgemeine Wohlbefinden des Tieres.  <\/p>\n<p style=\"font-weight: 400;\">Im Gegensatz zu isolierten Probiotikaprodukten bietet Wasserkefir ein vollst\u00e4ndig fermentiertes Produkt, das eine nat\u00fcrliche Symbiose von Bakterien und Hefen erm\u00f6glicht. Diese Synergie ist entscheidend f\u00fcr die Kolonisierung, Vielfalt und Funktion des Darmmikrobioms. <\/p>\n","protected":false},"excerpt":{"rendered":"<p>Dieses gefriergetrocknete fermentierte Wassergetr\u00e4nk enth\u00e4lt mehr als 50 Bakterien- und Hefest\u00e4mme. Unterst\u00fctzt die Darmflora, die Verdauung und das Immunsystem bei Hunden und Katzen. Ideal nach Antibiotika oder Entwurmung.  <\/p>\n","protected":false},"featured_media":17824,"comment_status":"open","ping_status":"closed","template":"","meta":{"wds_primary_product_brand":0,"wds_primary_product_cat":16,"wds_primary_merken":0},"product_brand":[],"product_cat":[535,537,533],"product_tag":[611,783,1348,610,933,590,592,935,591,1349,819,1350,820,589,818],"merken":[],"class_list":{"0":"post-4088","1":"product","2":"type-product","3":"status-publish","4":"has-post-thumbnail","6":"product_cat-immunsystem","7":"product_cat-orthomolekulare-nahrungserganzungsmittel","8":"product_cat-verdauung","9":"product_tag-darmgesundheit","10":"product_tag-erganzung","11":"product_tag-garung","12":"product_tag-holistisch-de","13":"product_tag-hund","14":"product_tag-hunde","15":"product_tag-immunsystem","16":"product_tag-katze","17":"product_tag-katzen","18":"product_tag-kefir-de","19":"product_tag-mikrobiom","20":"product_tag-ngd-care-erganzungen","21":"product_tag-probiotika","22":"product_tag-tiere","23":"product_tag-wasserkefir","24":"infinite-scroll-item","25":"sales-flash-overlay","26":"woocommerce-text-align-center","27":"woocommerce-image-align-center","28":"do-quantity-buttons","30":"first","31":"instock","32":"taxable","33":"shipping-taxable","34":"purchasable","35":"product-type-simple"},"_links":{"self":[{"href":"https:\/\/www.ngdcare.nl\/de\/wp-json\/wp\/v2\/product\/4088","targetHints":{"allow":["GET"]}}],"collection":[{"href":"https:\/\/www.ngdcare.nl\/de\/wp-json\/wp\/v2\/product"}],"about":[{"href":"https:\/\/www.ngdcare.nl\/de\/wp-json\/wp\/v2\/types\/product"}],"replies":[{"embeddable":true,"href":"https:\/\/www.ngdcare.nl\/de\/wp-json\/wp\/v2\/comments?post=4088"}],"wp:featuredmedia":[{"embeddable":true,"href":"https:\/\/www.ngdcare.nl\/de\/wp-json\/wp\/v2\/media\/17824"}],"wp:attachment":[{"href":"https:\/\/www.ngdcare.nl\/de\/wp-json\/wp\/v2\/media?parent=4088"}],"wp:term":[{"taxonomy":"product_brand","embeddable":true,"href":"https:\/\/www.ngdcare.nl\/de\/wp-json\/wp\/v2\/product_brand?post=4088"},{"taxonomy":"product_cat","embeddable":true,"href":"https:\/\/www.ngdcare.nl\/de\/wp-json\/wp\/v2\/product_cat?post=4088"},{"taxonomy":"product_tag","embeddable":true,"href":"https:\/\/www.ngdcare.nl\/de\/wp-json\/wp\/v2\/product_tag?post=4088"},{"taxonomy":"merken","embeddable":true,"href":"https:\/\/www.ngdcare.nl\/de\/wp-json\/wp\/v2\/merken?post=4088"}],"curies":[{"name":"wp","href":"https:\/\/api.w.org\/{rel}","templated":true}]}}