{"id":4089,"date":"2024-01-22T21:37:26","date_gmt":"2024-01-22T21:37:26","guid":{"rendered":"https:\/\/www.ngdcare.nl\/product\/unkategorisiert\/liposomaler-aktiver-vit-b-komplex\/"},"modified":"2026-04-07T16:14:06","modified_gmt":"2026-04-07T14:14:06","slug":"liposomaler-aktiver-vit-b-komplex","status":"publish","type":"product","link":"https:\/\/www.ngdcare.nl\/de\/product\/naturliche-tierapotheke\/liposomal-de\/liposomaler-aktiver-vit-b-komplex\/","title":{"rendered":"Liposomaler aktiver Vit B-Komplex"},"content":{"rendered":"<p style=\"font-weight: 400;\"><strong>NGD Care \u2013 Liposomal Active Vitamin B Complex<\/strong> enth\u00e4lt die acht essentiellen B-Vitamine in liposomaler Form, speziell f\u00fcr Hunde und Katzen entwickelt. B-Vitamine wirken als ein synergetisches Ganzes: Sie unterst\u00fctzen die Energieumwandlung durch Nahrung, die Produktion roter Blutk\u00f6rperchen, das Nervensystem, die Haut sowie das hormonelle und mentale Gleichgewicht. <\/p>\n<p style=\"font-weight: 400;\"><span style=\"font-size: inherit;\"><span style=\"font-weight: 400;\">Da die Aufnahme von B-Vitaminen bei Darmbeschwerden, Altersschw\u00e4che oder Krankheiten oft eingeschr\u00e4nkt ist, werden sie liposomal in diesem Pr\u00e4parat verpackt. Das sch\u00fctzt sie besser gegen Magens\u00e4ure und nimmt sie effizienter durch die Darmwand auf <\/span><\/span><span style=\"font-size: inherit;\">.<\/span><\/p>\n<p style=\"font-weight: 400;\">Dieser Vitamin-B-Komplex wird verwendet f\u00fcr:<\/p>\n<ul style=\"font-weight: 400;\">\n<li>M\u00fcdigkeit und geringe Energie<\/li>\n<li>Konzentrationsprobleme und psychischer Stress<\/li>\n<li>An\u00e4mie und neurologische Beschwerden<\/li>\n<li>Chronische Magen-Darm-Probleme<\/li>\n<\/ul>\n<p style=\"font-weight: 400;\">Ein Mangel an einem B-Vitamin kann die Funktion der anderen beeintr\u00e4chtigen, wodurch ein vollst\u00e4ndiger Komplex f\u00fcr ein optimales Gleichgewicht wichtig ist.<\/p>\n","protected":false},"excerpt":{"rendered":"<p style=\"font-weight: 400;\">Liposomaler Vitamin-B-Komplex mit allen 8 B-Vitaminen. F\u00fcr Energie, Nervensystem, Blutproduktion und geistiges Gleichgewicht bei Hunden und Katzen. Hohe Aufnahmef\u00e4higkeit durch Liposomen.  <\/p>\n","protected":false},"featured_media":17867,"comment_status":"open","ping_status":"closed","template":"","meta":[],"product_brand":[],"product_cat":[536,537,533,549],"product_tag":[824,828,827,826,829,841,844,838,837,833,831,612,832,846,590,840,842,591,724,830,822,843,836,839,835,845,834,589,823,825],"merken":[],"class_list":{"0":"post-4089","1":"product","2":"type-product","3":"status-publish","4":"has-post-thumbnail","6":"product_cat-liposomal-de","7":"product_cat-orthomolekulare-nahrungserganzungsmittel","8":"product_cat-verdauung","9":"product_cat-vitamine-und-mineralstoffe","10":"product_tag-b-komplex","11":"product_tag-nr-b11","12":"product_tag-nr-b12","13":"product_tag-b6-de","14":"product_tag-benehmen","15":"product_tag-biotin-de","16":"product_tag-blut","17":"product_tag-calciumpantothenat","18":"product_tag-cholinbitartrat","19":"product_tag-durchfall","20":"product_tag-eingeweide","21":"product_tag-energie-de","22":"product_tag-erbrechen","23":"product_tag-gedachtnis","24":"product_tag-hunde","25":"product_tag-inosit","26":"product_tag-kalziumfolat","27":"product_tag-katzen","28":"product_tag-liposomal-de","29":"product_tag-magen","30":"product_tag-magen-und-darmprobleme","31":"product_tag-methylcobalamin-de","32":"product_tag-nicotinamid","33":"product_tag-pyridoxal-5-phosphat","34":"product_tag-riboflavin-de","35":"product_tag-konzentration","36":"product_tag-thiamin-hcl","37":"product_tag-tiere","38":"product_tag-vitamin-b-de","39":"product_tag-vitamine-de","40":"infinite-scroll-item","41":"sales-flash-overlay","42":"woocommerce-text-align-center","43":"woocommerce-image-align-center","44":"do-quantity-buttons","46":"first","47":"instock","48":"taxable","49":"shipping-taxable","50":"purchasable","51":"product-type-simple"},"_links":{"self":[{"href":"https:\/\/www.ngdcare.nl\/de\/wp-json\/wp\/v2\/product\/4089","targetHints":{"allow":["GET"]}}],"collection":[{"href":"https:\/\/www.ngdcare.nl\/de\/wp-json\/wp\/v2\/product"}],"about":[{"href":"https:\/\/www.ngdcare.nl\/de\/wp-json\/wp\/v2\/types\/product"}],"replies":[{"embeddable":true,"href":"https:\/\/www.ngdcare.nl\/de\/wp-json\/wp\/v2\/comments?post=4089"}],"wp:featuredmedia":[{"embeddable":true,"href":"https:\/\/www.ngdcare.nl\/de\/wp-json\/wp\/v2\/media\/17867"}],"wp:attachment":[{"href":"https:\/\/www.ngdcare.nl\/de\/wp-json\/wp\/v2\/media?parent=4089"}],"wp:term":[{"taxonomy":"product_brand","embeddable":true,"href":"https:\/\/www.ngdcare.nl\/de\/wp-json\/wp\/v2\/product_brand?post=4089"},{"taxonomy":"product_cat","embeddable":true,"href":"https:\/\/www.ngdcare.nl\/de\/wp-json\/wp\/v2\/product_cat?post=4089"},{"taxonomy":"product_tag","embeddable":true,"href":"https:\/\/www.ngdcare.nl\/de\/wp-json\/wp\/v2\/product_tag?post=4089"},{"taxonomy":"merken","embeddable":true,"href":"https:\/\/www.ngdcare.nl\/de\/wp-json\/wp\/v2\/merken?post=4089"}],"curies":[{"name":"wp","href":"https:\/\/api.w.org\/{rel}","templated":true}]}}