{"id":4613,"date":"2025-05-30T00:05:46","date_gmt":"2025-05-29T22:05:46","guid":{"rendered":"https:\/\/www.ngdcare.nl\/product\/unkategorisiert\/5-gruenzeug\/"},"modified":"2025-11-26T22:43:28","modified_gmt":"2025-11-26T21:43:28","slug":"5-gruenzeug","status":"publish","type":"product","link":"https:\/\/www.ngdcare.nl\/de\/product\/veterinary-health\/anreicherung\/food-toppings\/5-gruenzeug\/","title":{"rendered":"F\u00fcnf Gr\u00fcns"},"content":{"rendered":"<p data-start=\"3693\" data-end=\"4089\"><strong>Five Greens<\/strong> besteht aus f\u00fcnf chlorophyllreichen Grasarten: <strong>Kamut<\/strong> (urzeitliches Weizengras), <strong>Gerstengras<\/strong>, <strong>Hafergras<\/strong>, <strong>Weizengras<\/strong> und <strong>Luzerne<\/strong>. Diese Inhaltsstoffe liefern nat\u00fcrliche Mineralien, Phyton\u00e4hrstoffe und pflanzliche Farbstoffe, die traditionell als Erg\u00e4nzung zur t\u00e4glichen Ern\u00e4hrung verwendet wurden. Gr\u00fcne Pflanzen enthalten au\u00dferdem Ballaststoffe und Mikron\u00e4hrstoffe, die zu einer abwechslungsreichen und nat\u00fcrlichen Ern\u00e4hrung passen. Sie werden kaltgepresst, um die Qualit\u00e4t zu gew\u00e4hrleisten, und enthalten viele Vitamine (verschiedene B-Vitamine), Mineralstoffe (Eisen, Zink, Magnesium und Phosphor) sowie Enzyme. Es enth\u00e4lt eine hohe Chlorophyllkonzentration.    <\/p>\n<p data-start=\"4091\" data-end=\"4509\">Die Kombination dieser f\u00fcnf Gr\u00e4ser sorgt f\u00fcr einen reinen und neutralen Geschmack, der sich gut zu fast jeder Mahlzeit verbindet. Five Greens l\u00e4sst sich leicht zu Smoothies, Joghurt, Wasser, selbstgemachten Snacks, frischem Fleisch, Konserven oder Trockenfutter hinzuf\u00fcgen. Die Mischung ist eine einfache M\u00f6glichkeit, die Aufnahme gr\u00fcner Pflanzen zu erh\u00f6hen, sowohl bei aktiven Personen als auch in Situationen, in denen zus\u00e4tzliche Unterst\u00fctzung oder Variation gew\u00fcnscht ist.  <\/p>\n<p data-start=\"4511\" data-end=\"4780\">Diese Superfood-Mischung passt in den Alltag von Menschen und Tieren und kann das ganze Jahr \u00fcber verwendet werden. Das Gleichgewicht zwischen verschiedenen gr\u00fcnen Pflanzen schafft eine vielseitige und vollst\u00e4ndige gr\u00fcne Mischung, die sich f\u00fcr langfristige, milde Unterst\u00fctzung eignet. <\/p>\n","protected":false},"excerpt":{"rendered":"<p data-start=\"7392\" data-end=\"7532\">Five Greens ist eine reine gr\u00fcne Superfood-Mischung mit f\u00fcnf chlorophyllreichen Gr\u00e4sern f\u00fcr t\u00e4gliche Mineralien, Antioxidantien und nat\u00fcrliche Energie.<\/p>\n","protected":false},"featured_media":11164,"comment_status":"open","ping_status":"closed","template":"","meta":{"wds_primary_product_brand":0,"wds_primary_product_cat":15,"wds_primary_merken":0},"product_brand":[],"product_cat":[975,4769],"product_tag":[],"merken":[],"class_list":{"0":"post-4613","1":"product","2":"type-product","3":"status-publish","4":"has-post-thumbnail","6":"product_cat-food-toppings","7":"product_cat-superfoods-de","8":"infinite-scroll-item","9":"sales-flash-overlay","10":"woocommerce-text-align-center","11":"woocommerce-image-align-center","12":"do-quantity-buttons","14":"first","15":"instock","16":"taxable","17":"shipping-taxable","18":"purchasable","19":"product-type-simple"},"_links":{"self":[{"href":"https:\/\/www.ngdcare.nl\/de\/wp-json\/wp\/v2\/product\/4613","targetHints":{"allow":["GET"]}}],"collection":[{"href":"https:\/\/www.ngdcare.nl\/de\/wp-json\/wp\/v2\/product"}],"about":[{"href":"https:\/\/www.ngdcare.nl\/de\/wp-json\/wp\/v2\/types\/product"}],"replies":[{"embeddable":true,"href":"https:\/\/www.ngdcare.nl\/de\/wp-json\/wp\/v2\/comments?post=4613"}],"wp:featuredmedia":[{"embeddable":true,"href":"https:\/\/www.ngdcare.nl\/de\/wp-json\/wp\/v2\/media\/11164"}],"wp:attachment":[{"href":"https:\/\/www.ngdcare.nl\/de\/wp-json\/wp\/v2\/media?parent=4613"}],"wp:term":[{"taxonomy":"product_brand","embeddable":true,"href":"https:\/\/www.ngdcare.nl\/de\/wp-json\/wp\/v2\/product_brand?post=4613"},{"taxonomy":"product_cat","embeddable":true,"href":"https:\/\/www.ngdcare.nl\/de\/wp-json\/wp\/v2\/product_cat?post=4613"},{"taxonomy":"product_tag","embeddable":true,"href":"https:\/\/www.ngdcare.nl\/de\/wp-json\/wp\/v2\/product_tag?post=4613"},{"taxonomy":"merken","embeddable":true,"href":"https:\/\/www.ngdcare.nl\/de\/wp-json\/wp\/v2\/merken?post=4613"}],"curies":[{"name":"wp","href":"https:\/\/api.w.org\/{rel}","templated":true}]}}