{"id":4624,"date":"2025-05-30T00:13:16","date_gmt":"2025-05-29T22:13:16","guid":{"rendered":"https:\/\/www.ngdcare.nl\/product\/unkategorisiert\/maca-maca\/"},"modified":"2025-09-01T23:18:00","modified_gmt":"2025-09-01T21:18:00","slug":"maca-maca","status":"publish","type":"product","link":"https:\/\/www.ngdcare.nl\/de\/veterinary-health\/anreicherung\/food-toppings\/maca-maca\/maca-maca\/","title":{"rendered":"Maca (Maca)"},"content":{"rendered":"<p class=\"p1\"><span class=\"s1\"><b>NGD Care \u2013 Maca-Pulver<\/b><\/span> ist ein leistungsstarkes adaptogenes Nahrungserg\u00e4nzungsmittel auf der Basis der Wurzel der <i>Lepidium meyenii-Pflanze<\/i> \u2013 besser bekannt als peruanischer Ginseng. Diese Wurzel w\u00e4chst unter extremen Bedingungen in gro\u00dfen H\u00f6hen in den Anden und wird seit Jahrtausenden als Powerfood in der traditionellen Medizin und K\u00fcche in Peru verwendet. <\/p>\n<p class=\"p1\">Maca ist mit Kreuzbl\u00fctlern wie Brokkoli, Radieschen und Blumenkohl verwandt. Es ist reich an <span class=\"s1\"><b>B-Vitaminen <\/b>(Vitamin B1, 2, 3, 6 und 9),<\/span> <span class=\"s1\"><b>Vitamin D und E<\/b><\/span> sowie Mineralstoffen wie <span class=\"s1\"><b>Kalzium, Eisen, Magnesium, Phosphor und Zink<\/b><\/span>. Dar\u00fcber hinaus enth\u00e4lt Maca Glucosinolate, Sterole und Polyphenole. Die Wurzel ist bekannt f\u00fcr ihre <span class=\"s1\"><b>adaptogene Wirkung<\/b><\/span>: Sie hilft dem K\u00f6rper, besser mit k\u00f6rperlichem, geistigem oder hormonellem Stress umzugehen. Dar\u00fcber hinaus gibt es mehr Energie und tr\u00e4gt zu einer besseren Stimmung, Ausdauer und einem besseren Hormonhaushalt bei.    <\/p>\n<p class=\"p1\">Maca-Pulver eignet sich besonders f\u00fcr Tiere in Stresssituationen, w\u00e4hrend der Rekonvaleszenz oder bei hormonellem Ungleichgewicht (z.B. L\u00e4ufigkeit, Alter, M\u00fcdigkeit). Auch perfekt f\u00fcr die Verwendung in Smoothies oder Energieboostern beim Menschen. <\/p>\n<p>&nbsp;<\/p>\n","protected":false},"excerpt":{"rendered":"<p class=\"p1\">Maca ist eine adaptogene Wurzel mit einem hohen N\u00e4hrwert und stressreduzierender Wirkung. F\u00fcr mehr Energie, Ausgeglichenheit und Vitalit\u00e4t bei Hund, Katze und Mensch. <\/p>\n","protected":false},"featured_media":11315,"comment_status":"open","ping_status":"closed","template":"","meta":{"wds_primary_product_brand":0,"wds_primary_product_cat":15,"wds_primary_merken":0},"product_brand":[],"product_cat":[972,975],"product_tag":[],"merken":[],"class_list":{"0":"post-4624","1":"product","2":"type-product","3":"status-publish","4":"has-post-thumbnail","6":"product_cat-anreicherung","7":"product_cat-food-toppings","8":"infinite-scroll-item","9":"sales-flash-overlay","10":"woocommerce-text-align-center","11":"woocommerce-image-align-center","12":"do-quantity-buttons","14":"first","15":"instock","16":"taxable","17":"shipping-taxable","18":"purchasable","19":"product-type-simple"},"_links":{"self":[{"href":"https:\/\/www.ngdcare.nl\/de\/wp-json\/wp\/v2\/product\/4624","targetHints":{"allow":["GET"]}}],"collection":[{"href":"https:\/\/www.ngdcare.nl\/de\/wp-json\/wp\/v2\/product"}],"about":[{"href":"https:\/\/www.ngdcare.nl\/de\/wp-json\/wp\/v2\/types\/product"}],"replies":[{"embeddable":true,"href":"https:\/\/www.ngdcare.nl\/de\/wp-json\/wp\/v2\/comments?post=4624"}],"wp:featuredmedia":[{"embeddable":true,"href":"https:\/\/www.ngdcare.nl\/de\/wp-json\/wp\/v2\/media\/11315"}],"wp:attachment":[{"href":"https:\/\/www.ngdcare.nl\/de\/wp-json\/wp\/v2\/media?parent=4624"}],"wp:term":[{"taxonomy":"product_brand","embeddable":true,"href":"https:\/\/www.ngdcare.nl\/de\/wp-json\/wp\/v2\/product_brand?post=4624"},{"taxonomy":"product_cat","embeddable":true,"href":"https:\/\/www.ngdcare.nl\/de\/wp-json\/wp\/v2\/product_cat?post=4624"},{"taxonomy":"product_tag","embeddable":true,"href":"https:\/\/www.ngdcare.nl\/de\/wp-json\/wp\/v2\/product_tag?post=4624"},{"taxonomy":"merken","embeddable":true,"href":"https:\/\/www.ngdcare.nl\/de\/wp-json\/wp\/v2\/merken?post=4624"}],"curies":[{"name":"wp","href":"https:\/\/api.w.org\/{rel}","templated":true}]}}