{"id":5422,"date":"2025-09-15T21:01:00","date_gmt":"2025-09-15T19:01:00","guid":{"rendered":"https:\/\/www.ngdcare.nl\/product\/unkategorisiert\/ozon-glycerin-augentropfen\/"},"modified":"2026-04-15T16:35:52","modified_gmt":"2026-04-15T14:35:52","slug":"ozon-glycerin-augentropfen","status":"publish","type":"product","link":"https:\/\/www.ngdcare.nl\/de\/product\/ozon-de\/ozon-glycerin-augentropfen\/","title":{"rendered":"Ozon Glycerin Augentropfen \u2013 Augentropfen"},"content":{"rendered":"<p data-start=\"291\" data-end=\"999\">Ozone Glycerin Eye <strong data-start=\"364\" data-end=\"382\">Drops \u2013 Eye Drops<\/strong> ist eine milde, w\u00e4ssrige Augenpflege auf Basis von <strong data-start=\"433\" data-end=\"463\">5% ozonisiertem Glycerin<\/strong> <strong data-start=\"467\" data-end=\"510\">in 0,9% physiologischer Kochsalzl\u00f6sung (NaCl).<\/strong> Die leichte Textur verteilt sich gleichm\u00e4\u00dfig, <strong data-start=\"552\" data-end=\"590\">ohne Fettfilm oder verschwommenes Sehen<\/strong> und f\u00fchlt sich angenehm auf der empfindlichen Augenpartie an. Durch die minimalistische, <strong data-start=\"668\" data-end=\"683\">parf\u00fcmfreie<\/strong> Zusammensetzung eignet sich dieses Produkt f\u00fcr die <strong data-start=\"730\" data-end=\"764\">t\u00e4gliche Pflege<\/strong> von Hunden und Katzen, wobei Komfort und Hygiene im Vordergrund stehen.  <\/p>\n<p data-start=\"1001\" data-end=\"1051\"><strong data-start=\"1001\" data-end=\"1049\">Indikationen <\/strong>f\u00fcr die Verwendung der ozonisierten Glycerin-Augentropfen sind eine Unterst\u00fctzung bei Augenentz\u00fcndungen und f\u00fcr Tiere, die t\u00e4gliche Pflege ben\u00f6tigen, sorgt es f\u00fcr die Aufrechterhaltung eines frischen Mikroklimas um das Auge.<\/p>\n","protected":false},"excerpt":{"rendered":"<p>Sanfte, w\u00e4ssrige Augentropfen mit 5 % ozoniertem Glycerin in physiologischem Salz. Hilft, das Mikroklima am Augenlidrand und der Augenecke frisch zu halten und sch\u00fctzt empfindliches Gewebe ohne einen fettigen Film.<\/p>\n","protected":false},"featured_media":18251,"comment_status":"open","ping_status":"closed","template":"","meta":[],"product_brand":[],"product_cat":[640],"product_tag":[1468,1467,1466,1465,1469,1464],"merken":[],"class_list":{"0":"post-5422","1":"product","2":"type-product","3":"status-publish","4":"has-post-thumbnail","6":"product_cat-ozon-de","7":"product_tag-5-glycerin","8":"product_tag-augenpflege-fur-katzen","9":"product_tag-augenpflege-hund","10":"product_tag-augentropfen","11":"product_tag-ohne-duftstoffe","12":"product_tag-ozonisiertes-glycerin","13":"infinite-scroll-item","14":"sales-flash-overlay","15":"woocommerce-text-align-center","16":"woocommerce-image-align-center","17":"do-quantity-buttons","19":"first","20":"instock","21":"taxable","22":"shipping-taxable","23":"purchasable","24":"product-type-simple"},"_links":{"self":[{"href":"https:\/\/www.ngdcare.nl\/de\/wp-json\/wp\/v2\/product\/5422","targetHints":{"allow":["GET"]}}],"collection":[{"href":"https:\/\/www.ngdcare.nl\/de\/wp-json\/wp\/v2\/product"}],"about":[{"href":"https:\/\/www.ngdcare.nl\/de\/wp-json\/wp\/v2\/types\/product"}],"replies":[{"embeddable":true,"href":"https:\/\/www.ngdcare.nl\/de\/wp-json\/wp\/v2\/comments?post=5422"}],"wp:featuredmedia":[{"embeddable":true,"href":"https:\/\/www.ngdcare.nl\/de\/wp-json\/wp\/v2\/media\/18251"}],"wp:attachment":[{"href":"https:\/\/www.ngdcare.nl\/de\/wp-json\/wp\/v2\/media?parent=5422"}],"wp:term":[{"taxonomy":"product_brand","embeddable":true,"href":"https:\/\/www.ngdcare.nl\/de\/wp-json\/wp\/v2\/product_brand?post=5422"},{"taxonomy":"product_cat","embeddable":true,"href":"https:\/\/www.ngdcare.nl\/de\/wp-json\/wp\/v2\/product_cat?post=5422"},{"taxonomy":"product_tag","embeddable":true,"href":"https:\/\/www.ngdcare.nl\/de\/wp-json\/wp\/v2\/product_tag?post=5422"},{"taxonomy":"merken","embeddable":true,"href":"https:\/\/www.ngdcare.nl\/de\/wp-json\/wp\/v2\/merken?post=5422"}],"curies":[{"name":"wp","href":"https:\/\/api.w.org\/{rel}","templated":true}]}}