{"id":5426,"date":"2025-09-15T21:10:30","date_gmt":"2025-09-15T19:10:30","guid":{"rendered":"https:\/\/www.ngdcare.nl\/product\/unkategorisiert\/ozon-glycerin-nasentropfen-nasenspray\/"},"modified":"2026-04-15T16:28:20","modified_gmt":"2026-04-15T14:28:20","slug":"ozon-glycerin-nasentropfen-nasenspray","status":"publish","type":"product","link":"https:\/\/www.ngdcare.nl\/de\/product\/ozon-de\/ozon-glycerin-nasentropfen-nasenspray\/","title":{"rendered":"Ozon Glycerin Nasentropfen \u2013 Nasenspray"},"content":{"rendered":"<p data-start=\"1627\" data-end=\"2267\">Ozone Glycerin <strong data-start=\"1700\" data-end=\"1720\">Nasentropfen \u2013 Nasenspray<\/strong> ist ein <strong data-start=\"1728\" data-end=\"1757\">w\u00e4ssriges, mildes Nasenspray<\/strong> mit <strong data-start=\"1762\" data-end=\"1792\">5% ozonisiertem Glycerin<\/strong> in <strong data-start=\"1796\" data-end=\"1809\">0,9% NaCl<\/strong>. Der feine Nebel ist <strong data-start=\"1829\" data-end=\"1862\">angenehm f\u00fcr die Schleimh\u00e4ute<\/strong> und hilft, das <strong data-start=\"1876\" data-end=\"1902\">nasale Mikroklima frisch<\/strong> zu halten. Dank der <strong data-start=\"1925\" data-end=\"1939\">feuchtigkeitsspeichernden <\/strong>Eigenschaften von Glycerin bleibt die Oberfl\u00e4che angenehm in der Haptik, ohne zu kleben oder auszutrocknen. Die Formel ist <strong data-start=\"2057\" data-end=\"2071\">parf\u00fcmfrei<\/strong> und minimalistisch und f\u00fcr die <strong data-start=\"2105\" data-end=\"2126\">t\u00e4gliche Anwendung<\/strong> bei Hund und Katze geeignet.   <\/p>\n<p data-start=\"2269\" data-end=\"2319\"><strong data-start=\"2269\" data-end=\"2317\">Indikationen<\/strong> f\u00fcr die Anwendung des Nasensprays sind eine unterst\u00fctzende Wirkung bei Rhinitis, Erk\u00e4ltungen und verstopfter Nase. Dar\u00fcber hinaus kann es zur t\u00e4glichen Pflege der Nase beitragen und eine trockene, staubige Umgebung unterst\u00fctzen. <\/p>\n","protected":false},"excerpt":{"rendered":"<p>Mildes Nasenspray mit 5 % ozoniertem Glycerin in 0,9 % NaCl. H\u00e4lt das nasale Mikroklima frisch und f\u00fchlt sich f\u00fcr die Schleimh\u00e4ute angenehm an.<\/p>\n","protected":false},"featured_media":18261,"comment_status":"open","ping_status":"closed","template":"","meta":{"wds_primary_product_brand":0,"wds_primary_product_cat":0,"wds_primary_merken":0},"product_brand":[],"product_cat":[640],"product_tag":[933,935,1482,1414,1464],"merken":[],"class_list":{"0":"post-5426","1":"product","2":"type-product","3":"status-publish","4":"has-post-thumbnail","6":"product_cat-ozon-de","7":"product_tag-hund","8":"product_tag-katze","9":"product_tag-nasenpflege","10":"product_tag-nasenspray","11":"product_tag-ozonisiertes-glycerin","12":"infinite-scroll-item","13":"sales-flash-overlay","14":"woocommerce-text-align-center","15":"woocommerce-image-align-center","16":"do-quantity-buttons","18":"first","19":"outofstock","20":"taxable","21":"shipping-taxable","22":"purchasable","23":"product-type-simple"},"_links":{"self":[{"href":"https:\/\/www.ngdcare.nl\/de\/wp-json\/wp\/v2\/product\/5426","targetHints":{"allow":["GET"]}}],"collection":[{"href":"https:\/\/www.ngdcare.nl\/de\/wp-json\/wp\/v2\/product"}],"about":[{"href":"https:\/\/www.ngdcare.nl\/de\/wp-json\/wp\/v2\/types\/product"}],"replies":[{"embeddable":true,"href":"https:\/\/www.ngdcare.nl\/de\/wp-json\/wp\/v2\/comments?post=5426"}],"wp:featuredmedia":[{"embeddable":true,"href":"https:\/\/www.ngdcare.nl\/de\/wp-json\/wp\/v2\/media\/18261"}],"wp:attachment":[{"href":"https:\/\/www.ngdcare.nl\/de\/wp-json\/wp\/v2\/media?parent=5426"}],"wp:term":[{"taxonomy":"product_brand","embeddable":true,"href":"https:\/\/www.ngdcare.nl\/de\/wp-json\/wp\/v2\/product_brand?post=5426"},{"taxonomy":"product_cat","embeddable":true,"href":"https:\/\/www.ngdcare.nl\/de\/wp-json\/wp\/v2\/product_cat?post=5426"},{"taxonomy":"product_tag","embeddable":true,"href":"https:\/\/www.ngdcare.nl\/de\/wp-json\/wp\/v2\/product_tag?post=5426"},{"taxonomy":"merken","embeddable":true,"href":"https:\/\/www.ngdcare.nl\/de\/wp-json\/wp\/v2\/merken?post=5426"}],"curies":[{"name":"wp","href":"https:\/\/api.w.org\/{rel}","templated":true}]}}