{"id":5431,"date":"2025-09-15T21:16:52","date_gmt":"2025-09-15T19:16:52","guid":{"rendered":"https:\/\/www.ngdcare.nl\/product\/unkategorisiert\/ozon-jojoba-ohrentropfen-ohrentropfen\/"},"modified":"2026-03-29T14:17:35","modified_gmt":"2026-03-29T12:17:35","slug":"ozon-jojoba-ohrentropfen-ohrentropfen","status":"publish","type":"product","link":"https:\/\/www.ngdcare.nl\/de\/product\/ohren\/ozon-jojoba-ohrentropfen-ohrentropfen\/","title":{"rendered":"Ozon Jojoba Ohrentropfen \u2013 Ohrentropfen"},"content":{"rendered":"<p data-start=\"5243\" data-end=\"5799\">Ozone Jojoba <strong data-start=\"5317\" data-end=\"5330\">Ohrentropfen \u2013 Ohrentropfen<\/strong> sind <strong data-start=\"5336\" data-end=\"5379\">milde, leicht ozonierte Ohrentropfen,<\/strong> die auf <strong data-start=\"5393\" data-end=\"5408\">Jojoba\u00f6l<\/strong> basieren. Die <strong data-start=\"5413\" data-end=\"5433\">niedrige Viskosit\u00e4t <\/strong>sorgt daf\u00fcr, dass sich die Tropfen <strong data-start=\"5456\" data-end=\"5471\">angenehm<\/strong> anf\u00fchlen und <strong data-start=\"5485\" data-end=\"5512\">etwas l\u00e4nger an Ort und Stelle<\/strong> bleiben als w\u00e4ssrige L\u00f6sungen. Die <strong data-start=\"5550\" data-end=\"5565\">duftfreie<\/strong> Mischung ist f\u00fcr <strong data-start=\"5596\" data-end=\"5624\">die \u00e4u\u00dfere Ohrpflege<\/strong> (Ohrmuschel und \u00e4u\u00dferer Geh\u00f6rgang) gedacht. Dieses Jojoba\u00f6l ist f\u00fcr eine k\u00fcrzere Zeit ozonisiert als das Jojoba-Balsam. Das h\u00e4lt das \u00d6l fl\u00fcssig und leicht ins Ohr einzuf\u00fchren und zu massieren.   <\/p>\n<p data-start=\"5801\" data-end=\"5851\"><strong data-start=\"5801\" data-end=\"5849\">Anwendungsgebiete <\/strong>sind die t\u00e4gliche Pflege des Au\u00dfenohrs und des \u00e4u\u00dferen Geh\u00f6rgangs. Das ozonisierte Jojoba\u00f6l dringt gut durch den pathogenen Biofilm des Ohrs ein, wenn zu viel Ohrenschmalz produziert wird, aber auch zur Unterst\u00fctzung von Ohrenentz\u00fcndungen (Otitis externa) aufgrund von Bakterien- oder Hefe\u00fcberwucherung. <\/p>\n<p data-start=\"6316\" data-end=\"6433\">\n","protected":false},"excerpt":{"rendered":"<p>Ozone Jojoba Ear <strong data-start=\"5317\" data-end=\"5330\">Drops \u2013 Ear Drops<\/strong> sind <strong data-start=\"5336\" data-end=\"5379\">sanfte, leicht ozonisierte Ohrentropfen<\/strong> auf Basis von <strong data-start=\"5393\" data-end=\"5408\">Jojoba\u00f6l.<\/strong><\/p>\n","protected":false},"featured_media":17393,"comment_status":"open","ping_status":"closed","template":"","meta":{"wds_primary_product_brand":0,"wds_primary_product_cat":0,"wds_primary_merken":0},"product_brand":[],"product_cat":[639,640],"product_tag":[1469,1494,1495,1496,1493],"merken":[],"class_list":{"0":"post-5431","1":"product","2":"type-product","3":"status-publish","4":"has-post-thumbnail","6":"product_cat-ohren","7":"product_cat-ozon-de","8":"product_tag-ohne-duftstoffe","9":"product_tag-ohrenpflege-fur-hunde","10":"product_tag-ohrenpflege-fur-katzen","11":"product_tag-ohrentropfen-de","12":"product_tag-ozonisiertes-jojoba","13":"infinite-scroll-item","14":"sales-flash-overlay","15":"woocommerce-text-align-center","16":"woocommerce-image-align-center","17":"do-quantity-buttons","19":"first","20":"instock","21":"taxable","22":"shipping-taxable","23":"purchasable","24":"product-type-simple"},"_links":{"self":[{"href":"https:\/\/www.ngdcare.nl\/de\/wp-json\/wp\/v2\/product\/5431","targetHints":{"allow":["GET"]}}],"collection":[{"href":"https:\/\/www.ngdcare.nl\/de\/wp-json\/wp\/v2\/product"}],"about":[{"href":"https:\/\/www.ngdcare.nl\/de\/wp-json\/wp\/v2\/types\/product"}],"replies":[{"embeddable":true,"href":"https:\/\/www.ngdcare.nl\/de\/wp-json\/wp\/v2\/comments?post=5431"}],"wp:featuredmedia":[{"embeddable":true,"href":"https:\/\/www.ngdcare.nl\/de\/wp-json\/wp\/v2\/media\/17393"}],"wp:attachment":[{"href":"https:\/\/www.ngdcare.nl\/de\/wp-json\/wp\/v2\/media?parent=5431"}],"wp:term":[{"taxonomy":"product_brand","embeddable":true,"href":"https:\/\/www.ngdcare.nl\/de\/wp-json\/wp\/v2\/product_brand?post=5431"},{"taxonomy":"product_cat","embeddable":true,"href":"https:\/\/www.ngdcare.nl\/de\/wp-json\/wp\/v2\/product_cat?post=5431"},{"taxonomy":"product_tag","embeddable":true,"href":"https:\/\/www.ngdcare.nl\/de\/wp-json\/wp\/v2\/product_tag?post=5431"},{"taxonomy":"merken","embeddable":true,"href":"https:\/\/www.ngdcare.nl\/de\/wp-json\/wp\/v2\/merken?post=5431"}],"curies":[{"name":"wp","href":"https:\/\/api.w.org\/{rel}","templated":true}]}}