{"id":5433,"date":"2025-09-15T21:21:54","date_gmt":"2025-09-15T19:21:54","guid":{"rendered":"https:\/\/www.ngdcare.nl\/product\/unkategorisiert\/ozon-jojoba-hautbalsam-hautbalsam\/"},"modified":"2026-03-29T14:18:22","modified_gmt":"2026-03-29T12:18:22","slug":"ozon-jojoba-hautbalsam-hautbalsam","status":"publish","type":"product","link":"https:\/\/www.ngdcare.nl\/de\/product\/haut-und-fell\/ozon-jojoba-hautbalsam-hautbalsam\/","title":{"rendered":"Ozon Jojoba Hautbalsam \u2013 Hautbalsam"},"content":{"rendered":"<p data-start=\"6539\" data-end=\"6718\"><strong data-start=\"6752\" data-end=\"6783\">Ozone Jojoba Hautbalsam \u2013 Skin Balm<\/strong> nutzt den nat\u00fcrlichen <strong data-start=\"6809\" data-end=\"6825\">Wachscharakter<\/strong> von Jojoba: Bei st\u00e4rkerer Ozonierung bildet sich ein <strong data-start=\"6878\" data-end=\"6897\">stabiler Balsam<\/strong> , der eine d\u00fcnne, halbokklusive Schicht auflegt. Ideal f\u00fcr <strong data-start=\"6952\" data-end=\"6983\">lokale, trockene oder raue Bereiche<\/strong> (Pfotenballen, Nase, Hautfalten und Regale). Ohne Duftstoffe.  <\/p>\n<p data-start=\"4084\" data-end=\"4651\">Ozon Jojoba Oil \u2013 <strong data-start=\"4158\" data-end=\"4171\">Skin Balm<\/strong> ist ein <strong data-start=\"4179\" data-end=\"4209\">halbfester, stabiler Balsam<\/strong> auf Basis von ozonisiertem <strong data-start=\"4237\" data-end=\"4252\">Jojoba\u00f6l<\/strong>. Durch den nat\u00fcrlichen <strong data-start=\"4275\" data-end=\"4291\">Wachscharakter<\/strong> von Jojoba entsteht durch die st\u00e4rkere Ozonung eine <strong data-start=\"4341\" data-end=\"4372\">d\u00fcnne, halbokklusive Schicht,<\/strong> die <strong data-start=\"4377\" data-end=\"4404\">lange an Ort und Stelle bleibt<\/strong>. Der Balsam ist <strong data-start=\"4419\" data-end=\"4437\">nicht klebrig<\/strong>, <strong data-start=\"4439\" data-end=\"4453\">parf\u00fcmfrei<\/strong> und ideal f\u00fcr <strong data-start=\"4469\" data-end=\"4500\">lokale, trockene oder raue Bereiche<\/strong>.  <\/p>\n<p data-start=\"4084\" data-end=\"4651\"><strong data-start=\"4653\" data-end=\"4701\">Anwendungsgebiete<\/strong> sind die lokale Pflege von trockenen\/rauen Stellen wie z.B. Regalen und anderen Liegefl\u00e4chen, Fu\u00dfballen, Nasenoberfl\u00e4che und Hautfalten. Der Balsam wirkt unterst\u00fctzend bei Bakterien- und Hefeinfektionen in der Haut und dringt gut in den Biofilm ein. <\/p>\n","protected":false},"excerpt":{"rendered":"<p data-start=\"6539\" data-end=\"6718\">Reichhaltiger, halbfester <strong data-start=\"6588\" data-end=\"6602\">Hautbalsam<\/strong> auf Basis von ozonisiertem Jojoba\u00f6l. Pflegt und sch\u00fctzt kleine trockene\/raue Stellen und bleibt lange an Ort und Stelle. <\/p>\n<p data-start=\"6720\" data-end=\"7093\">\n","protected":false},"featured_media":17403,"comment_status":"open","ping_status":"closed","template":"","meta":{"wds_primary_product_brand":0,"wds_primary_product_cat":0,"wds_primary_merken":0},"product_brand":[],"product_cat":[545,640],"product_tag":[1469,1494,1495,1496,1493],"merken":[],"class_list":{"0":"post-5433","1":"product","2":"type-product","3":"status-publish","4":"has-post-thumbnail","6":"product_cat-haut-und-fell","7":"product_cat-ozon-de","8":"product_tag-ohne-duftstoffe","9":"product_tag-ohrenpflege-fur-hunde","10":"product_tag-ohrenpflege-fur-katzen","11":"product_tag-ohrentropfen-de","12":"product_tag-ozonisiertes-jojoba","13":"infinite-scroll-item","14":"sales-flash-overlay","15":"woocommerce-text-align-center","16":"woocommerce-image-align-center","17":"do-quantity-buttons","19":"first","20":"instock","21":"taxable","22":"shipping-taxable","23":"purchasable","24":"product-type-simple"},"_links":{"self":[{"href":"https:\/\/www.ngdcare.nl\/de\/wp-json\/wp\/v2\/product\/5433","targetHints":{"allow":["GET"]}}],"collection":[{"href":"https:\/\/www.ngdcare.nl\/de\/wp-json\/wp\/v2\/product"}],"about":[{"href":"https:\/\/www.ngdcare.nl\/de\/wp-json\/wp\/v2\/types\/product"}],"replies":[{"embeddable":true,"href":"https:\/\/www.ngdcare.nl\/de\/wp-json\/wp\/v2\/comments?post=5433"}],"wp:featuredmedia":[{"embeddable":true,"href":"https:\/\/www.ngdcare.nl\/de\/wp-json\/wp\/v2\/media\/17403"}],"wp:attachment":[{"href":"https:\/\/www.ngdcare.nl\/de\/wp-json\/wp\/v2\/media?parent=5433"}],"wp:term":[{"taxonomy":"product_brand","embeddable":true,"href":"https:\/\/www.ngdcare.nl\/de\/wp-json\/wp\/v2\/product_brand?post=5433"},{"taxonomy":"product_cat","embeddable":true,"href":"https:\/\/www.ngdcare.nl\/de\/wp-json\/wp\/v2\/product_cat?post=5433"},{"taxonomy":"product_tag","embeddable":true,"href":"https:\/\/www.ngdcare.nl\/de\/wp-json\/wp\/v2\/product_tag?post=5433"},{"taxonomy":"merken","embeddable":true,"href":"https:\/\/www.ngdcare.nl\/de\/wp-json\/wp\/v2\/merken?post=5433"}],"curies":[{"name":"wp","href":"https:\/\/api.w.org\/{rel}","templated":true}]}}