{"id":5439,"date":"2025-09-15T21:48:30","date_gmt":"2025-09-15T19:48:30","guid":{"rendered":"https:\/\/www.ngdcare.nl\/product\/unkategorisiert\/ozone-glycerin-beruhigendes-hautgel\/"},"modified":"2026-04-15T16:36:11","modified_gmt":"2026-04-15T14:36:11","slug":"ozone-glycerin-beruhigendes-hautgel","status":"publish","type":"product","link":"https:\/\/www.ngdcare.nl\/de\/product\/veterinary-health\/ozon-de\/ozone-glycerin-beruhigendes-hautgel\/","title":{"rendered":"Ozon Glycerin Skin Gel \u2013 Hautgel"},"content":{"rendered":"<p data-start=\"4723\" data-end=\"5116\">Ozone Glycerin<strong data-start=\"2941\" data-end=\"2962\"> Skin Gel \u2013 Skin Gel<\/strong> ist ein <strong data-start=\"2970\" data-end=\"3001\">hochviskoses Gel<\/strong> auf Basis von 100% Premium ozonisiertem Glycerin. Die Geltextur ist <strong data-start=\"3071\" data-end=\"3114\">so konzipiert, dass sie dort bleibt, wo Sie sie auftragen<\/strong>, ideal f\u00fcr <strong data-start=\"3128\" data-end=\"3164\">kleine, lokalisierte Hautpartien (raue oder verdickte Bereiche).<\/strong> Die <strong data-start=\"3169\" data-end=\"3184\">parf\u00fcmfreie<\/strong> Formel <strong data-start=\"3199\" data-end=\"3214\">f\u00fchlt sich nicht fettig an<\/strong> und l\u00e4sst sich leicht d\u00fcnn verteilen, mit einem angenehmen Hautgef\u00fchl und <strong data-start=\"3284\" data-end=\"3307\">l\u00e4ngerer Einwirkzeit<\/strong> als eine w\u00e4ssrige L\u00f6sung. Auch der Geruch ist angenehm im Gegensatz zum ozonisierten Oliven\u00f6l, das eindringend sein kann.   <\/p>\n<p data-start=\"4723\" data-end=\"5116\">Dieses Gel hat den h\u00f6chsten Peroxidindex unserer Ozonprodukte. Dadurch hat es die st\u00e4rkste unterst\u00fctzende Wirkung gegen Bakterien, Viren, Hefen, Pilze und warzenartige Strukturen. <\/p>\n<p data-start=\"4723\" data-end=\"5116\">\n","protected":false},"excerpt":{"rendered":"<p>Gezieltes, w\u00e4ssriges <strong data-start=\"4608\" data-end=\"4619\">Hautgel<\/strong> auf Basis von ozonisiertem Glycerin. Ideal f\u00fcr die lokale Pflege von kleinen rauen\/verdickten Stellen. <\/p>\n","protected":false},"featured_media":18241,"comment_status":"open","ping_status":"closed","template":"","meta":{"wds_primary_product_brand":0,"wds_primary_product_cat":0,"wds_primary_merken":0},"product_brand":[],"product_cat":[545,640],"product_tag":[1497,933,935,1469,1464],"merken":[],"class_list":{"0":"post-5439","1":"product","2":"type-product","3":"status-publish","4":"has-post-thumbnail","6":"product_cat-haut-und-fell","7":"product_cat-ozon-de","8":"product_tag-haut-gel","9":"product_tag-hund","10":"product_tag-katze","11":"product_tag-ohne-duftstoffe","12":"product_tag-ozonisiertes-glycerin","13":"infinite-scroll-item","14":"sales-flash-overlay","15":"woocommerce-text-align-center","16":"woocommerce-image-align-center","17":"do-quantity-buttons","19":"first","20":"outofstock","21":"taxable","22":"shipping-taxable","23":"purchasable","24":"product-type-variable"},"_links":{"self":[{"href":"https:\/\/www.ngdcare.nl\/de\/wp-json\/wp\/v2\/product\/5439","targetHints":{"allow":["GET"]}}],"collection":[{"href":"https:\/\/www.ngdcare.nl\/de\/wp-json\/wp\/v2\/product"}],"about":[{"href":"https:\/\/www.ngdcare.nl\/de\/wp-json\/wp\/v2\/types\/product"}],"replies":[{"embeddable":true,"href":"https:\/\/www.ngdcare.nl\/de\/wp-json\/wp\/v2\/comments?post=5439"}],"wp:featuredmedia":[{"embeddable":true,"href":"https:\/\/www.ngdcare.nl\/de\/wp-json\/wp\/v2\/media\/18241"}],"wp:attachment":[{"href":"https:\/\/www.ngdcare.nl\/de\/wp-json\/wp\/v2\/media?parent=5439"}],"wp:term":[{"taxonomy":"product_brand","embeddable":true,"href":"https:\/\/www.ngdcare.nl\/de\/wp-json\/wp\/v2\/product_brand?post=5439"},{"taxonomy":"product_cat","embeddable":true,"href":"https:\/\/www.ngdcare.nl\/de\/wp-json\/wp\/v2\/product_cat?post=5439"},{"taxonomy":"product_tag","embeddable":true,"href":"https:\/\/www.ngdcare.nl\/de\/wp-json\/wp\/v2\/product_tag?post=5439"},{"taxonomy":"merken","embeddable":true,"href":"https:\/\/www.ngdcare.nl\/de\/wp-json\/wp\/v2\/merken?post=5439"}],"curies":[{"name":"wp","href":"https:\/\/api.w.org\/{rel}","templated":true}]}}