{"id":5486,"date":"2025-09-27T21:51:08","date_gmt":"2025-09-27T19:51:08","guid":{"rendered":"https:\/\/www.ngdcare.nl\/product\/unkategorisiert\/chirurgie-essenz\/"},"modified":"2025-09-27T22:17:08","modified_gmt":"2025-09-27T20:17:08","slug":"chirurgie-essenz","status":"publish","type":"product","link":"https:\/\/www.ngdcare.nl\/de\/product\/bluten-heilmittel\/chirurgie-essenz\/","title":{"rendered":"Unterst\u00fctzung bei der Chirurgie"},"content":{"rendered":"<p><span style=\"font-size: inherit;\">Unsere NGD Care <\/span><strong><span style=\"font-size: inherit;\">Assistance<\/span><\/strong><strong style=\"font-weight: 400; font-size: inherit;\">Anleitung \u2013 Chirurgische Unterst\u00fctzung<\/strong><span style=\"font-weight: 400; font-size: inherit;\">  ist ein sorgf\u00e4ltig zusammengestelltes Bl\u00fctenheilmittel f\u00fcr Mensch und Tier, das zur Unterst\u00fctzung w\u00e4hrend und nach Operationen, Narkosen oder anderen k\u00f6rperlichen Eingriffen dient. Diese Essenz wirkt auf einer tiefen energetischen Ebene: Sie hilft, den K\u00f6rper wieder zu bewohnen, sch\u00fctzt vor energetischen Eingriffen und f\u00f6rdert Ruhe, Selbstvertrauen und Erholung. <\/span><\/p>\n<p style=\"font-weight: 400;\">Die Kombination aus australischen und Star Remedies Bl\u00fcten zielt auf <strong>Erdung, Traumaverarbeitung, energetische Genesung<\/strong> und <strong>emotionalen Schutz<\/strong> ab. Dieses Mittel ist ideal f\u00fcr: <\/p>\n<ul style=\"font-weight: 400;\">\n<li>Genesung nach der Narkose<\/li>\n<li>Narbengewebe oder energetische &#8222;Lecks&#8220;<\/li>\n<li>Schock, Angst oder das Gef\u00fchl, im Stich gelassen zu werden<\/li>\n<li>tiefe Unruhe w\u00e4hrend des Heilungsprozesses<\/li>\n<\/ul>\n<p style=\"font-weight: 400;\">Kann zur Unterst\u00fctzung der Wundheilung, der Genesung nach einer Krankheit und k\u00f6rperlicher oder emotionaler Belastung bei Tieren und Menschen eingesetzt werden. Kombinieren Sie es vorzugsweise mit sanfter Pflege, Ruhe und einer sicheren Umgebung. <\/p>\n<p style=\"font-weight: 400;\"><strong>Zusammensetzung und Wirkung<\/strong><\/p>\n<ul style=\"font-weight: 400;\">\n<li><strong>Terra<\/strong> \u2013 Genesung, Erdung und Erwachen nach der Narkose.<\/li>\n<li><strong>Engelschwert<\/strong> \u2013 Schutz vor spiritueller\/energetischer Invasion (wie Schnitte oder Sedierung).<\/li>\n<li><strong>Fringed Violet<\/strong> \u2013 Stellt die Aura und den \u00c4therk\u00f6rper wieder her.<\/li>\n<li><strong>Rhodolith-Granat<\/strong> \u2013 Hilft, den K\u00f6rper wieder zu bewohnen; Wiederherstellung des energetischen Netzes.<\/li>\n<li><strong>AnimalCare<\/strong> \u2013 Erste Hilfe bei Schock, Trauma oder Verlassenheit.<\/li>\n<li><strong>Love &amp; Hope<\/strong> \u2013 Trost, Liebe, Sanftmut und Vertrauen.<\/li>\n<li><strong>Stern von Bethlehem<\/strong> \u2013 Traumareiniger auf zellul\u00e4rer und seelischer Ebene.<\/li>\n<li><strong>Mohn<\/strong> \u2013 Unterst\u00fctzt die Hingabe, Verarbeitung und Ruhe w\u00e4hrend des Schlafs oder der Sedierung.<\/li>\n<li><strong>Maskenblume<\/strong> \u2013 Angst loslassen, Sicherheitsgef\u00fchl erh\u00f6hen.<\/li>\n<li><strong>Gnadenkraut (Scutellaria)<\/strong> \u2013 Beruhigt das Nervensystem, f\u00f6rdert die k\u00f6rperliche Erholung.<\/li>\n<\/ul>\n<p>F\u00fcr eine vollst\u00e4ndige Beratung empfehlen wir Ihnen, das Post-OP-Paket zu kaufen. Diese enth\u00e4lt neben den Bl\u00fcten auch unser liposomales Curcumin und Chlorella, Spirulina und Luzerne. <\/p>\n","protected":false},"excerpt":{"rendered":"<p>Diese kraftvolle Bl\u00fctenformel unterst\u00fctzt Tiere und Menschen vor, w\u00e4hrend und nach der Operation. Hilft bei der Erdung, Traumabew\u00e4ltigung, dem Schutz und der Wiederherstellung des Energiek\u00f6rpers. Ideal f\u00fcr An\u00e4sthesie, Wundheilung, Schock und emotionale Belastung.  <\/p>\n","protected":false},"featured_media":5488,"comment_status":"open","ping_status":"closed","template":"","meta":{"wds_primary_product_brand":0,"wds_primary_product_cat":0,"wds_primary_merken":0},"product_brand":[],"product_cat":[1612],"product_tag":[1627,1625,1631,1619,1613,1616,1622,1629],"merken":[],"class_list":{"0":"post-5486","1":"product","2":"type-product","3":"status-publish","4":"has-post-thumbnail","6":"product_cat-bluten-heilmittel","7":"product_tag-blute-wahrend-der-narkose","8":"product_tag-bluten-fur-tiere","9":"product_tag-bluten-ngd-pflege","10":"product_tag-blutenheilmittel-chirurgie","11":"product_tag-energetische-erholung","12":"product_tag-postoperative-genesung","13":"product_tag-traumaheilung-bluht-auf","14":"product_tag-wiederherstellung-der-aura","15":"infinite-scroll-item","16":"sales-flash-overlay","17":"woocommerce-text-align-center","18":"woocommerce-image-align-center","19":"do-quantity-buttons","21":"first","22":"instock","23":"taxable","24":"shipping-taxable","25":"purchasable","26":"product-type-simple"},"_links":{"self":[{"href":"https:\/\/www.ngdcare.nl\/de\/wp-json\/wp\/v2\/product\/5486","targetHints":{"allow":["GET"]}}],"collection":[{"href":"https:\/\/www.ngdcare.nl\/de\/wp-json\/wp\/v2\/product"}],"about":[{"href":"https:\/\/www.ngdcare.nl\/de\/wp-json\/wp\/v2\/types\/product"}],"replies":[{"embeddable":true,"href":"https:\/\/www.ngdcare.nl\/de\/wp-json\/wp\/v2\/comments?post=5486"}],"wp:featuredmedia":[{"embeddable":true,"href":"https:\/\/www.ngdcare.nl\/de\/wp-json\/wp\/v2\/media\/5488"}],"wp:attachment":[{"href":"https:\/\/www.ngdcare.nl\/de\/wp-json\/wp\/v2\/media?parent=5486"}],"wp:term":[{"taxonomy":"product_brand","embeddable":true,"href":"https:\/\/www.ngdcare.nl\/de\/wp-json\/wp\/v2\/product_brand?post=5486"},{"taxonomy":"product_cat","embeddable":true,"href":"https:\/\/www.ngdcare.nl\/de\/wp-json\/wp\/v2\/product_cat?post=5486"},{"taxonomy":"product_tag","embeddable":true,"href":"https:\/\/www.ngdcare.nl\/de\/wp-json\/wp\/v2\/product_tag?post=5486"},{"taxonomy":"merken","embeddable":true,"href":"https:\/\/www.ngdcare.nl\/de\/wp-json\/wp\/v2\/merken?post=5486"}],"curies":[{"name":"wp","href":"https:\/\/api.w.org\/{rel}","templated":true}]}}