{"id":5490,"date":"2025-09-27T22:57:17","date_gmt":"2025-09-27T20:57:17","guid":{"rendered":"https:\/\/www.ngdcare.nl\/product\/unkategorisiert\/erste-hilfe-bluete-notfall-essenz\/"},"modified":"2026-04-12T21:28:30","modified_gmt":"2026-04-12T19:28:30","slug":"erste-hilfe-bluete-notfall-essenz","status":"publish","type":"product","link":"https:\/\/www.ngdcare.nl\/de\/product\/veterinary-health\/bluten-heilmittel\/erste-hilfe-bluete-notfall-essenz\/","title":{"rendered":"Notfall-Essenz \u2013 Notfall-Unterst\u00fctzung"},"content":{"rendered":"<p style=\"font-weight: 400;\" data-start=\"682\" data-end=\"1018\">Dieses kraftvolle, aber sanfte <strong>Notfall-Blumenmittel \u2013 Notfallhilfe ist<\/strong> ein energiegeladenes Erste-Hilfe-Mittel f\u00fcr Menschen und Tiere. Das Mittel hilft bei akutem Stress, Trauma, k\u00f6rperlichen oder emotionalen Schocks, pl\u00f6tzlicher Trauer, Panik, Unf\u00e4llen oder intensiven Erlebnissen. Es wirkt durch das Energiesystem und bietet Frieden, Geborgenheit, Schutz und erneuertes Gleichgewicht.  <\/p>\n<p style=\"font-weight: 400;\" data-start=\"1020\" data-end=\"1166\">Die Kombination ist inspiriert von klassischen Rettungsmitteln, aber verfeinert mit modernen Bl\u00fcten, die auch eine tiefere spirituelle Integration unterst\u00fctzen.<\/p>\n<p data-start=\"1456\" data-end=\"1501\"><strong data-start=\"1463\" data-end=\"1499\">Zusammensetzung<\/strong><\/p>\n<ul>\n<li data-start=\"1505\" data-end=\"1576\"><strong data-start=\"1505\" data-end=\"1526\">Stern von Bethlehem<\/strong> \u2013 Traumaaufl\u00f6sung, stellt den energetischen Schock wieder her<\/li>\n<li data-start=\"1579\" data-end=\"1653\"><strong data-start=\"1579\" data-end=\"1593\">AnimalCare<\/strong> \u2013 Erste Hilfe bei Schock, Schmerzen und Panik (auch f\u00fcr Menschen)<\/li>\n<li data-start=\"1656\" data-end=\"1727\"><strong data-start=\"1656\" data-end=\"1667\">Poppy<\/strong> \u2013 Hingabe an Stress oder Taubheit, beruhigt tiefe Unruhe<\/li>\n<li data-start=\"1730\" data-end=\"1789\"><strong data-start=\"1730\" data-end=\"1745\">Maskenblume<\/strong> \u2013 Sicherheit in Angst, Kontrolle loslassen<\/li>\n<li data-start=\"1792\" data-end=\"1870\"><strong data-start=\"1792\" data-end=\"1805\">Kirschpflaume<\/strong> \u2013 Reguliert intensive Emotionen, verhindert emotionale &#8222;Explosionen&#8220;<\/li>\n<li data-start=\"1873\" data-end=\"1937\"><strong data-start=\"1873\" data-end=\"1890\">Love &amp; Hope<\/strong> \u2013 Trost, Sanftheit, Verbundenheit in der Trauer<\/li>\n<li data-start=\"1940\" data-end=\"2010\"><strong data-start=\"1940\" data-end=\"1958\">Fringed Violet<\/strong> \u2013 Wiederherstellung der Aura nach einem Durchbruch (physisch\/emotional)<\/li>\n<li data-start=\"2013\" data-end=\"2079\"><strong data-start=\"2013\" data-end=\"2025\">Sugulite<\/strong> \u2013 Schutz vor HSP und energetischer \u00dcberlastung<\/li>\n<li data-start=\"2082\" data-end=\"2141\"><strong data-start=\"2082\" data-end=\"2095\">Vergebung<\/strong> \u2013 Schmerz und Anspannung loslassen, das Herz \u00f6ffnen<\/li>\n<\/ul>\n","protected":false},"excerpt":{"rendered":"<p>Kombination von Bl\u00fcten zur sofortigen Unterst\u00fctzung bei Trauma, Schock, Traurigkeit, Panik oder k\u00f6rperlichem Schock. F\u00fcr Mensch und Tier. <\/p>\n","protected":false},"featured_media":9658,"comment_status":"open","ping_status":"closed","template":"","meta":{"wds_primary_product_brand":0,"wds_primary_product_cat":0,"wds_primary_merken":0},"product_brand":[],"product_cat":[1612],"product_tag":[1652,1637,1641,1643,1646,1639,1119,1644,7843,1650,1648],"merken":[],"class_list":{"0":"post-5490","1":"product","2":"type-product","3":"status-publish","4":"has-post-thumbnail","6":"product_cat-bluten-heilmittel","7":"product_tag-akuter-schock","8":"product_tag-bluten-essenz","9":"product_tag-energetischer-schutz","10":"product_tag-erste-hilfe-blute","11":"product_tag-naturliche-ruhe","12":"product_tag-ngd-pflege-bluten","13":"product_tag-panik","14":"product_tag-rettungsmittel","15":"product_tag-stress-verhalten","16":"product_tag-stress-bei-hunden-katzen","17":"product_tag-unterstutzung-bei-traumata","18":"infinite-scroll-item","19":"sales-flash-overlay","20":"woocommerce-text-align-center","21":"woocommerce-image-align-center","22":"do-quantity-buttons","24":"first","25":"instock","26":"taxable","27":"shipping-taxable","28":"purchasable","29":"product-type-simple"},"_links":{"self":[{"href":"https:\/\/www.ngdcare.nl\/de\/wp-json\/wp\/v2\/product\/5490","targetHints":{"allow":["GET"]}}],"collection":[{"href":"https:\/\/www.ngdcare.nl\/de\/wp-json\/wp\/v2\/product"}],"about":[{"href":"https:\/\/www.ngdcare.nl\/de\/wp-json\/wp\/v2\/types\/product"}],"replies":[{"embeddable":true,"href":"https:\/\/www.ngdcare.nl\/de\/wp-json\/wp\/v2\/comments?post=5490"}],"wp:featuredmedia":[{"embeddable":true,"href":"https:\/\/www.ngdcare.nl\/de\/wp-json\/wp\/v2\/media\/9658"}],"wp:attachment":[{"href":"https:\/\/www.ngdcare.nl\/de\/wp-json\/wp\/v2\/media?parent=5490"}],"wp:term":[{"taxonomy":"product_brand","embeddable":true,"href":"https:\/\/www.ngdcare.nl\/de\/wp-json\/wp\/v2\/product_brand?post=5490"},{"taxonomy":"product_cat","embeddable":true,"href":"https:\/\/www.ngdcare.nl\/de\/wp-json\/wp\/v2\/product_cat?post=5490"},{"taxonomy":"product_tag","embeddable":true,"href":"https:\/\/www.ngdcare.nl\/de\/wp-json\/wp\/v2\/product_tag?post=5490"},{"taxonomy":"merken","embeddable":true,"href":"https:\/\/www.ngdcare.nl\/de\/wp-json\/wp\/v2\/merken?post=5490"}],"curies":[{"name":"wp","href":"https:\/\/api.w.org\/{rel}","templated":true}]}}