{"id":5494,"date":"2025-09-27T23:00:00","date_gmt":"2025-09-27T21:00:00","guid":{"rendered":"https:\/\/www.ngdcare.nl\/product\/unkategorisiert\/ausdrucksessenz-chakra-2-und-5\/"},"modified":"2026-03-30T10:04:46","modified_gmt":"2026-03-30T08:04:46","slug":"ausdrucksessenz-chakra-2-und-5","status":"publish","type":"product","link":"https:\/\/www.ngdcare.nl\/de\/product\/bluten-heilmittel\/ausdrucksessenz-chakra-2-und-5\/","title":{"rendered":"Ausdrucksessenz \u2013 Chakra 2 und 5"},"content":{"rendered":"<p style=\"font-weight: 400;\">Diese sorgf\u00e4ltig zusammengestellte Bl\u00fctenessenz <strong>Expression \u2013 Chakra 2 &amp; 5<\/strong> unterst\u00fctzt die Verbindung zwischen dem zweiten (heiligen) Chakra und dem f\u00fcnften (Hals-)Chakra. Es hilft dir, dich mit deinem inneren Fluss, deiner kreativen Lebensenergie und deiner F\u00e4higkeit, dich aus Sanftheit und Wahrheit auszudr\u00fccken, zu verbinden. <\/p>\n<p style=\"font-weight: 400;\" data-start=\"1135\" data-end=\"1379\">Viele Menschen \u2013 und Tiere \u2013 erleben Blockaden auf dieser Achse: Schwierigkeiten, Gef\u00fchle auszudr\u00fccken, kreativer Stillstand, Angst, sich selbst zu zeigen oder \u00fcberm\u00e4\u00dfige emotionale Sensibilit\u00e4t. Diese Bl\u00fctenessenz bringt Beruhigung, Schutz und Raum. <\/p>\n<p style=\"font-weight: 400;\" data-start=\"1381\" data-end=\"1399\"><strong data-start=\"1381\" data-end=\"1397\">Antr\u00e4ge<\/strong><\/p>\n<ul>\n<li data-start=\"1402\" data-end=\"1460\">Bei emotionalen Blockaden (z.B. Traurigkeit, Scham, Schuld)<\/li>\n<li data-start=\"1463\" data-end=\"1503\">Schwierigkeiten beim Selbstausdruck oder bei der Kommunikation<\/li>\n<li data-start=\"1506\" data-end=\"1563\">Probleme rund um Kreativit\u00e4t, Sinnlichkeit oder Intimit\u00e4t<\/li>\n<li data-start=\"1566\" data-end=\"1619\">Hohe Sensibilit\u00e4t oder Reiz\u00fcberflutung des Rachenraums<\/li>\n<li data-start=\"1622\" data-end=\"1679\">Unterst\u00fctzung bei hormonellem Ungleichgewicht oder Halsbeschwerden<\/li>\n<\/ul>\n<p style=\"font-weight: 400;\" data-start=\"1681\" data-end=\"1725\"><strong data-start=\"1681\" data-end=\"1723\">Zusammensetzung<\/strong><\/p>\n<ul>\n<li data-start=\"1728\" data-end=\"1787\"><strong data-start=\"1728\" data-end=\"1741\">Vergebung<\/strong> \u2013 Kernbl\u00fcte zum Loslassen, \u00f6ffnet das Herz<\/li>\n<li data-start=\"1790\" data-end=\"1853\"><strong data-start=\"1790\" data-end=\"1806\">Kuhpetersilie<\/strong> \u2013 f\u00fcr Verspieltheit, Kreativit\u00e4t und Leichtigkeit<\/li>\n<li data-start=\"1856\" data-end=\"1916\"><strong data-start=\"1856\" data-end=\"1872\">Korallenkaktus<\/strong> \u2013 weicher weiblicher Fluss, Sinnlichkeit<\/li>\n<li data-start=\"1919\" data-end=\"1971\"><strong data-start=\"1919\" data-end=\"1939\">Tag Kuckucksblume<\/strong> \u2013 trauen Sie sich, Sie selbst zu sein und sich auszudr\u00fccken<\/li>\n<li data-start=\"1974\" data-end=\"2036\"><strong data-start=\"1974\" data-end=\"1995\">Stern von Bethlehem<\/strong> \u2013 Heilung von tiefen emotionalen Traumata<\/li>\n<li data-start=\"2039\" data-end=\"2092\"><strong data-start=\"2039\" data-end=\"2059\">Indische Mandel<\/strong> \u2013 Schutz bei Empfindlichkeit<\/li>\n<li data-start=\"2095\" data-end=\"2161\"><strong data-start=\"2095\" data-end=\"2112\">Love &amp; Hope<\/strong> \u2013 emotionale Erweichung und innere Einbettung<\/li>\n<li data-start=\"2164\" data-end=\"2211\"><strong data-start=\"2164\" data-end=\"2172\">Rose<\/strong> \u2013 weiche Herzenergie in der Kommunikation<\/li>\n<li data-start=\"2214\" data-end=\"2269\"><strong data-start=\"2214\" data-end=\"2227\">3-Einheit<\/strong> \u2013 Ausrichtung von K\u00f6rper, Seele und Geist<\/li>\n<li data-start=\"2272\" data-end=\"2338\"><strong data-start=\"2272\" data-end=\"2289\">Butterfly Bush<\/strong> \u2013 Verwandlung und Selbstvertrauen im Ausdruck<\/li>\n<li data-start=\"2341\" data-end=\"2403\"><strong data-start=\"2341\" data-end=\"2353\">T\u00fcrkis<\/strong> \u2013 st\u00e4rkt die Verbindung zwischen Gef\u00fchl und Ausdruck<\/li>\n<\/ul>\n<p style=\"font-weight: 400;\" data-start=\"2405\" data-end=\"2585\">Nutze diese Essenz in \u00dcbergangsphasen, als Unterst\u00fctzung in kreativen oder beziehungsbezogenen Prozessen oder wenn sich das Sprechen und F\u00fchlen (neu) mit dem in Einklang bringen kann, was du wirklich bist.<\/p>\n","protected":false},"excerpt":{"rendered":"<div>\n<p>Bl\u00fctenessenz f\u00fcr emotionalen Fluss und Selbstausdruck. Ausdruck hilft, das zweite und f\u00fcnfte Chakra zu \u00f6ffnen, unterst\u00fctzt Blockaden im Bereich der Kreativit\u00e4t, Sinnlichkeit, Wahrheit und Kommunikation. <\/p>\n<\/div>\n","protected":false},"featured_media":17442,"comment_status":"open","ping_status":"closed","template":"","meta":{"wds_primary_product_brand":0,"wds_primary_product_cat":0,"wds_primary_merken":0},"product_brand":[],"product_cat":[1612],"product_tag":[1637,1665,1666,1669,1670,1641,1664,1667,1639,1668],"merken":[],"class_list":{"0":"post-5494","1":"product","2":"type-product","3":"status-publish","4":"has-post-thumbnail","6":"product_cat-bluten-heilmittel","7":"product_tag-bluten-essenz","8":"product_tag-chakra-2-de","9":"product_tag-chakra-5-de","10":"product_tag-emotionale-heilung","11":"product_tag-empfindliche-tiere","12":"product_tag-energetischer-schutz","13":"product_tag-hohe-empfindlichkeit","14":"product_tag-kreativitat","15":"product_tag-ngd-pflege-bluten","16":"product_tag-selbstdarstellung","17":"infinite-scroll-item","18":"sales-flash-overlay","19":"woocommerce-text-align-center","20":"woocommerce-image-align-center","21":"do-quantity-buttons","23":"first","24":"instock","25":"taxable","26":"shipping-taxable","27":"purchasable","28":"product-type-simple"},"_links":{"self":[{"href":"https:\/\/www.ngdcare.nl\/de\/wp-json\/wp\/v2\/product\/5494","targetHints":{"allow":["GET"]}}],"collection":[{"href":"https:\/\/www.ngdcare.nl\/de\/wp-json\/wp\/v2\/product"}],"about":[{"href":"https:\/\/www.ngdcare.nl\/de\/wp-json\/wp\/v2\/types\/product"}],"replies":[{"embeddable":true,"href":"https:\/\/www.ngdcare.nl\/de\/wp-json\/wp\/v2\/comments?post=5494"}],"wp:featuredmedia":[{"embeddable":true,"href":"https:\/\/www.ngdcare.nl\/de\/wp-json\/wp\/v2\/media\/17442"}],"wp:attachment":[{"href":"https:\/\/www.ngdcare.nl\/de\/wp-json\/wp\/v2\/media?parent=5494"}],"wp:term":[{"taxonomy":"product_brand","embeddable":true,"href":"https:\/\/www.ngdcare.nl\/de\/wp-json\/wp\/v2\/product_brand?post=5494"},{"taxonomy":"product_cat","embeddable":true,"href":"https:\/\/www.ngdcare.nl\/de\/wp-json\/wp\/v2\/product_cat?post=5494"},{"taxonomy":"product_tag","embeddable":true,"href":"https:\/\/www.ngdcare.nl\/de\/wp-json\/wp\/v2\/product_tag?post=5494"},{"taxonomy":"merken","embeddable":true,"href":"https:\/\/www.ngdcare.nl\/de\/wp-json\/wp\/v2\/merken?post=5494"}],"curies":[{"name":"wp","href":"https:\/\/api.w.org\/{rel}","templated":true}]}}