{"id":5498,"date":"2025-09-27T23:03:29","date_gmt":"2025-09-27T21:03:29","guid":{"rendered":"https:\/\/www.ngdcare.nl\/product\/unkategorisiert\/innere-ausrichtung-essenz-chakra-1-4-und-7\/"},"modified":"2026-01-01T15:15:45","modified_gmt":"2026-01-01T14:15:45","slug":"innere-ausrichtung-essenz-chakra-1-4-und-7","status":"publish","type":"product","link":"https:\/\/www.ngdcare.nl\/de\/product\/bluten-heilmittel\/innere-ausrichtung-essenz-chakra-1-4-und-7\/","title":{"rendered":"Innere Ausrichtung Essenz \u2013 Chakra 1, 4 und 7"},"content":{"rendered":"<p><strong>Inner Alignment<\/strong> ist eine sorgf\u00e4ltig kuratierte Bl\u00fctenessenz, die auf dem 1., 4. und 7. Chakra basiert \u2013 der Achse der Verk\u00f6rperung, Liebe und des Bewusstseins. Diese Formel hilft dabei: <\/p>\n<ul>\n<li>Lande tiefer in deinem K\u00f6rper (Chakra 1),<\/li>\n<li>\u00d6ffnen des Herzens f\u00fcr liebevolle Verbundenheit (Chakra 4),<\/li>\n<li>Und um dich mit deinem h\u00f6heren Selbst und deiner Intuition zu verbinden (Chakra 7).<\/li>\n<\/ul>\n<p>Diese Kombination eignet sich besonders f\u00fcr <strong>hochsensible Menschen oder Tiere<\/strong> , die unter Gef\u00fchlen der Unsicherheit, Trauer, Einsamkeit, Reiz\u00fcberflutung oder seelischen Unausgeglichenheit leiden.<\/p>\n<p>Die Mischung enth\u00e4lt 12 sorgf\u00e4ltig ausgew\u00e4hlte Bl\u00fcten aus der Star Remede-Reihe. Sie arbeiten auf k\u00f6rperlicher, emotionaler, mentaler und spiritueller Ebene zusammen, um die innere Dreifaltigkeit wiederherzustellen. <\/p>\n<p><strong>Angaben:<\/strong><\/p>\n<ul>\n<li>\u00dcberleben statt Leben<\/li>\n<li>Nicht in der Lage zu sein, richtig in Ihrem K\u00f6rper zu &#8222;landen&#8220;<\/li>\n<li>Gef\u00fchle von Einsamkeit, Trauer oder Entfremdung<\/li>\n<li>Schwierigkeiten mit der Selbstliebe oder der Ausrichtung auf eine h\u00f6here Intuition<\/li>\n<li>Reiz\u00fcberflutung oder energetische Verletzlichkeit<\/li>\n<\/ul>\n<p><strong>Zutaten<\/strong>:<\/p>\n<ul>\n<li><strong>Maskenblume<\/strong> \u2013 zur Lockerung von Schutzmechanismen und zur Tiefenerdung<\/li>\n<li><strong>Borretsch<\/strong> \u2013 schenkt Mut, Komfort und Sanftmut<\/li>\n<li><strong>Seerose<\/strong> \u2013 verbindet den \u00c4therleib mit dem Physischen<\/li>\n<li><strong>Immortelle<\/strong> \u2013 wirkt karmisch und st\u00e4rkt die Seelenerdung<\/li>\n<li><strong>Balance<\/strong> \u2013 harmonisiert F\u00fchlen, Denken und Handeln<\/li>\n<li><strong>Tag Kuckucksblume<\/strong> \u2013 Mut, sich mit offenem Herzen zu zeigen<\/li>\n<li><strong>K\u00f6nigin der K\u00fcsten<\/strong> \u2013 \u00f6ffnet das Herz und die Krone der Liebe<\/li>\n<li><strong>Stern von Bethlehem<\/strong> \u2013 heilt tiefes Trauma und stellt die Seelenlinie wieder her<\/li>\n<li><strong>Staudenkn\u00f6terich<\/strong> \u2013 st\u00e4rkt das energetische Netz Erdkosmos \u2194<\/li>\n<li><strong>Gelbe Maiblume<\/strong> \u2013 \u00f6ffnet die Krone sanft und sauber<\/li>\n<li><strong>3-Einheit<\/strong> \u2013 verbindet K\u00f6rper, Seele und Geist in Einklang<\/li>\n<li><strong>Herb Don&#8217;t Stir Me<\/strong> \u2013 bietet energetischen Schutz bei Reiz\u00fcberflutung<\/li>\n<\/ul>\n","protected":false},"excerpt":{"rendered":"<p><span style=\"color: black;\">Diese kraftvolle Bl\u00fctenessenz verbindet das Wurzel-, Herz- und Kronenchakra. Es unterst\u00fctzt die Verk\u00f6rperung, den inneren Frieden und die spirituelle Einstimmung. F\u00fcr sensible Menschen und Tiere, die Sicherheit, Verbundenheit und Sinn suchen.  <\/span><\/p>\n","protected":false},"featured_media":12066,"comment_status":"open","ping_status":"closed","template":"","meta":[],"product_brand":[],"product_cat":[1612],"product_tag":[1637,1685,1689,1664,1686,1691,1639,1690,1688,1687],"merken":[],"class_list":{"0":"post-5498","1":"product","2":"type-product","3":"status-publish","4":"has-post-thumbnail","6":"product_cat-bluten-heilmittel","7":"product_tag-bluten-essenz","8":"product_tag-chakra-1-4-7-de","9":"product_tag-erdung","10":"product_tag-hohe-empfindlichkeit","11":"product_tag-innere-ausrichtung","12":"product_tag-kronen-chakra","13":"product_tag-ngd-pflege-bluten","14":"product_tag-offnung-des-herzens","15":"product_tag-spirituelle-verbindung","16":"product_tag-star-heilmittel","17":"infinite-scroll-item","18":"sales-flash-overlay","19":"woocommerce-text-align-center","20":"woocommerce-image-align-center","21":"do-quantity-buttons","23":"first","24":"instock","25":"taxable","26":"shipping-taxable","27":"purchasable","28":"product-type-simple"},"_links":{"self":[{"href":"https:\/\/www.ngdcare.nl\/de\/wp-json\/wp\/v2\/product\/5498","targetHints":{"allow":["GET"]}}],"collection":[{"href":"https:\/\/www.ngdcare.nl\/de\/wp-json\/wp\/v2\/product"}],"about":[{"href":"https:\/\/www.ngdcare.nl\/de\/wp-json\/wp\/v2\/types\/product"}],"replies":[{"embeddable":true,"href":"https:\/\/www.ngdcare.nl\/de\/wp-json\/wp\/v2\/comments?post=5498"}],"wp:featuredmedia":[{"embeddable":true,"href":"https:\/\/www.ngdcare.nl\/de\/wp-json\/wp\/v2\/media\/12066"}],"wp:attachment":[{"href":"https:\/\/www.ngdcare.nl\/de\/wp-json\/wp\/v2\/media?parent=5498"}],"wp:term":[{"taxonomy":"product_brand","embeddable":true,"href":"https:\/\/www.ngdcare.nl\/de\/wp-json\/wp\/v2\/product_brand?post=5498"},{"taxonomy":"product_cat","embeddable":true,"href":"https:\/\/www.ngdcare.nl\/de\/wp-json\/wp\/v2\/product_cat?post=5498"},{"taxonomy":"product_tag","embeddable":true,"href":"https:\/\/www.ngdcare.nl\/de\/wp-json\/wp\/v2\/product_tag?post=5498"},{"taxonomy":"merken","embeddable":true,"href":"https:\/\/www.ngdcare.nl\/de\/wp-json\/wp\/v2\/merken?post=5498"}],"curies":[{"name":"wp","href":"https:\/\/api.w.org\/{rel}","templated":true}]}}