{"id":6630,"date":"2025-10-01T13:11:35","date_gmt":"2025-10-01T11:11:35","guid":{"rendered":"https:\/\/www.ngdcare.nl\/product\/unkategorisiert\/herbsttee-immun-ruhig\/"},"modified":"2025-10-03T21:16:58","modified_gmt":"2025-10-03T19:16:58","slug":"herbsttee-immun-ruhig","status":"publish","type":"product","link":"https:\/\/www.ngdcare.nl\/de\/product\/anreicherung\/tee\/herbsttee-immun-ruhig\/","title":{"rendered":"Herbsttee \u2013 Immun &amp; Ruhig"},"content":{"rendered":"<p class=\"p1\">Der NGD Care <span class=\"s1\"><br \/>\n  <b>Herbsttee \u2013 Immun &amp; Calm<\/b><br \/>\n<\/span> ist eine harmonische Mischung aus w\u00e4rmenden und beruhigenden Kr\u00e4utern, die perfekt zur Energie des Herbstes passt. Diese Mischung vereint die Frische der Hagebutte mit der Weichheit von Lindenbl\u00fcten und Kamille, erg\u00e4nzt durch Holunderbl\u00fcten f\u00fcr Widerstandsf\u00e4higkeit und einen Hauch von Ingwer f\u00fcr subtile W\u00e4rme. Getrocknete Apfelst\u00fccke machen den Tee rund und sanft s\u00fc\u00df, so dass er nicht nur funktional, sondern auch k\u00f6stlich im t\u00e4glichen Trinken ist.  <\/p>\n<ul>\n<li class=\"p1\"><span class=\"s1\"><br \/>\n  <b>Synergistische Zusammensetzung<\/b><br \/>\n<\/span>: Gleichgewicht zwischen Widerstand, Atemwegen, Verdauung und Entspannung<\/li>\n<li class=\"p1\"><span class=\"s1\"><br \/>\n  <b>Weicher Geschmack<\/b><br \/>\n<\/span>: fruchtig, blumig und leicht w\u00e4rmend<\/li>\n<li class=\"p1\"><span class=\"s1\"><br \/>\n  <b>Kinder- und tierfreundlich<\/b><br \/>\n<\/span>: mild ausgew\u00e4hlte Kr\u00e4uter, auch f\u00fcr empfindliche M\u00e4gen geeignet<\/li>\n<li class=\"p1\"><span class=\"s1\"><br \/>\n  <b>Nat\u00fcrliche Saisonalit\u00e4t<\/b><br \/>\n<\/span>: unterst\u00fctzt den \u00dcbergang zu k\u00e4lteren Tagen<\/li>\n<li class=\"p1\"><span class=\"s1\"><br \/>\n  <b>T\u00e4glicher Genussmoment f\u00fcr Sie und Ihr Haustier<\/b><br \/>\n<\/span>: rein, 100% nat\u00fcrlich und koffeinfrei<\/li>\n<\/ul>\n<p>Der Herbsttee wird in einem wiederverschlie\u00dfbaren Beutel mit <span class=\"s1\"><br \/>\n  <b>50 Gramm<\/b><br \/>\n<\/span> losen Kr\u00e4utern geliefert, der f\u00fcr ca. 25-30 Tassen Tee geeignet ist<\/p>\n","protected":false},"excerpt":{"rendered":"<p class=\"p1\">Ein weicher und w\u00e4rmender Kr\u00e4utertee mit Apfel-, Hagebutten-, Holunder- und Lindenbl\u00fcten, Kamille und einem Hauch Ingwer. Speziell entwickelt, um K\u00f6rper und Geist im Herbst zu unterst\u00fctzen, mit Augenmerk auf Widerstandsf\u00e4higkeit, Atemwege und inneres Gleichgewicht. <\/p>\n","protected":false},"featured_media":17678,"comment_status":"open","ping_status":"closed","template":"","meta":[],"product_brand":[],"product_cat":[972,1606],"product_tag":[2557],"merken":[],"class_list":{"0":"post-6630","1":"product","2":"type-product","3":"status-publish","4":"has-post-thumbnail","6":"product_cat-anreicherung","7":"product_cat-tee","8":"product_tag-herbsttee-widerstandstee-krautertee-herbst-atemwegstee-kinderfreundlicher-tee-tierfreundlicher-tee-ngd-care-tee-immune-balance","9":"infinite-scroll-item","10":"sales-flash-overlay","11":"woocommerce-text-align-center","12":"woocommerce-image-align-center","13":"do-quantity-buttons","15":"first","16":"instock","17":"taxable","18":"shipping-taxable","19":"purchasable","20":"product-type-simple"},"_links":{"self":[{"href":"https:\/\/www.ngdcare.nl\/de\/wp-json\/wp\/v2\/product\/6630","targetHints":{"allow":["GET"]}}],"collection":[{"href":"https:\/\/www.ngdcare.nl\/de\/wp-json\/wp\/v2\/product"}],"about":[{"href":"https:\/\/www.ngdcare.nl\/de\/wp-json\/wp\/v2\/types\/product"}],"replies":[{"embeddable":true,"href":"https:\/\/www.ngdcare.nl\/de\/wp-json\/wp\/v2\/comments?post=6630"}],"wp:featuredmedia":[{"embeddable":true,"href":"https:\/\/www.ngdcare.nl\/de\/wp-json\/wp\/v2\/media\/17678"}],"wp:attachment":[{"href":"https:\/\/www.ngdcare.nl\/de\/wp-json\/wp\/v2\/media?parent=6630"}],"wp:term":[{"taxonomy":"product_brand","embeddable":true,"href":"https:\/\/www.ngdcare.nl\/de\/wp-json\/wp\/v2\/product_brand?post=6630"},{"taxonomy":"product_cat","embeddable":true,"href":"https:\/\/www.ngdcare.nl\/de\/wp-json\/wp\/v2\/product_cat?post=6630"},{"taxonomy":"product_tag","embeddable":true,"href":"https:\/\/www.ngdcare.nl\/de\/wp-json\/wp\/v2\/product_tag?post=6630"},{"taxonomy":"merken","embeddable":true,"href":"https:\/\/www.ngdcare.nl\/de\/wp-json\/wp\/v2\/merken?post=6630"}],"curies":[{"name":"wp","href":"https:\/\/api.w.org\/{rel}","templated":true}]}}