{"id":8783,"date":"2025-10-02T20:07:09","date_gmt":"2025-10-02T18:07:09","guid":{"rendered":"https:\/\/www.ngdcare.nl\/?post_type=product&#038;p=8783"},"modified":"2025-10-02T22:06:33","modified_gmt":"2025-10-02T20:06:33","slug":"innere-ausrichtung-essenz-chakra-1-4-und-7-kopie","status":"publish","type":"product","link":"https:\/\/www.ngdcare.nl\/de\/product\/human-health\/bluten-heilmittel-de\/innere-ausrichtung-essenz-chakra-1-4-und-7-kopie\/","title":{"rendered":"Innere Ausrichtung Essenz \u2013 Chakra 1, 4 und 7"},"content":{"rendered":"<p data-start=\"437\" data-end=\"757\"><strong data-start=\"437\" data-end=\"456\">Inner Alignment<\/strong> ist eine sorgf\u00e4ltig komponierte Bl\u00fctenessenz, die auf der Achse des <strong data-start=\"531\" data-end=\"572\">1. Chakras (Verk\u00f6rperung und Sicherheit),<\/strong> des <strong data-start=\"578\" data-end=\"614\">4. Chakras (Liebe und Verbundenheit)<\/strong> und des <strong data-start=\"622\" data-end=\"660\">7. Chakras (Bewusstheit und Intuition<\/strong>) basiert. Diese innere Dreifaltigkeit bildet die Grundlage f\u00fcr Ausgeglichenheit, Selbstliebe und spirituelle Einstimmung. <\/p>\n<p data-start=\"759\" data-end=\"1014\">Das Mittel eignet sich besonders f\u00fcr <strong data-start=\"797\" data-end=\"833\">hochsensible Menschen und Kinder<\/strong> , die Schwierigkeiten haben, fest im K\u00f6rper zu landen oder leicht \u00fcberreizt werden. Innere Ausrichtung kann auch Unterst\u00fctzung bei Gef\u00fchlen der Einsamkeit, Trauer oder Entfremdung bieten. <\/p>\n<p data-start=\"1016\" data-end=\"1103\">Durch die Kombination von 12 sorgf\u00e4ltig ausgew\u00e4hlten Bl\u00fcten hilft Inner Alignment bei:<\/p>\n<ul data-start=\"1104\" data-end=\"1276\">\n<li data-start=\"1104\" data-end=\"1166\">\n<p data-start=\"1106\" data-end=\"1166\"><strong data-start=\"1116\" data-end=\"1127\">Um tiefer zu erden<\/strong> und sich in deinem K\u00f6rper sicher zu f\u00fchlen<\/p>\n<\/li>\n<li data-start=\"1167\" data-end=\"1221\">\n<p data-start=\"1169\" data-end=\"1221\"><strong data-start=\"1173\" data-end=\"1191\">Das Herz f\u00fcr<\/strong> eine liebevolle Verbindung \u00f6ffnen<\/p>\n<\/li>\n<li data-start=\"1222\" data-end=\"1276\">\n<p data-start=\"1224\" data-end=\"1276\"><strong data-start=\"1230\" data-end=\"1262\">Verbindung mit deinem h\u00f6heren Selbst und deiner<\/strong> Intuition<\/p>\n<\/li>\n<\/ul>\n<p data-start=\"1278\" data-end=\"1401\">Diese Essenz l\u00e4dt dich ein, nicht mehr zu \u00fcberleben, sondern das Leben in vollen Z\u00fcgen zu leben \u2013 aus innerer Ruhe, Liebe und Vertrauen.<\/p>\n<p data-start=\"1403\" data-end=\"1448\"><strong data-start=\"1403\" data-end=\"1446\">Anwendung bei Erwachsenen und Kindern:<\/strong><\/p>\n<ul data-start=\"1449\" data-end=\"1676\">\n<li data-start=\"1449\" data-end=\"1490\">\n<p data-start=\"1451\" data-end=\"1490\">In Trauer, Einsamkeit oder Entfremdung<\/p>\n<\/li>\n<li data-start=\"1491\" data-end=\"1567\">\n<p data-start=\"1493\" data-end=\"1567\">F\u00fcr hochsensible Kinder, die Schwierigkeiten mit Reizen oder Sicherheit haben<\/p>\n<\/li>\n<li data-start=\"1568\" data-end=\"1611\">\n<p data-start=\"1570\" data-end=\"1611\">Wenn wir mit Selbstliebe und Verbundenheit zu k\u00e4mpfen haben<\/p>\n<\/li>\n<li data-start=\"1612\" data-end=\"1676\">\n<p data-start=\"1614\" data-end=\"1676\">Als Unterst\u00fctzung in Zeiten spirituellen oder emotionalen Ungleichgewichts<\/p>\n<\/li>\n<\/ul>\n<p data-start=\"1678\" data-end=\"1711\"><strong data-start=\"1678\" data-end=\"1709\">Enth\u00e4lt folgende Bl\u00fcten:<\/strong><\/p>\n<ul data-start=\"1712\" data-end=\"2454\">\n<li data-start=\"1712\" data-end=\"1785\">\n<p data-start=\"1714\" data-end=\"1785\"><strong data-start=\"1714\" data-end=\"1729\">Maskenblume<\/strong> \u2013 Befreiung von Schutzmechanismen, tiefe Erdung<\/p>\n<\/li>\n<li data-start=\"1786\" data-end=\"1836\">\n<p data-start=\"1788\" data-end=\"1836\"><strong data-start=\"1788\" data-end=\"1806\">Borretsch<\/strong> \u2013 Mut, Bequemlichkeit und Sanftmut<\/p>\n<\/li>\n<li data-start=\"1837\" data-end=\"1900\">\n<p data-start=\"1839\" data-end=\"1900\"><strong data-start=\"1839\" data-end=\"1853\">Seerose<\/strong> \u2013 verbindet den \u00c4therk\u00f6rper mit dem Physischen<\/p>\n<\/li>\n<li data-start=\"1901\" data-end=\"1962\">\n<p data-start=\"1903\" data-end=\"1962\"><strong data-start=\"1903\" data-end=\"1917\">Immortelle<\/strong> \u2013 karmisches Heilen, st\u00e4rkt die Seelenerdung<\/p>\n<\/li>\n<li data-start=\"1963\" data-end=\"2019\">\n<p data-start=\"1965\" data-end=\"2019\"><strong data-start=\"1965\" data-end=\"1975\">Balance<\/strong> \u2013 harmonisiert F\u00fchlen, Denken und Handeln<\/p>\n<\/li>\n<li data-start=\"2020\" data-end=\"2075\">\n<p data-start=\"2022\" data-end=\"2075\"><strong data-start=\"2022\" data-end=\"2042\">Tag Kuckucksblume<\/strong> \u2013 Mut zur \u00d6ffnung<\/p>\n<\/li>\n<li data-start=\"2076\" data-end=\"2142\">\n<p data-start=\"2078\" data-end=\"2142\"><strong data-start=\"2078\" data-end=\"2104\">K\u00f6nigin der K\u00fcsten<\/strong> \u2013 \u00f6ffnet Herz und Krone aus Liebe<\/p>\n<\/li>\n<li data-start=\"2143\" data-end=\"2216\">\n<p data-start=\"2145\" data-end=\"2216\"><strong data-start=\"2145\" data-end=\"2166\">Stern von Bethlehem<\/strong> \u2013 Heilung von tiefen Traumata, Wiederherstellung der Seelenlinie<\/p>\n<\/li>\n<li data-start=\"2217\" data-end=\"2275\">\n<p data-start=\"2219\" data-end=\"2275\"><strong data-start=\"2219\" data-end=\"2235\">Staudenkn\u00f6terich<\/strong> \u2013 st\u00e4rkt die Verbindung Erdkosmos \u2194<\/p>\n<\/li>\n<li data-start=\"2276\" data-end=\"2338\">\n<p data-start=\"2278\" data-end=\"2338\"><strong data-start=\"2278\" data-end=\"2295\">Gelbe Maiblume<\/strong> \u2013 weiches und sauberes \u00d6ffnen der Krone<\/p>\n<\/li>\n<li data-start=\"2339\" data-end=\"2390\">\n<p data-start=\"2341\" data-end=\"2390\"><strong data-start=\"2341\" data-end=\"2354\">3-Einheit<\/strong> \u2013 verbindet K\u00f6rper, Seele und Geist<\/p>\n<\/li>\n<li data-start=\"2391\" data-end=\"2454\">\n<p data-start=\"2393\" data-end=\"2454\"><strong data-start=\"2393\" data-end=\"2417\">Kruidje Roerje Me Niet<\/strong> \u2013 Schutz vor Reiz\u00fcberflutung<\/p>\n<\/li>\n<\/ul>\n","protected":false},"excerpt":{"rendered":"<p>Bl\u00fctenessenz f\u00fcr tiefe Erdung, Herz\u00f6ffnung und innere Verbundenheit. Unterst\u00fctzt Erwachsene und Kinder mit hoher Sensibilit\u00e4t, Reiz\u00fcberflutung und emotionaler Erholung. <\/p>\n","protected":false},"featured_media":5497,"comment_status":"open","ping_status":"closed","template":"","meta":{"wds_primary_product_brand":0,"wds_primary_product_cat":0,"wds_primary_merken":0},"product_brand":[],"product_cat":[4705],"product_tag":[1637,1685,1689,1664,1686,1691,1639,1690,1688,1687],"merken":[],"class_list":{"0":"post-8783","1":"product","2":"type-product","3":"status-publish","4":"has-post-thumbnail","6":"product_cat-bluten-heilmittel-de","7":"product_tag-bluten-essenz","8":"product_tag-chakra-1-4-7-de","9":"product_tag-erdung","10":"product_tag-hohe-empfindlichkeit","11":"product_tag-innere-ausrichtung","12":"product_tag-kronen-chakra","13":"product_tag-ngd-pflege-bluten","14":"product_tag-offnung-des-herzens","15":"product_tag-spirituelle-verbindung","16":"product_tag-star-heilmittel","17":"infinite-scroll-item","18":"sales-flash-overlay","19":"woocommerce-text-align-center","20":"woocommerce-image-align-center","21":"do-quantity-buttons","23":"first","24":"instock","25":"taxable","26":"shipping-taxable","27":"purchasable","28":"product-type-simple"},"_links":{"self":[{"href":"https:\/\/www.ngdcare.nl\/de\/wp-json\/wp\/v2\/product\/8783","targetHints":{"allow":["GET"]}}],"collection":[{"href":"https:\/\/www.ngdcare.nl\/de\/wp-json\/wp\/v2\/product"}],"about":[{"href":"https:\/\/www.ngdcare.nl\/de\/wp-json\/wp\/v2\/types\/product"}],"replies":[{"embeddable":true,"href":"https:\/\/www.ngdcare.nl\/de\/wp-json\/wp\/v2\/comments?post=8783"}],"wp:featuredmedia":[{"embeddable":true,"href":"https:\/\/www.ngdcare.nl\/de\/wp-json\/wp\/v2\/media\/5497"}],"wp:attachment":[{"href":"https:\/\/www.ngdcare.nl\/de\/wp-json\/wp\/v2\/media?parent=8783"}],"wp:term":[{"taxonomy":"product_brand","embeddable":true,"href":"https:\/\/www.ngdcare.nl\/de\/wp-json\/wp\/v2\/product_brand?post=8783"},{"taxonomy":"product_cat","embeddable":true,"href":"https:\/\/www.ngdcare.nl\/de\/wp-json\/wp\/v2\/product_cat?post=8783"},{"taxonomy":"product_tag","embeddable":true,"href":"https:\/\/www.ngdcare.nl\/de\/wp-json\/wp\/v2\/product_tag?post=8783"},{"taxonomy":"merken","embeddable":true,"href":"https:\/\/www.ngdcare.nl\/de\/wp-json\/wp\/v2\/merken?post=8783"}],"curies":[{"name":"wp","href":"https:\/\/api.w.org\/{rel}","templated":true}]}}