{"id":8795,"date":"2025-10-02T21:50:46","date_gmt":"2025-10-02T19:50:46","guid":{"rendered":"https:\/\/www.ngdcare.nl\/?post_type=product&#038;p=8795"},"modified":"2025-10-02T22:03:21","modified_gmt":"2025-10-02T20:03:21","slug":"bauchgefuhl-essenz-chakra-3-und-6-kopie-2","status":"publish","type":"product","link":"https:\/\/www.ngdcare.nl\/de\/product\/human-health\/bluten-heilmittel-de\/bauchgefuhl-essenz-chakra-3-und-6-kopie-2\/","title":{"rendered":"Bauchgef\u00fchl-Essenz \u2013 Chakra 3 und 6"},"content":{"rendered":"<p data-start=\"458\" data-end=\"660\"><strong data-start=\"458\" data-end=\"473\">Darmgef\u00fchl<\/strong> ist eine sorgf\u00e4ltig komponierte Bl\u00fctenessenz, die das <strong data-start=\"529\" data-end=\"591\">dritte Chakra (pers\u00f6nliche St\u00e4rke, Entscheidungsfreude und Richtung)<\/strong> und das <strong data-start=\"599\" data-end=\"637\">sechste Chakra (Intuition und Einsicht<\/strong> ) verbindet.<\/p>\n<p data-start=\"662\" data-end=\"1040\">Dieses Mittel ist f\u00fcr Menschen gedacht, die Schwierigkeiten haben, Entscheidungen zu treffen, unsicher sind oder zu sehr \u201cim Kopf&#8220; sind. Das dritte Chakra steht f\u00fcr Willenskraft und Richtung, w\u00e4hrend das sechste Chakra mit intuitiver Wahrnehmung und innerem Wissen verbunden ist. Wenn diese Zentren aus dem Gleichgewicht geraten, kann dies zu Verwirrung, Unentschlossenheit oder \u00fcberm\u00e4\u00dfiger Kontrolle f\u00fchren.  <\/p>\n<p data-start=\"1042\" data-end=\"1187\">Das Bauchgef\u00fchl hilft dabei, Denken, F\u00fchlen und Handeln miteinander in Einklang zu bringen \u2013 so dass Entscheidungen aus einem reinen inneren Kompass heraus getroffen werden k\u00f6nnen.<\/p>\n<p data-start=\"1189\" data-end=\"1477\"><strong data-start=\"1189\" data-end=\"1206\">F\u00fcr Kinder<\/strong><br data-start=\"1206\" data-end=\"1209\">Kinder, die empfindlich auf Reize reagieren oder Schwierigkeiten mit dem Selbstvertrauen haben, k\u00f6nnen von diesem Mittel profitieren. Es hilft ihnen, ihren eigenen Gef\u00fchlen besser zu vertrauen, sich weniger von Angst oder Versagens\u00e4ngsten leiten zu lassen und spielerisch ihrer Intuition zu folgen. <\/p>\n<p data-start=\"1479\" data-end=\"1524\"><strong data-start=\"1479\" data-end=\"1522\">Anwendung bei Erwachsenen und Kindern:<\/strong><\/p>\n<ul data-start=\"1525\" data-end=\"1732\">\n<li data-start=\"1525\" data-end=\"1551\">\n<p data-start=\"1527\" data-end=\"1551\">Bei Stress und Sorgen<\/p>\n<\/li>\n<li data-start=\"1552\" data-end=\"1589\">\n<p data-start=\"1554\" data-end=\"1589\">Bei Angst vor Versagen oder Unentschlossenheit<\/p>\n<\/li>\n<li data-start=\"1590\" data-end=\"1637\">\n<p data-start=\"1592\" data-end=\"1637\">Bei Blockaden im Selbstvertrauen oder in der Intuition<\/p>\n<\/li>\n<li data-start=\"1638\" data-end=\"1680\">\n<p data-start=\"1640\" data-end=\"1680\">Bei Reiz\u00fcberflutung und hoher Empfindlichkeit<\/p>\n<\/li>\n<li data-start=\"1681\" data-end=\"1732\">\n<p data-start=\"1683\" data-end=\"1732\">Als Unterst\u00fctzung bei Burnout und emotionaler Ersch\u00f6pfung<\/p>\n<\/li>\n<\/ul>\n<p data-start=\"1734\" data-end=\"1767\"><strong data-start=\"1734\" data-end=\"1765\">Enth\u00e4lt folgende Bl\u00fcten:<\/strong><\/p>\n<ul data-start=\"1768\" data-end=\"2441\">\n<li data-start=\"1768\" data-end=\"1816\">\n<p data-start=\"1770\" data-end=\"1816\"><strong data-start=\"1770\" data-end=\"1783\">Bleikraut<\/strong> \u2013 intuitives Handeln und Lenken<\/p>\n<\/li>\n<li data-start=\"1817\" data-end=\"1864\">\n<p data-start=\"1819\" data-end=\"1864\"><strong data-start=\"1819\" data-end=\"1835\">Kuhpetersilie<\/strong> \u2013 entspannter Selbstausdruck<\/p>\n<\/li>\n<li data-start=\"1865\" data-end=\"1939\">\n<p data-start=\"1867\" data-end=\"1939\"><strong data-start=\"1867\" data-end=\"1884\">Schmetterlingsstrauch<\/strong> \u2013 innere St\u00e4rke, Befreiung von alten Glaubenss\u00e4tzen<\/p>\n<\/li>\n<li data-start=\"1940\" data-end=\"1995\">\n<p data-start=\"1942\" data-end=\"1995\"><strong data-start=\"1942\" data-end=\"1957\">Wilder Apfel<\/strong> \u2013 Reinigung des einschr\u00e4nkenden Selbstbildes<\/p>\n<\/li>\n<li data-start=\"1996\" data-end=\"2060\">\n<p data-start=\"1998\" data-end=\"2060\"><strong data-start=\"1998\" data-end=\"2019\">Stern von Bethlehem<\/strong> \u2013 Genesung nach Schock, Trauma oder Burnout<\/p>\n<\/li>\n<li data-start=\"2061\" data-end=\"2110\">\n<p data-start=\"2063\" data-end=\"2110\"><strong data-start=\"2063\" data-end=\"2078\">Sumpfdotterblume<\/strong> \u2013 Aktivierung des dritten Auges<\/p>\n<\/li>\n<li data-start=\"2111\" data-end=\"2163\">\n<p data-start=\"2113\" data-end=\"2163\"><strong data-start=\"2113\" data-end=\"2125\">Das Kind<\/strong> \u2013 Vertrauen Sie auf intuitive Impulse<\/p>\n<\/li>\n<li data-start=\"2164\" data-end=\"2214\">\n<p data-start=\"2166\" data-end=\"2214\"><strong data-start=\"2166\" data-end=\"2176\">Ismene<\/strong> \u2013 Sensibilit\u00e4t, inneres Wissen<\/p>\n<\/li>\n<li data-start=\"2215\" data-end=\"2264\">\n<p data-start=\"2217\" data-end=\"2264\"><strong data-start=\"2217\" data-end=\"2230\">Hortensie<\/strong> \u2013 Balance zwischen Kopf und Gef\u00fchl<\/p>\n<\/li>\n<li data-start=\"2265\" data-end=\"2325\">\n<p data-start=\"2267\" data-end=\"2325\"><strong data-start=\"2267\" data-end=\"2281\">Immortelle<\/strong> \u2013 Seelenged\u00e4chtnis, spirituelle Vertiefung<\/p>\n<\/li>\n<li data-start=\"2326\" data-end=\"2377\">\n<p data-start=\"2328\" data-end=\"2377\"><strong data-start=\"2328\" data-end=\"2338\">Gleichgewicht<\/strong> \u2013 harmonisiert Willen, Denken und F\u00fchlen<\/p>\n<\/li>\n<li data-start=\"2378\" data-end=\"2441\">\n<p data-start=\"2380\" data-end=\"2441\"><strong data-start=\"2380\" data-end=\"2404\">Kruidje Roerje Me Niet<\/strong> \u2013 Schutz vor Reiz\u00fcberflutung<\/p>\n<\/li>\n<\/ul>\n","protected":false},"excerpt":{"rendered":"<p>Bl\u00fctenessenz, die pers\u00f6nliche Kraft und Intuition in Einklang bringt. Unterst\u00fctzt Erwachsene und Kinder bei Stress, Unentschlossenheit und Reiz\u00fcberflutung. <\/p>\n","protected":false},"featured_media":5501,"comment_status":"open","ping_status":"closed","template":"","meta":{"wds_primary_product_brand":0,"wds_primary_product_cat":0,"wds_primary_merken":0},"product_brand":[],"product_cat":[4705],"product_tag":[1711,1707,1708,1710,1713,1714,1712,1706,1715,1709,1687],"merken":[],"class_list":{"0":"post-8795","1":"product","2":"type-product","3":"status-publish","4":"has-post-thumbnail","6":"product_cat-bluten-heilmittel-de","7":"product_tag-blutenessenz-selbstvertrauen","8":"product_tag-chakra-3-de","9":"product_tag-chakra-6-de","10":"product_tag-drittes-auge","11":"product_tag-geistliche-unterstutzung","12":"product_tag-innere-starke","13":"product_tag-intuition-aufbluhen-lassen","14":"product_tag-ngd-pflege","15":"product_tag-reizuberflutung","16":"product_tag-solarlicht","17":"product_tag-star-heilmittel","18":"infinite-scroll-item","19":"sales-flash-overlay","20":"woocommerce-text-align-center","21":"woocommerce-image-align-center","22":"do-quantity-buttons","24":"first","25":"instock","26":"taxable","27":"shipping-taxable","28":"purchasable","29":"product-type-simple"},"_links":{"self":[{"href":"https:\/\/www.ngdcare.nl\/de\/wp-json\/wp\/v2\/product\/8795","targetHints":{"allow":["GET"]}}],"collection":[{"href":"https:\/\/www.ngdcare.nl\/de\/wp-json\/wp\/v2\/product"}],"about":[{"href":"https:\/\/www.ngdcare.nl\/de\/wp-json\/wp\/v2\/types\/product"}],"replies":[{"embeddable":true,"href":"https:\/\/www.ngdcare.nl\/de\/wp-json\/wp\/v2\/comments?post=8795"}],"wp:featuredmedia":[{"embeddable":true,"href":"https:\/\/www.ngdcare.nl\/de\/wp-json\/wp\/v2\/media\/5501"}],"wp:attachment":[{"href":"https:\/\/www.ngdcare.nl\/de\/wp-json\/wp\/v2\/media?parent=8795"}],"wp:term":[{"taxonomy":"product_brand","embeddable":true,"href":"https:\/\/www.ngdcare.nl\/de\/wp-json\/wp\/v2\/product_brand?post=8795"},{"taxonomy":"product_cat","embeddable":true,"href":"https:\/\/www.ngdcare.nl\/de\/wp-json\/wp\/v2\/product_cat?post=8795"},{"taxonomy":"product_tag","embeddable":true,"href":"https:\/\/www.ngdcare.nl\/de\/wp-json\/wp\/v2\/product_tag?post=8795"},{"taxonomy":"merken","embeddable":true,"href":"https:\/\/www.ngdcare.nl\/de\/wp-json\/wp\/v2\/merken?post=8795"}],"curies":[{"name":"wp","href":"https:\/\/api.w.org\/{rel}","templated":true}]}}