{"id":8806,"date":"2025-10-02T22:06:35","date_gmt":"2025-10-02T20:06:35","guid":{"rendered":"https:\/\/www.ngdcare.nl\/?post_type=product&#038;p=8806"},"modified":"2025-10-02T22:14:46","modified_gmt":"2025-10-02T20:14:46","slug":"ausdrucksessenz-chakra-2-und-5-kopie","status":"publish","type":"product","link":"https:\/\/www.ngdcare.nl\/de\/product\/bluten-heilmittel-de\/ausdrucksessenz-chakra-2-und-5-kopie\/","title":{"rendered":"Ausdrucksessenz \u2013 Chakra 2 und 5"},"content":{"rendered":"<p data-start=\"507\" data-end=\"767\"><strong data-start=\"507\" data-end=\"536\">Ausdruck \u2013 Chakra 2 &amp; 5<\/strong> ist eine sorgf\u00e4ltig komponierte Bl\u00fctenessenz, die die Verbindung zwischen dem <strong data-start=\"625\" data-end=\"696\">zweiten Chakra (sakral \u2013 Lebensenergie, Kreativit\u00e4t, Sinnlichkeit)<\/strong> und dem <strong data-start=\"704\" data-end=\"764\">f\u00fcnften Chakra (Kehle \u2013 Kommunikation, Ausdruck, Wahrheit) unterst\u00fctzt.<\/strong><\/p>\n<p data-start=\"769\" data-end=\"1072\">Diese Kombination hilft dir, dich mit deinem inneren Flow, deiner kreativen Energie und deiner F\u00e4higkeit, dich sanft und authentisch auszudr\u00fccken, zu verbinden. Viele Menschen erleben Blockaden auf dieser Achse: Schwierigkeiten, Gef\u00fchle auszudr\u00fccken, kreative Stagnation, Angst, sichtbar zu sein, oder \u00fcberm\u00e4\u00dfige emotionale Sensibilit\u00e4t. <\/p>\n<p data-start=\"1074\" data-end=\"1204\">Ausdruck bringt Erweichung, Schutz und Raum, damit Gef\u00fchle und Worte wieder ins Gleichgewicht kommen mit dem, was du wirklich bist.<\/p>\n<p data-start=\"1206\" data-end=\"1451\"><strong data-start=\"1206\" data-end=\"1223\">F\u00fcr Kinder<\/strong><br data-start=\"1223\" data-end=\"1226\">Kinder, die Schwierigkeiten haben, sich auszudr\u00fccken oder oft Emotionen blockieren, k\u00f6nnen von diesem Mittel profitieren. Es hilft ihnen, leiser zu kommunizieren, spielerisch kreativ zu sein und ihre Emotionen auf sichere Weise zu zeigen. <\/p>\n<p data-start=\"1453\" data-end=\"1498\"><strong data-start=\"1453\" data-end=\"1496\">Anwendung bei Erwachsenen und Kindern:<\/strong><\/p>\n<ul data-start=\"1499\" data-end=\"1845\">\n<li data-start=\"1499\" data-end=\"1562\">\n<p data-start=\"1501\" data-end=\"1562\">Bei emotionalen Blockaden wie Trauer, Scham oder Schuld<\/p>\n<\/li>\n<li data-start=\"1563\" data-end=\"1611\">\n<p data-start=\"1565\" data-end=\"1611\">Wenn es schwierig ist, sich auszudr\u00fccken oder zu kommunizieren<\/p>\n<\/li>\n<li data-start=\"1612\" data-end=\"1665\">\n<p data-start=\"1614\" data-end=\"1665\">Bei kreativer Stagnation oder Beziehungsspannungen<\/p>\n<\/li>\n<li data-start=\"1666\" data-end=\"1730\">\n<p data-start=\"1668\" data-end=\"1730\">Bei hoher Empfindlichkeit oder Empfindlichkeit gegen\u00fcber Reizen im Rachen-\/Sprachbereich<\/p>\n<\/li>\n<li data-start=\"1731\" data-end=\"1792\">\n<p data-start=\"1733\" data-end=\"1792\">Unterst\u00fctzung bei hormonellem Ungleichgewicht oder Halsbeschwerden<\/p>\n<\/li>\n<li data-start=\"1793\" data-end=\"1845\">\n<p data-start=\"1795\" data-end=\"1845\">In Zeiten des \u00dcbergangs oder kreativer Prozesse<\/p>\n<\/li>\n<\/ul>\n<p data-start=\"1847\" data-end=\"1880\"><strong data-start=\"1847\" data-end=\"1878\">Enth\u00e4lt folgende Bl\u00fcten:<\/strong><\/p>\n<ul data-start=\"1881\" data-end=\"2529\">\n<li data-start=\"1881\" data-end=\"1943\">\n<p data-start=\"1883\" data-end=\"1943\"><strong data-start=\"1883\" data-end=\"1896\">Vergebung<\/strong> \u2013 Loslassen, \u00f6ffnet das Herz und die emotionale Einbettung<\/p>\n<\/li>\n<li data-start=\"1944\" data-end=\"2004\">\n<p data-start=\"1946\" data-end=\"2004\"><strong data-start=\"1946\" data-end=\"1962\">Kuhpetersilie<\/strong> \u2013 Verspieltheit, Kreativit\u00e4t und Leichtigkeit<\/p>\n<\/li>\n<li data-start=\"2005\" data-end=\"2067\">\n<p data-start=\"2007\" data-end=\"2067\"><strong data-start=\"2007\" data-end=\"2023\">Korallenkaktus<\/strong> \u2013 weicher weiblicher Fluss, Sinnlichkeit<\/p>\n<\/li>\n<li data-start=\"2068\" data-end=\"2122\">\n<p data-start=\"2070\" data-end=\"2122\"><strong data-start=\"2070\" data-end=\"2090\">Tag Kuckucksblume<\/strong> \u2013 trauen Sie sich, Sie selbst zu sein und sich auszudr\u00fccken<\/p>\n<\/li>\n<li data-start=\"2123\" data-end=\"2179\">\n<p data-start=\"2125\" data-end=\"2179\"><strong data-start=\"2125\" data-end=\"2146\">Stern von Bethlehem<\/strong> \u2013 Heilung von emotionalen Traumata<\/p>\n<\/li>\n<li data-start=\"2180\" data-end=\"2235\">\n<p data-start=\"2182\" data-end=\"2235\"><strong data-start=\"2182\" data-end=\"2202\">Indische Mandel<\/strong> \u2013 Schutz vor Empfindlichkeit<\/p>\n<\/li>\n<li data-start=\"2236\" data-end=\"2292\">\n<p data-start=\"2238\" data-end=\"2292\"><strong data-start=\"2238\" data-end=\"2255\">Love &amp; Hope<\/strong> \u2013 Erweichung und innere St\u00e4rke<\/p>\n<\/li>\n<li data-start=\"2293\" data-end=\"2342\">\n<p data-start=\"2295\" data-end=\"2342\"><strong data-start=\"2295\" data-end=\"2303\">Rose<\/strong> \u2013 weiche Herzenergie in der Kommunikation<\/p>\n<\/li>\n<li data-start=\"2343\" data-end=\"2396\">\n<p data-start=\"2345\" data-end=\"2396\"><strong data-start=\"2345\" data-end=\"2358\">3-Einheit<\/strong> \u2013 Ausrichtung von K\u00f6rper, Seele und Geist<\/p>\n<\/li>\n<li data-start=\"2397\" data-end=\"2465\">\n<p data-start=\"2399\" data-end=\"2465\"><strong data-start=\"2399\" data-end=\"2416\">Schmetterlingsstrauch<\/strong> \u2013 Verwandlung und Selbstbewusstsein im Ausdruck<\/p>\n<\/li>\n<li data-start=\"2466\" data-end=\"2529\">\n<p data-start=\"2468\" data-end=\"2529\"><strong data-start=\"2468\" data-end=\"2480\">T\u00fcrkis<\/strong> \u2013 st\u00e4rkt die Verbindung zwischen Gef\u00fchl und Ausdruck<\/p>\n<\/li>\n<\/ul>\n","protected":false},"excerpt":{"rendered":"<p>Bl\u00fctenessenz, die Kreativit\u00e4t und Selbstausdruck unterst\u00fctzt. F\u00fcr Erwachsene und Kinder mit emotionalen Blockaden, hoher Sensibilit\u00e4t und Kommunikationsproblemen. <\/p>\n","protected":false},"featured_media":5493,"comment_status":"open","ping_status":"closed","template":"","meta":[],"product_brand":[],"product_cat":[4705],"product_tag":[1637,1665,1666,1669,1670,1641,1664,1667,1639,1668],"merken":[],"class_list":{"0":"post-8806","1":"product","2":"type-product","3":"status-publish","4":"has-post-thumbnail","6":"product_cat-bluten-heilmittel-de","7":"product_tag-bluten-essenz","8":"product_tag-chakra-2-de","9":"product_tag-chakra-5-de","10":"product_tag-emotionale-heilung","11":"product_tag-empfindliche-tiere","12":"product_tag-energetischer-schutz","13":"product_tag-hohe-empfindlichkeit","14":"product_tag-kreativitat","15":"product_tag-ngd-pflege-bluten","16":"product_tag-selbstdarstellung","17":"infinite-scroll-item","18":"sales-flash-overlay","19":"woocommerce-text-align-center","20":"woocommerce-image-align-center","21":"do-quantity-buttons","23":"first","24":"instock","25":"taxable","26":"shipping-taxable","27":"purchasable","28":"product-type-simple"},"_links":{"self":[{"href":"https:\/\/www.ngdcare.nl\/de\/wp-json\/wp\/v2\/product\/8806","targetHints":{"allow":["GET"]}}],"collection":[{"href":"https:\/\/www.ngdcare.nl\/de\/wp-json\/wp\/v2\/product"}],"about":[{"href":"https:\/\/www.ngdcare.nl\/de\/wp-json\/wp\/v2\/types\/product"}],"replies":[{"embeddable":true,"href":"https:\/\/www.ngdcare.nl\/de\/wp-json\/wp\/v2\/comments?post=8806"}],"wp:featuredmedia":[{"embeddable":true,"href":"https:\/\/www.ngdcare.nl\/de\/wp-json\/wp\/v2\/media\/5493"}],"wp:attachment":[{"href":"https:\/\/www.ngdcare.nl\/de\/wp-json\/wp\/v2\/media?parent=8806"}],"wp:term":[{"taxonomy":"product_brand","embeddable":true,"href":"https:\/\/www.ngdcare.nl\/de\/wp-json\/wp\/v2\/product_brand?post=8806"},{"taxonomy":"product_cat","embeddable":true,"href":"https:\/\/www.ngdcare.nl\/de\/wp-json\/wp\/v2\/product_cat?post=8806"},{"taxonomy":"product_tag","embeddable":true,"href":"https:\/\/www.ngdcare.nl\/de\/wp-json\/wp\/v2\/product_tag?post=8806"},{"taxonomy":"merken","embeddable":true,"href":"https:\/\/www.ngdcare.nl\/de\/wp-json\/wp\/v2\/merken?post=8806"}],"curies":[{"name":"wp","href":"https:\/\/api.w.org\/{rel}","templated":true}]}}