{"id":8828,"date":"2025-10-02T22:38:44","date_gmt":"2025-10-02T20:38:44","guid":{"rendered":"https:\/\/www.ngdcare.nl\/?post_type=product&#038;p=8828"},"modified":"2025-10-02T22:47:34","modified_gmt":"2025-10-02T20:47:34","slug":"ozon-jojoba-hautbalsam-hautbalsam-kopie","status":"publish","type":"product","link":"https:\/\/www.ngdcare.nl\/de\/product\/ozon-produkte\/ozon-jojoba-hautbalsam-hautbalsam-kopie\/","title":{"rendered":"Ozon Jojoba Hautbalsam \u2013 Hautbalsam"},"content":{"rendered":"<p data-start=\"491\" data-end=\"760\"><strong data-start=\"491\" data-end=\"529\">Ozone Jojoba Skin Balm \u2013 Skin Balm<\/strong> kombiniert die pflegenden Eigenschaften von Jojoba mit der Kraft des Ozons. Durch den nat\u00fcrlichen Wachscharakter des Jojobas entsteht durch die st\u00e4rkere Ozonung ein halbfester Balsam, der eine d\u00fcnne, halbokklusive Schicht auf der Haut bildet. <\/p>\n<p data-start=\"762\" data-end=\"1003\">Diese Schicht unterst\u00fctzt die nat\u00fcrliche Hautbarriere, h\u00e4lt die Haut geschmeidig und sorgt daf\u00fcr, dass der Balsam lange an Ort und Stelle wirkt. Der Balsam ist <strong data-start=\"902\" data-end=\"920\">nicht klebrig<\/strong>, v\u00f6llig <strong data-start=\"931\" data-end=\"945\">parf\u00fcmfrei<\/strong> und daher f\u00fcr die empfindlichsten Hauttypen geeignet. <\/p>\n<p data-start=\"1005\" data-end=\"1262\">Der Skin Balm eignet sich besonders f\u00fcr die Pflege von lokalen, trockenen oder rauen Hautpartien, wie Ellbogen, Fersen, Lippen oder Hautfalten. Es kann auch als zus\u00e4tzliche Pflege f\u00fcr empfindliche Haut verwendet werden, die zus\u00e4tzlichen Schutz und Ausgeglichenheit ben\u00f6tigt. <\/p>\n<p data-start=\"1264\" data-end=\"1281\"><strong data-start=\"1264\" data-end=\"1279\">Anwendung:<\/strong><\/p>\n<ul data-start=\"1282\" data-end=\"1538\">\n<li data-start=\"1282\" data-end=\"1361\">\n<p data-start=\"1284\" data-end=\"1361\">F\u00fcr lokale, trockene oder raue Stellen (Ellbogen, Fersen, Lippen, Hautfalten)<\/p>\n<\/li>\n<li data-start=\"1362\" data-end=\"1420\">\n<p data-start=\"1364\" data-end=\"1420\">Zur Unterst\u00fctzung der Hautbarriere bei Empfindlichkeit<\/p>\n<\/li>\n<li data-start=\"1421\" data-end=\"1474\">\n<p data-start=\"1423\" data-end=\"1474\">Sch\u00fctzend bei kaltem oder trockenem Wetter<\/p>\n<\/li>\n<li data-start=\"1475\" data-end=\"1538\">\n<p data-start=\"1477\" data-end=\"1538\">Geeignet f\u00fcr den t\u00e4glichen Gebrauch bei Erwachsenen und Kindern<\/p>\n<\/li>\n<\/ul>\n","protected":false},"excerpt":{"rendered":"<p data-start=\"325\" data-end=\"448\">Nat\u00fcrlicher Hautbalsam auf Basis von ozonisiertem Jojoba\u00f6l. Sch\u00fctzt, pflegt und befeuchtet trockene oder raue Hautpartien. <\/p>\n<p data-start=\"6720\" data-end=\"7093\">\n","protected":false},"featured_media":5432,"comment_status":"open","ping_status":"closed","template":"","meta":[],"product_brand":[],"product_cat":[4719],"product_tag":[4721,1469,1493],"merken":[],"class_list":{"0":"post-8828","1":"product","2":"type-product","3":"status-publish","4":"has-post-thumbnail","6":"product_cat-ozon-produkte","7":"product_tag-hautbalsam","8":"product_tag-ohne-duftstoffe","9":"product_tag-ozonisiertes-jojoba","10":"infinite-scroll-item","11":"sales-flash-overlay","12":"woocommerce-text-align-center","13":"woocommerce-image-align-center","14":"do-quantity-buttons","16":"first","17":"instock","18":"taxable","19":"shipping-taxable","20":"purchasable","21":"product-type-simple"},"_links":{"self":[{"href":"https:\/\/www.ngdcare.nl\/de\/wp-json\/wp\/v2\/product\/8828","targetHints":{"allow":["GET"]}}],"collection":[{"href":"https:\/\/www.ngdcare.nl\/de\/wp-json\/wp\/v2\/product"}],"about":[{"href":"https:\/\/www.ngdcare.nl\/de\/wp-json\/wp\/v2\/types\/product"}],"replies":[{"embeddable":true,"href":"https:\/\/www.ngdcare.nl\/de\/wp-json\/wp\/v2\/comments?post=8828"}],"wp:featuredmedia":[{"embeddable":true,"href":"https:\/\/www.ngdcare.nl\/de\/wp-json\/wp\/v2\/media\/5432"}],"wp:attachment":[{"href":"https:\/\/www.ngdcare.nl\/de\/wp-json\/wp\/v2\/media?parent=8828"}],"wp:term":[{"taxonomy":"product_brand","embeddable":true,"href":"https:\/\/www.ngdcare.nl\/de\/wp-json\/wp\/v2\/product_brand?post=8828"},{"taxonomy":"product_cat","embeddable":true,"href":"https:\/\/www.ngdcare.nl\/de\/wp-json\/wp\/v2\/product_cat?post=8828"},{"taxonomy":"product_tag","embeddable":true,"href":"https:\/\/www.ngdcare.nl\/de\/wp-json\/wp\/v2\/product_tag?post=8828"},{"taxonomy":"merken","embeddable":true,"href":"https:\/\/www.ngdcare.nl\/de\/wp-json\/wp\/v2\/merken?post=8828"}],"curies":[{"name":"wp","href":"https:\/\/api.w.org\/{rel}","templated":true}]}}