{"id":9037,"date":"2025-10-04T14:11:38","date_gmt":"2025-10-04T12:11:38","guid":{"rendered":"https:\/\/www.ngdcare.nl\/?post_type=product&#038;p=9037"},"modified":"2025-10-04T14:20:48","modified_gmt":"2025-10-04T12:20:48","slug":"grunkohl-kopie","status":"publish","type":"product","link":"https:\/\/www.ngdcare.nl\/de\/product\/human-health\/superfoods-tee\/superfoods-de\/grunkohl-kopie\/","title":{"rendered":"Gr\u00fcnkohl"},"content":{"rendered":"<p data-start=\"508\" data-end=\"673\"><strong data-start=\"508\" data-end=\"537\">NGD Care Gr\u00fcnkohlpulver<\/strong> ist ein 100% reines Bio-Pulver, das aus getrockneten Gr\u00fcnkohlbl\u00e4ttern hergestellt wird \u2013 eines der vollst\u00e4ndigsten pflanzlichen Superfoods der Welt.<\/p>\n<p data-start=\"675\" data-end=\"1037\">Gr\u00fcnkohl ist von Natur aus reich an <strong data-start=\"709\" data-end=\"757\">den Vitaminen A, C, K und dem gesamten B-Komplex<\/strong> und enth\u00e4lt wichtige <strong data-start=\"780\" data-end=\"793\">Mineralien<\/strong> wie Kalzium, Magnesium, Kalium, Eisen und Mangan. Dar\u00fcber hinaus ist es besonders reich an <strong data-start=\"882\" data-end=\"912\">Chlorophyll und Antioxidantien<\/strong>, die zum Schutz der Zellen vor oxidativem Stress beitragen und nat\u00fcrliche Entgiftungsprozesse unterst\u00fctzen. <\/p>\n<p data-start=\"1039\" data-end=\"1279\">Dank seines milden, leicht erdigen Geschmacks und der hohen N\u00e4hrstoffdichte ist dieses Pulver eine perfekte Erg\u00e4nzung zur t\u00e4glichen Ern\u00e4hrung. Verwenden Sie es in Smoothies, S\u00e4ften, Suppen oder Salaten als nat\u00fcrliche Quelle f\u00fcr Energie, Widerstandskraft und Vitalit\u00e4t. <\/p>\n<p data-start=\"1281\" data-end=\"1301\"><strong data-start=\"1281\" data-end=\"1299\">Eigenschaften:<\/strong><\/p>\n<ul>\n<li data-start=\"1304\" data-end=\"1356\">100% biologisch, ohne Zusatzstoffe oder F\u00fcllstoffe<\/li>\n<li data-start=\"1359\" data-end=\"1407\">Reich an Vitaminen, Mineralien und Antioxidantien<\/li>\n<li data-start=\"1410\" data-end=\"1456\">Unterst\u00fctzt die Vitalit\u00e4t und das nat\u00fcrliche Gleichgewicht<\/li>\n<li data-start=\"1459\" data-end=\"1507\">Neutraler Geschmack \u2013 ideal f\u00fcr den Alltag<\/li>\n<li data-start=\"1510\" data-end=\"1551\">Geeignet f\u00fcr Vegetarier und Veganer<\/li>\n<\/ul>\n","protected":false},"excerpt":{"rendered":"<p data-start=\"316\" data-end=\"465\">100% reines Bio-Gr\u00fcnkohlpulver. Reich an Vitaminen, Mineralien, Chlorophyll und Antioxidantien. F\u00fcr nat\u00fcrliche Vitalit\u00e4t und t\u00e4gliche Balance.  <\/p>\n","protected":false},"featured_media":11305,"comment_status":"open","ping_status":"closed","template":"","meta":{"wds_primary_product_brand":0,"wds_primary_product_cat":0,"wds_primary_merken":0},"product_brand":[],"product_cat":[4769],"product_tag":[],"merken":[],"class_list":{"0":"post-9037","1":"product","2":"type-product","3":"status-publish","4":"has-post-thumbnail","6":"product_cat-superfoods-de","7":"infinite-scroll-item","8":"sales-flash-overlay","9":"woocommerce-text-align-center","10":"woocommerce-image-align-center","11":"do-quantity-buttons","13":"first","14":"instock","15":"taxable","16":"shipping-taxable","17":"purchasable","18":"product-type-simple"},"_links":{"self":[{"href":"https:\/\/www.ngdcare.nl\/de\/wp-json\/wp\/v2\/product\/9037","targetHints":{"allow":["GET"]}}],"collection":[{"href":"https:\/\/www.ngdcare.nl\/de\/wp-json\/wp\/v2\/product"}],"about":[{"href":"https:\/\/www.ngdcare.nl\/de\/wp-json\/wp\/v2\/types\/product"}],"replies":[{"embeddable":true,"href":"https:\/\/www.ngdcare.nl\/de\/wp-json\/wp\/v2\/comments?post=9037"}],"wp:featuredmedia":[{"embeddable":true,"href":"https:\/\/www.ngdcare.nl\/de\/wp-json\/wp\/v2\/media\/11305"}],"wp:attachment":[{"href":"https:\/\/www.ngdcare.nl\/de\/wp-json\/wp\/v2\/media?parent=9037"}],"wp:term":[{"taxonomy":"product_brand","embeddable":true,"href":"https:\/\/www.ngdcare.nl\/de\/wp-json\/wp\/v2\/product_brand?post=9037"},{"taxonomy":"product_cat","embeddable":true,"href":"https:\/\/www.ngdcare.nl\/de\/wp-json\/wp\/v2\/product_cat?post=9037"},{"taxonomy":"product_tag","embeddable":true,"href":"https:\/\/www.ngdcare.nl\/de\/wp-json\/wp\/v2\/product_tag?post=9037"},{"taxonomy":"merken","embeddable":true,"href":"https:\/\/www.ngdcare.nl\/de\/wp-json\/wp\/v2\/merken?post=9037"}],"curies":[{"name":"wp","href":"https:\/\/api.w.org\/{rel}","templated":true}]}}